{"id":8350,"date":"2013-05-31T11:56:39","date_gmt":"2013-05-31T08:56:39","guid":{"rendered":"https:\/\/aion-pro.com\/contact-us\/"},"modified":"2023-10-26T12:55:37","modified_gmt":"2023-10-26T09:55:37","slug":"iletisim","status":"publish","type":"page","link":"https:\/\/aion-pro.com\/tr\/iletisim\/","title":{"rendered":"\u0130LET\u0130\u015e\u0130M"},"content":{"rendered":"<section class=\"l-section wpb_row height_custom\"><div class=\"l-section-h i-cf\"><div class=\"g-cols vc_row via_grid cols_1 laptops-cols_inherit tablets-cols_inherit mobiles-cols_1 valign_top type_default stacking_default\" style=\"--columns-gap:calc(3rem + 10px);\"><div class=\"wpb_column vc_column_container\"><div class=\"vc_column-inner\"><div class=\"wpb_text_column\"><div class=\"wpb_wrapper\"><h2>\u0130LET\u0130\u015e\u0130M<\/h2>\n<\/div><\/div><div class=\"w-separator size_small\"><\/div><form class=\"w-form  us-field-style_1 layout_ver for_cform us_form_1\" autocomplete=\"off\" action=\"https:\/\/aion-pro.com\/tr\/wp-json\/wp\/v2\/pages\/8350\" method=\"post\"><div class=\"w-form-h\"><div class=\"w-form-row for_text required cols_2\">\r\n\t\t<div class=\"w-form-row-field\">\r\n\t\t\t\t\t\t<input aria-label=\"Ad\u0131n\u0131z\" type=\"text\" name=\"us_form_1_text_1\" value placeholder=\"Ad\u0131n\u0131z *\" data-required=\"true\" aria-required=\"true\"\/>\r\n\t\t\t<\/div>\r\n\t\t<div class=\"w-form-row-state\">Fill out this field<\/div>\r\n<\/div>\r\n<div class=\"w-form-row for_text required cols_2\">\r\n\t\t<div class=\"w-form-row-field\">\r\n\t\t\t\t\t\t<input aria-label=\"Soyad\u0131n\u0131z\" type=\"text\" name=\"us_form_1_text_2\" value placeholder=\"Soyad\u0131n\u0131z *\" data-required=\"true\" aria-required=\"true\"\/>\r\n\t\t\t<\/div>\r\n\t\t<div class=\"w-form-row-state\">Fill out this field<\/div>\r\n<\/div>\r\n<div class=\"w-form-row for_email required cols_2\">\r\n\t\t<div class=\"w-form-row-field\">\r\n\t\t\t\t\t\t<input aria-label=\"E-Posta\" type=\"email\" name=\"us_form_1_email_1\" value placeholder=\"E-Posta *\" data-required=\"true\" aria-required=\"true\"\/>\r\n\t\t\t<\/div>\r\n\t\t<div class=\"w-form-row-state\">L\u00fctfen ge\u00e7erli bir e-posta adresi yaz\u0131n.<\/div>\r\n<\/div>\r\n<div class=\"w-form-row for_text required cols_2\">\r\n\t\t<div class=\"w-form-row-field\">\r\n\t\t\t\t\t\t<input aria-label=\"Konu\" type=\"text\" name=\"us_form_1_text_3\" value placeholder=\"Konu *\" data-required=\"true\" aria-required=\"true\"\/>\r\n\t\t\t<\/div>\r\n\t\t<div class=\"w-form-row-state\">Fill out this field<\/div>\r\n<\/div>\r\n<div class=\"w-form-row for_textarea required\">\r\n\t\t<div class=\"w-form-row-field\">\r\n\t\t\t\t\t\t<textarea aria-label=\"Mesaj\u0131n\u0131z\" name=\"us_form_1_textarea_1\" placeholder=\"Mesaj\u0131n\u0131z *\" data-required=\"true\" aria-required=\"true\"><\/textarea>\r\n\t\t\t<\/div>\r\n\t\t<div class=\"w-form-row-state\">Fill out this field<\/div>\r\n<\/div>\r\n<div class=\"w-form-row for_agreement required\">\r\n\t\t<div class=\"w-form-row-field\">\r\n\t\t\t\t<label>\r\n\t\t\t<input type=\"checkbox\" value=\"1\" data-required=\"true\" aria-required=\"true\" name=\"us_form_1_agreement_1\"\/>\r\n\t\t\t<span><a href=\"https:\/\/aion-pro.com\/tr\/kvkk-aydinlatma-metni\/\" target=\"_blank\">KVKK Ayd\u0131nlatma Metnini<\/a> Okudum ve Kabul Ediyorum.<\/span>\r\n\t\t<\/label>\r\n\t\t\t<\/div>\r\n\t\t<div class=\"w-form-row-state\">You need to agree with the terms to proceed<\/div>\r\n<\/div>\r\n<input type=\"hidden\" name=\"action\" value=\"us_ajax_cform\" \/>\r\n<input type=\"hidden\" name=\"post_id\" value=\"0\" \/>\r\n<input type=\"hidden\" name=\"form_index\" value=\"1\" \/>\r\n<div class=\"w-form-row for_submit align_center\">\r\n\t<button class=\"w-btn icon_atright us-btn-style_11\" aria-label=\"G\u00f6nder\" type=\"submit\">\r\n\t\t<span class=\"g-preloader type_1\"><\/span>\r\n\t\t\t\t<span class=\"w-btn-label\">G\u00f6nder<\/span>\r\n\t\t<i class=\"fas fa-caret-right\"><\/i>\t<\/button>\r\n\t<\/div>\r\n<\/div><div class=\"w-form-message\"><\/div><div class=\"w-form-json hidden\" onclick='return {&quot;ajaxurl&quot;:&quot;https:\\\/\\\/aion-pro.com\\\/wp-admin\\\/admin-ajax.php&quot;,&quot;messages&quot;:{&quot;err_empty&quot;:&quot;Fill out this field&quot;,&quot;err_size&quot;:&quot;File size cannot exceed %s MB&quot;,&quot;err_extension&quot;:&quot;%s file type is not allowed&quot;,&quot;err_recaptcha_keys&quot;:&quot;reCAPTCHA keys are incorrect&quot;}}'><\/div><\/form><\/div><\/div><\/div><\/div><\/section>\n","protected":false},"excerpt":{"rendered":"\u0130LET\u0130\u015e\u0130M Fill out this field Fill out this field L\u00fctfen ge\u00e7erli bir e-posta adresi yaz\u0131n. Fill out this field Fill out this field KVKK Ayd\u0131nlatma Metnini Okudum ve Kabul Ediyorum. You need to agree with the terms to proceed G\u00f6nder","protected":false},"author":1,"featured_media":0,"parent":0,"menu_order":0,"comment_status":"closed","ping_status":"closed","template":"","meta":{"_acf_changed":false,"footnotes":""},"class_list":["post-8350","page","type-page","status-publish","hentry"],"acf":[],"_links":{"self":[{"href":"https:\/\/aion-pro.com\/tr\/wp-json\/wp\/v2\/pages\/8350","targetHints":{"allow":["GET"]}}],"collection":[{"href":"https:\/\/aion-pro.com\/tr\/wp-json\/wp\/v2\/pages"}],"about":[{"href":"https:\/\/aion-pro.com\/tr\/wp-json\/wp\/v2\/types\/page"}],"author":[{"embeddable":true,"href":"https:\/\/aion-pro.com\/tr\/wp-json\/wp\/v2\/users\/1"}],"replies":[{"embeddable":true,"href":"https:\/\/aion-pro.com\/tr\/wp-json\/wp\/v2\/comments?post=8350"}],"version-history":[{"count":6,"href":"https:\/\/aion-pro.com\/tr\/wp-json\/wp\/v2\/pages\/8350\/revisions"}],"predecessor-version":[{"id":8470,"href":"https:\/\/aion-pro.com\/tr\/wp-json\/wp\/v2\/pages\/8350\/revisions\/8470"}],"wp:attachment":[{"href":"https:\/\/aion-pro.com\/tr\/wp-json\/wp\/v2\/media?parent=8350"}],"curies":[{"name":"wp","href":"https:\/\/api.w.org\/{rel}","templated":true}]}}