{"id":8355,"date":"2023-07-24T14:14:06","date_gmt":"2023-07-24T11:14:06","guid":{"rendered":"https:\/\/aion-pro.com\/tanks\/"},"modified":"2023-08-08T16:16:42","modified_gmt":"2023-08-08T13:16:42","slug":"tanklar","status":"publish","type":"page","link":"https:\/\/aion-pro.com\/tr\/tanklar\/","title":{"rendered":"TANKLAR"},"content":{"rendered":"<section class=\"l-section wpb_row height_auto type_sticky\" id=\"down\"><div class=\"l-section-overlay\" style=\"background:var(--color-content-primary)\"><\/div><div class=\"l-section-h i-cf\"><div class=\"g-cols vc_row via_grid cols_1 laptops-cols_inherit tablets-cols_inherit mobiles-cols_1 valign_top type_default stacking_default\"><div class=\"wpb_column vc_column_container\"><div class=\"vc_column-inner\"><div class=\"w-hwrapper hizmetmenu valign_middle stack_on_mobiles align_none\" style=\"--hwrapper-gap:0rem\"><div class=\"w-btn-wrapper align_none\"><a class=\"w-btn us-btn-style_12 us_custom_49f317a8\" href=\"#first\"><span class=\"w-btn-label\">\u0130\u00c7 KATOD\u0130K KORUMA<\/span><\/a><\/div><div class=\"w-btn-wrapper align_none\"><a class=\"w-btn us-btn-style_12 us_custom_49f317a8\" href=\"#second\"><span class=\"w-btn-label\">DI\u015e KATOD\u0130K KORUMA<\/span><\/a><\/div><\/div><\/div><\/div><\/div><\/div><\/section><section class=\"l-section wpb_row height_custom\" id=\"first\"><div class=\"l-section-h i-cf\"><div class=\"g-cols vc_row via_grid cols_1 laptops-cols_inherit tablets-cols_inherit mobiles-cols_1 valign_top type_default stacking_default\"><div class=\"wpb_column vc_column_container\"><div class=\"vc_column-inner\"><div class=\"wpb_text_column\"><div class=\"wpb_wrapper\"><h2>TANK \u0130\u00c7\u0130 KATOD\u0130K KORUMA<\/h2>\n<\/div><\/div><div class=\"w-separator size_small\"><\/div><div class=\"g-cols wpb_row via_grid cols_2 laptops-cols_inherit tablets-cols_inherit mobiles-cols_1 valign_top type_default stacking_default\" style=\"--columns-gap:3rem;\"><div class=\"wpb_column vc_column_container\"><div class=\"vc_column-inner\"><div class=\"wpb_text_column\"><div class=\"wpb_wrapper\"><p style=\"text-align: justify;\">Tank i\u00e7i katodik koruma sistemleri, petrol ve gaz end\u00fcstrisinde tank depolama sistemlerinin vazge\u00e7ilmez bir bile\u015fenidir. Bu sistemler, tank b\u00fct\u00fcnl\u00fc\u011f\u00fc i\u00e7in \u00f6nemli bir tehdit olan korozyona kar\u015f\u0131 koruma sa\u011flar ve s\u0131z\u0131nt\u0131lara, \u00e7evresel kirlenmeye ve maliyetli tamiratlar\u0131 engeller. Tank i\u00e7i katodik koruma sistemleri, tank\u0131n metal y\u00fczeyine bir elektrik ak\u0131m\u0131 uygulayarak korozyon h\u0131z\u0131n\u0131 azalt\u0131r ve tank\u0131n hizmet \u00f6mr\u00fcn\u00fc uzat\u0131r.<\/p>\n<p style=\"text-align: justify;\">Tank i\u00e7i katodik koruma sistemlerinin iki ana t\u00fcr\u00fc vard\u0131r: d\u0131\u015f ak\u0131m kaynakl\u0131 sistemler ve kurbanl\u0131k anot sistemleri. D\u0131\u015f ak\u0131m kaynakl\u0131 katodik koruma sistemleri, bir harici g\u00fc\u00e7 kayna\u011f\u0131 kullanarak tank\u0131n metal y\u00fczeyine bir ak\u0131m uygularken, kurbanl\u0131k anot sistemleri tank\u0131n metal y\u00fczeyi yerine daha aktif bir metalin korozyona u\u011framas\u0131n\u0131 sa\u011flar. D\u0131\u015f ak\u0131m kaynakl\u0131 katodik koruma sistemleri genellikle daha b\u00fcy\u00fck tanklar veya y\u00fcksek oranda korozyonlu \u00fcr\u00fcnler depolayan tanklarda tercih edilir, \u00e7\u00fcnk\u00fc kurbanl\u0131k anot sistemlerine k\u0131yasla daha uzun bir s\u00fcre boyunca koruma sa\u011flar.<\/p>\n<p style=\"text-align: justify;\"><strong>Tank i\u00e7i katodik koruma Sistemlerinin Maliyet-Etkinli\u011finin De\u011ferlendirilmesi<\/strong><\/p>\n<p style=\"text-align: justify;\">Bir katodik koruma sisteminin maliyet-etkinli\u011fini de\u011ferlendirirken g\u00f6z \u00f6n\u00fcnde bulundurulmas\u0131 gereken ilk fakt\u00f6r, ilk kurulum maliyetidir. Tank i\u00e7i katodik koruma sistemlerinin kurulumu maliyetli olabilir, \u00f6zellikle b\u00fcy\u00fck tanklar i\u00e7in. Ancak, sistem maliyeti, korozyon hasar\u0131n\u0131n potansiyel maliyeti ve tank\u0131n yeniden in\u015fa maliyetiyle dengelemek gerekmektedir. Sistemin uzun vadeli faydalar\u0131 ile ba\u015flang\u0131\u00e7 maliyeti aras\u0131ndaki maliyet-etkinli\u011fini belirlemek son derece \u00f6nemlidir.<\/p>\n<p style=\"text-align: justify;\">De\u011ferlendirirken dikkate al\u0131nmas\u0131 gereken ikinci fakt\u00f6r, sistemin bak\u0131m maliyetidir. T\u00fcm katodik koruma sistemleri, s\u00fcrekli verimli \u00e7al\u0131\u015fabilmek bak\u0131ma ihtiya\u00e7 duyar. Bak\u0131m s\u0131kl\u0131\u011f\u0131 ve maliyeti, sistem t\u00fcr\u00fc ve tank\u0131n \u00e7evresi etkenlere ba\u011fl\u0131d\u0131r. Bir sistemin maliyet-etkinli\u011fini de\u011ferlendirirken bak\u0131m maliyetini dikkate almak \u00f6nemlidir.<\/p>\n<p style=\"text-align: justify;\">Dikkate al\u0131nmas\u0131 gereken di\u011fer bir fakt\u00f6r, korozyonu \u00f6nlemedeki sistem etkinli\u011fidir. Farkl\u0131 katodik koruma sistemleri farkl\u0131 koruma d\u00fczeyleri sa\u011flar. \u00dcr\u00fcn korozifli\u011fi artt\u0131k\u00e7a katodik koruma ak\u0131m ihtiyac\u0131 artar ve bu da maliyet-etkinli\u011finde \u00f6nemli bir rol oynar.<\/p>\n<p style=\"text-align: justify;\">Sonu\u00e7 olarak, tank i\u00e7i katodik koruma sistemlerinin maliyet-etkinli\u011finin de\u011ferlendirilmesi, bir\u00e7ok fakt\u00f6r\u00fc dikkate alan kapsaml\u0131 bir yakla\u015f\u0131m gerektirir. \u0130lk kurulum maliyeti, bak\u0131m maliyeti, korozyonu \u00f6nlemedeki etkinlik, sistem \u00f6mr\u00fc; bir sistemin maliyet-etkinli\u011fini belirlemede rol oynar.<\/p>\n<h4 style=\"text-align: justify;\">D\u0131\u015f Ak\u0131m Kaynakl\u0131 Katodik Koruma Sistemi<\/h4>\n<p style=\"text-align: justify;\">D\u0131\u015f ak\u0131m kaynakl\u0131 katodik koruma (DAKK) sistemleri, petrol ve gaz end\u00fcstrisinde tank i\u00e7i korozyona kar\u015f\u0131 koruma i\u00e7in yayg\u0131n olarak kullan\u0131l\u0131r. DAKK sistemlerinin tasar\u0131m\u0131, tank\u0131n i\u00e7 k\u0131sm\u0131n\u0131n etkili ve uzun s\u00fcreli korunmas\u0131n\u0131 sa\u011flamak i\u00e7in dikkatli bir \u015fekilde ele al\u0131nmal\u0131d\u0131r. Depolama tanklar\u0131nda kulland\u0131\u011f\u0131m\u0131z DAKK sistemleri i\u00e7in temel tasar\u0131m hususlar\u0131n\u0131 a\u015fa\u011f\u0131daki gibidir.<\/p>\n<ul style=\"text-align: justify;\">\n<li>Malzeme se\u00e7imi<\/li>\n<li>Sistem Gereksinimleri<\/li>\n<li>Ak\u0131m Da\u011f\u0131l\u0131m\u0131<\/li>\n<li>\u0130zleme ve Kontrol<\/li>\n<li>Sistem Bak\u0131m\u0131<\/li>\n<li>Sistemin konfig\u00fcrasyonu<\/li>\n<li>G\u00fc\u00e7 kayna\u011f\u0131<\/li>\n<\/ul>\n<p style=\"text-align: justify;\">Sonu\u00e7 olarak, tank i\u00e7i koruma i\u00e7in etkili bir DAKK sistemi tasarlamak, malzemelerin, konfig\u00fcrasyonun ve g\u00fc\u00e7 kayna\u011f\u0131n\u0131n dikkatli bir \u015fekilde ele al\u0131nmas\u0131n\u0131 gerektirir. Sistem, tank\u0131n i\u00e7 k\u0131sm\u0131nda tutarl\u0131 ve d\u00fczg\u00fcn ak\u0131m da\u011f\u0131l\u0131m\u0131 sa\u011flamal\u0131, lokal b\u00f6lgelerde ak\u0131m yo\u011funla\u015fmas\u0131n\u0131 \u00f6nlemeli ve tank\u0131n i\u00e7 k\u0131sm\u0131n\u0131n tamam\u0131n\u0131 belirli bir d\u00fczeyde koruma alt\u0131na almal\u0131d\u0131r. DAKK sistemlerinin do\u011fru tasar\u0131m\u0131 ve uygulanmas\u0131, korozyonla ilgili hasar ve maliyetleri \u00f6nlemeye yard\u0131mc\u0131 olur, b\u00f6ylece tank depolama sisteminde i\u015fletmenin uzun \u00f6m\u00fcrl\u00fcl\u00fc\u011f\u00fcn\u00fc ve g\u00fcvenli\u011fi sa\u011flanm\u0131\u015f olur.<\/p>\n<\/div><\/div><\/div><\/div><div class=\"wpb_column vc_column_container\"><div class=\"vc_column-inner\"><div class=\"w-image align_center\"><div class=\"w-image-h\"><img decoding=\"async\" width=\"1024\" height=\"574\" src=\"https:\/\/aion-pro.com\/wp-content\/uploads\/2023\/07\/tank-head-1024x574.jpg\" class=\"attachment-large size-large\" alt=\"\" loading=\"lazy\" srcset=\"https:\/\/aion-pro.com\/wp-content\/uploads\/2023\/07\/tank-head-1024x574.jpg 1024w, https:\/\/aion-pro.com\/wp-content\/uploads\/2023\/07\/tank-head-300x168.jpg 300w, https:\/\/aion-pro.com\/wp-content\/uploads\/2023\/07\/tank-head-1536x861.jpg 1536w, https:\/\/aion-pro.com\/wp-content\/uploads\/2023\/07\/tank-head.jpg 1920w\" sizes=\"auto, (max-width: 1024px) 100vw, 1024px\" \/><\/div><\/div><\/div><\/div><\/div><div class=\"w-separator size_large\"><\/div><div class=\"g-cols wpb_row via_grid cols_2 laptops-cols_inherit tablets-cols_inherit mobiles-cols_1 valign_top type_default reversed stacking_default\" style=\"--columns-gap:3rem;\"><div class=\"wpb_column vc_column_container\"><div class=\"vc_column-inner\"><div class=\"w-image align_center\"><div class=\"w-image-h\"><img decoding=\"async\" width=\"1024\" height=\"574\" src=\"https:\/\/aion-pro.com\/wp-content\/uploads\/2023\/07\/TANKS_02-1024x574.jpg\" class=\"attachment-large size-large\" alt=\"\" loading=\"lazy\" srcset=\"https:\/\/aion-pro.com\/wp-content\/uploads\/2023\/07\/TANKS_02-1024x574.jpg 1024w, https:\/\/aion-pro.com\/wp-content\/uploads\/2023\/07\/TANKS_02-300x168.jpg 300w, https:\/\/aion-pro.com\/wp-content\/uploads\/2023\/07\/TANKS_02-1536x861.jpg 1536w, https:\/\/aion-pro.com\/wp-content\/uploads\/2023\/07\/TANKS_02.jpg 1920w\" sizes=\"auto, (max-width: 1024px) 100vw, 1024px\" \/><\/div><\/div><\/div><\/div><div class=\"wpb_column vc_column_container\"><div class=\"vc_column-inner\"><div class=\"wpb_text_column\"><div class=\"wpb_wrapper\"><h3 style=\"text-align: justify;\">Galvanik Katodik Koruma Sistemi<\/h3>\n<p style=\"text-align: justify;\">Galvanik katodik koruma (GKK) sistemleri, petrol ve gaz end\u00fcstrisinde tanklar\u0131n i\u00e7 k\u0131sm\u0131n\u0131 korozyondan etkili bir \u015fekilde koruman\u0131n bir yoludur. Depolama tanklar\u0131nda kulland\u0131\u011f\u0131m\u0131z GKK sistemleri i\u00e7in temel tasar\u0131m hususlar\u0131 a\u015fa\u011f\u0131daki gibidir.<\/p>\n<ul style=\"text-align: justify;\">\n<li>Malzeme se\u00e7imi<\/li>\n<li>Sistem Gereksinimleri<\/li>\n<li>Ak\u0131m Da\u011f\u0131l\u0131m\u0131<\/li>\n<li>\u0130zleme ve Kontrol<\/li>\n<li>Sistem Bak\u0131m\u0131<\/li>\n<li>Sistemin konfig\u00fcrasyonu<\/li>\n<li>Anot se\u00e7imi ve yerle\u015fimi<\/li>\n<\/ul>\n<p style=\"text-align: justify;\">Sonu\u00e7 olarak, tank i\u00e7i koruma i\u00e7in etkili bir GKK sistemi tasarlamak, malzemelerin, konfig\u00fcrasyonun ve anot yerle\u015fiminin dikkatli bir \u015fekilde ele al\u0131nmas\u0131n\u0131 gerektirir. Sistem, tank\u0131n i\u00e7 k\u0131sm\u0131nda tutarl\u0131 ve d\u00fczg\u00fcn ak\u0131m da\u011f\u0131l\u0131m\u0131 sa\u011flamal\u0131 ve tank\u0131n i\u00e7 k\u0131sm\u0131n\u0131n tamam\u0131n\u0131 koruma alt\u0131na almal\u0131d\u0131r. GKK sistemlerinin do\u011fru tasar\u0131m\u0131 ve uygulanmas\u0131, korozyonla ilgili hasar ve maliyetleri \u00f6nlemeye yard\u0131mc\u0131 olur, b\u00f6ylece tank depolama sisteminde i\u015fletmenin uzun \u00f6m\u00fcrl\u00fcl\u00fc\u011f\u00fcn\u00fc ve g\u00fcvenli\u011fi sa\u011flanm\u0131\u015f olur.<\/p>\n<\/div><\/div><\/div><\/div><\/div><\/div><\/div><\/div><\/div><\/section><section class=\"l-section wpb_row height_custom\" id=\"second\"><div class=\"l-section-h i-cf\"><div class=\"g-cols vc_row via_grid cols_1 laptops-cols_inherit tablets-cols_inherit mobiles-cols_1 valign_top type_default stacking_default\"><div class=\"wpb_column vc_column_container\"><div class=\"vc_column-inner\"><div class=\"wpb_text_column\"><div class=\"wpb_wrapper\"><h2>TANK TABAN SACI DI\u015e KATOD\u0130K KORUMA S\u0130STEM\u0130<\/h2>\n<\/div><\/div><div class=\"w-separator size_small\"><\/div><div class=\"g-cols wpb_row via_grid cols_2 laptops-cols_inherit tablets-cols_inherit mobiles-cols_1 valign_top type_default stacking_default\" style=\"--columns-gap:3rem;\"><div class=\"wpb_column vc_column_container\"><div class=\"vc_column-inner\"><div class=\"wpb_text_column\"><div class=\"wpb_wrapper\"><p style=\"text-align: justify;\">Yer\u00fcst\u00fc tank taban plakas\u0131 d\u0131\u015f ak\u0131m kaynakl\u0131 katodik koruma sistemleri, petrol ve gaz dahil \u00e7e\u015fitli end\u00fcstrilerde tanklar\u0131n taban plakalar\u0131ndaki korozyonu \u00f6nlemek i\u00e7in \u00f6nemlidir. Taban plakalar\u0131, do\u011frudan yerle temas halinde olduklar\u0131 ve nem, kimyasallar ve di\u011fer korozyon etkenlerine maruz kald\u0131klar\u0131 i\u00e7in \u00f6zellikle korozyona kar\u015f\u0131 duyarl\u0131d\u0131r. Bu d\u0131\u015f katodik koruma sistemleri, tanklar\u0131n hizmet \u00f6mr\u00fcn\u00fc uzat\u0131r, s\u0131z\u0131nt\u0131lar\u0131, \u00e7evresel kirlenmeyi ve maliyetli onar\u0131mlar\u0131 \u00f6nler.<\/p>\n<p style=\"text-align: justify;\"><strong>Tank Taban Sac\u0131 D\u0131\u015f\u0131 Katodik Koruma Sistemlerinin Maliyet Etkinli\u011fini De\u011ferlendirme<\/strong><\/p>\n<p style=\"text-align: justify;\">Maliyet etkinli\u011fini de\u011ferlendirmek i\u00e7in birka\u00e7 fakt\u00f6r g\u00f6z \u00f6n\u00fcnde bulundurulmal\u0131d\u0131r. \u0130lk olarak, ekipman, malzeme ve i\u015f\u00e7ilik dahil olmak \u00fczere ba\u015flang\u0131\u00e7 kurulum maliyeti de\u011ferlendirilmelidir. Bu maliyet, tank\u0131n boyutuna, se\u00e7ilen katodik koruma sisteminin t\u00fcr\u00fcne ve kurulum s\u00fcrecinin karma\u015f\u0131kl\u0131\u011f\u0131na ba\u011fl\u0131 olarak de\u011fi\u015fecektir. Bu maliyetler, s\u0131z\u0131nt\u0131lar, \u00e7evresel kirlenme ve yap\u0131sal onar\u0131mlar gibi korozyona ba\u011fl\u0131 hasarlar\u0131 \u00f6nleyerek elde edilebilecek potansiyel kay\u0131plarla kar\u015f\u0131la\u015ft\u0131r\u0131lmal\u0131d\u0131r.<\/p>\n<p style=\"text-align: justify;\">\u0130kinci olarak, bak\u0131m maliyetleri g\u00f6z \u00f6n\u00fcnde bulundurulmal\u0131d\u0131r. Sistemin optimal \u015fekilde \u00e7al\u0131\u015fmas\u0131n\u0131 sa\u011flamak i\u00e7in d\u00fczenli denetimler, izleme ve bak\u0131m faaliyetleri gereklidir. D\u0131\u015f ak\u0131m kaynakl\u0131 sistemlerin bak\u0131m maliyeti, elektrik t\u00fcketimi ve referans elektrodu bak\u0131m\u0131 gibi fakt\u00f6rler de\u011ferlendirmeye dahil edilmelidir. Bu maliyetler, pahal\u0131 onar\u0131mlardan ka\u00e7\u0131nma ve i\u015f durmas\u0131n\u0131 en aza indirgeme tasarruflar\u0131yla kar\u015f\u0131la\u015ft\u0131r\u0131lmal\u0131d\u0131r.<\/p>\n<p style=\"text-align: justify;\">Son olarak, maliyet etkin bir sistemin uzun vadeli faydalar\u0131 g\u00f6z \u00f6n\u00fcnde bulundurulmal\u0131d\u0131r. Etkili bir tank d\u0131\u015f\u0131 katodik koruma sistemi yat\u0131r\u0131m\u0131 yaparak, i\u015fletmeler varl\u0131klar\u0131n\u0131n hizmet \u00f6mr\u00fcn\u00fc uzatabilir, s\u0131z\u0131nt\u0131 ve \u00e7evresel kirlilik riskini en aza indirebilir ve g\u00fcvenli bir \u00e7al\u0131\u015fma ortam\u0131 sa\u011flayabilir.<\/p>\n<\/div><\/div><\/div><\/div><div class=\"wpb_column vc_column_container\"><div class=\"vc_column-inner\"><div class=\"w-image align_center\"><div class=\"w-image-h\"><img decoding=\"async\" width=\"1024\" height=\"574\" src=\"https:\/\/aion-pro.com\/wp-content\/uploads\/2023\/07\/TANKS_03-1024x574.jpg\" class=\"attachment-large size-large\" alt=\"\" loading=\"lazy\" srcset=\"https:\/\/aion-pro.com\/wp-content\/uploads\/2023\/07\/TANKS_03-1024x574.jpg 1024w, https:\/\/aion-pro.com\/wp-content\/uploads\/2023\/07\/TANKS_03-300x168.jpg 300w, https:\/\/aion-pro.com\/wp-content\/uploads\/2023\/07\/TANKS_03-1536x861.jpg 1536w, https:\/\/aion-pro.com\/wp-content\/uploads\/2023\/07\/TANKS_03.jpg 1920w\" sizes=\"auto, (max-width: 1024px) 100vw, 1024px\" \/><\/div><\/div><\/div><\/div><\/div><div class=\"w-separator size_large\"><\/div><div class=\"g-cols wpb_row via_grid cols_2 laptops-cols_inherit tablets-cols_inherit mobiles-cols_1 valign_top type_default reversed stacking_default\" style=\"--columns-gap:3rem;\"><div class=\"wpb_column vc_column_container\"><div class=\"vc_column-inner\"><div class=\"w-image align_center\"><div class=\"w-image-h\"><img decoding=\"async\" width=\"1024\" height=\"574\" src=\"https:\/\/aion-pro.com\/wp-content\/uploads\/2023\/07\/TANKS_04-1024x574.jpg\" class=\"attachment-large size-large\" alt=\"\" loading=\"lazy\" srcset=\"https:\/\/aion-pro.com\/wp-content\/uploads\/2023\/07\/TANKS_04-1024x574.jpg 1024w, https:\/\/aion-pro.com\/wp-content\/uploads\/2023\/07\/TANKS_04-300x168.jpg 300w, https:\/\/aion-pro.com\/wp-content\/uploads\/2023\/07\/TANKS_04-1536x861.jpg 1536w, https:\/\/aion-pro.com\/wp-content\/uploads\/2023\/07\/TANKS_04.jpg 1920w\" sizes=\"auto, (max-width: 1024px) 100vw, 1024px\" \/><\/div><\/div><\/div><\/div><div class=\"wpb_column vc_column_container\"><div class=\"vc_column-inner\"><div class=\"wpb_text_column\"><div class=\"wpb_wrapper\"><h3 style=\"text-align: justify;\">D\u0131\u015f Ak\u0131m Kaynakl\u0131 Katodik Koruma Sistemi<\/h3>\n<p style=\"text-align: justify;\">Tank d\u0131\u015f\u0131 d\u0131\u015f ak\u0131m kaynakl\u0131 katodik koruma sistemi tasarlarken etkinli\u011fini ve uzun vadeli performans\u0131n\u0131 sa\u011flamak i\u00e7in dikkatli bir \u015fekilde tasar\u0131m hususlar\u0131 g\u00f6z \u00f6n\u00fcnde bulundurulmal\u0131d\u0131r.<\/p>\n<ul style=\"text-align: justify;\">\n<li>Malzeme se\u00e7imi<\/li>\n<li>Sistem Gereksinimleri<\/li>\n<li>Ak\u0131m Da\u011f\u0131l\u0131m\u0131<\/li>\n<li>DC Elektrik G\u00fc\u00e7 Kayna\u011f\u0131 (TR \u00dcnitesi)<\/li>\n<li>\u0130zleme ve Kontrol<\/li>\n<li>Sistem Bak\u0131m\u0131<\/li>\n<li>Standartlar ve Y\u00f6netmelikler<\/li>\n<\/ul>\n<p style=\"text-align: justify;\">Bu tasar\u0131m y\u00f6nlerini dikkatlice g\u00f6z \u00f6n\u00fcnde bulundurarak, i\u015fletmeler i\u00e7in ve katodik koruma uzmanlar\u0131, petrol ve gaz end\u00fcstrisindeki tank depolama sistemlerinin b\u00fct\u00fcnl\u00fc\u011f\u00fcn\u00fc, uzun vadeli korozyon korumas\u0131 sa\u011flayan etkili d\u0131\u015f ak\u0131m kaynakl\u0131 katodik koruma sistemleri geli\u015ftirilir.<\/p>\n<\/div><\/div><\/div><\/div><\/div><\/div><\/div><\/div><\/div><\/section>\n","protected":false},"excerpt":{"rendered":"\u0130\u00c7 KATOD\u0130K KORUMADI\u015e KATOD\u0130K KORUMATANK \u0130\u00c7\u0130 KATOD\u0130K KORUMA Tank i\u00e7i katodik koruma sistemleri, petrol ve gaz end\u00fcstrisinde tank depolama sistemlerinin vazge\u00e7ilmez bir bile\u015fenidir. Bu sistemler, tank b\u00fct\u00fcnl\u00fc\u011f\u00fc i\u00e7in \u00f6nemli bir tehdit olan korozyona kar\u015f\u0131 koruma sa\u011flar ve s\u0131z\u0131nt\u0131lara, \u00e7evresel kirlenmeye ve maliyetli tamiratlar\u0131 engeller. Tank i\u00e7i katodik koruma sistemleri, tank\u0131n metal y\u00fczeyine bir elektrik ak\u0131m\u0131...","protected":false},"author":1,"featured_media":8255,"parent":0,"menu_order":0,"comment_status":"closed","ping_status":"closed","template":"","meta":{"_acf_changed":false,"footnotes":""},"class_list":["post-8355","page","type-page","status-publish","has-post-thumbnail","hentry"],"acf":[],"_links":{"self":[{"href":"https:\/\/aion-pro.com\/tr\/wp-json\/wp\/v2\/pages\/8355","targetHints":{"allow":["GET"]}}],"collection":[{"href":"https:\/\/aion-pro.com\/tr\/wp-json\/wp\/v2\/pages"}],"about":[{"href":"https:\/\/aion-pro.com\/tr\/wp-json\/wp\/v2\/types\/page"}],"author":[{"embeddable":true,"href":"https:\/\/aion-pro.com\/tr\/wp-json\/wp\/v2\/users\/1"}],"replies":[{"embeddable":true,"href":"https:\/\/aion-pro.com\/tr\/wp-json\/wp\/v2\/comments?post=8355"}],"version-history":[{"count":3,"href":"https:\/\/aion-pro.com\/tr\/wp-json\/wp\/v2\/pages\/8355\/revisions"}],"predecessor-version":[{"id":8369,"href":"https:\/\/aion-pro.com\/tr\/wp-json\/wp\/v2\/pages\/8355\/revisions\/8369"}],"wp:featuredmedia":[{"embeddable":true,"href":"https:\/\/aion-pro.com\/tr\/wp-json\/wp\/v2\/media\/8255"}],"wp:attachment":[{"href":"https:\/\/aion-pro.com\/tr\/wp-json\/wp\/v2\/media?parent=8355"}],"curies":[{"name":"wp","href":"https:\/\/api.w.org\/{rel}","templated":true}]}}