{"id":8358,"date":"2023-07-24T16:13:46","date_gmt":"2023-07-24T13:13:46","guid":{"rendered":"https:\/\/aion-pro.com\/supervision\/"},"modified":"2023-08-04T13:54:16","modified_gmt":"2023-08-04T10:54:16","slug":"supervision-denetleme","status":"publish","type":"page","link":"https:\/\/aion-pro.com\/tr\/supervision-denetleme\/","title":{"rendered":"SUPERVISION DENETLEME"},"content":{"rendered":"<section class=\"l-section wpb_row height_custom\" id=\"first\"><div class=\"l-section-h i-cf\"><div class=\"g-cols vc_row via_grid cols_1 laptops-cols_inherit tablets-cols_inherit mobiles-cols_1 valign_top type_default stacking_default\"><div class=\"wpb_column vc_column_container\"><div class=\"vc_column-inner\"><div class=\"g-cols wpb_row via_grid cols_2 laptops-cols_inherit tablets-cols_inherit mobiles-cols_1 valign_top type_default stacking_default\" style=\"--columns-gap:3rem;\"><div class=\"wpb_column vc_column_container\"><div class=\"vc_column-inner\"><div class=\"wpb_text_column\"><div class=\"wpb_wrapper\"><p style=\"text-align: justify;\">Aion olarak, katodik koruma \u00e7al\u0131\u015fmalar\u0131 i\u00e7in kapsaml\u0131 denetim hizmetlerinde uzmanla\u015fm\u0131\u015f durumday\u0131z. Deneyimli ekibimizle, projelerinizi denetlerken, katodik koruma sisteminizin etkinli\u011fi ve verimlili\u011fi konusundaki t\u00fcm hizmetleri sa\u011flayabiliriz.<\/p>\n<p style=\"text-align: justify;\">Deneyimli uzmanlar\u0131m\u0131z, katodik koruma \u00e7al\u0131\u015fmalar\u0131n\u0131z\u0131n her y\u00f6n\u00fcn\u00fc izleyerek, NACE, DNV, EN ISO, GOST gibi end\u00fcstri standartlar\u0131na ve en iyi uygulamalara uygunlu\u011fu sa\u011flar. Montaj ve devreye alma i\u015flerinden rutin bak\u0131m ve denetlemelere kadar, s\u00fcrecin tamam\u0131nda g\u00fcvenilir denetim hizmeti sunabiliriz.<\/p>\n<p style=\"text-align: justify;\">Kalite, g\u00fcvenlik ve zaman\u0131nda teslimat\u0131 \u00f6nceli\u011fimize alarak, altyap\u0131n\u0131z\u0131n \u00f6mr\u00fcn\u00fc maksimize edebiliriz.<\/p>\n<\/div><\/div><\/div><\/div><div class=\"wpb_column vc_column_container\"><div class=\"vc_column-inner\"><div class=\"w-image align_center\"><div class=\"w-image-h\"><img decoding=\"async\" width=\"1024\" height=\"574\" src=\"https:\/\/aion-pro.com\/wp-content\/uploads\/2023\/07\/SUPERVISION_03-1024x574.jpg\" class=\"attachment-large size-large\" alt=\"\" loading=\"lazy\" srcset=\"https:\/\/aion-pro.com\/wp-content\/uploads\/2023\/07\/SUPERVISION_03-1024x574.jpg 1024w, https:\/\/aion-pro.com\/wp-content\/uploads\/2023\/07\/SUPERVISION_03-300x168.jpg 300w, https:\/\/aion-pro.com\/wp-content\/uploads\/2023\/07\/SUPERVISION_03-1536x861.jpg 1536w, https:\/\/aion-pro.com\/wp-content\/uploads\/2023\/07\/SUPERVISION_03.jpg 1920w\" sizes=\"auto, (max-width: 1024px) 100vw, 1024px\" \/><\/div><\/div><\/div><\/div><\/div><div class=\"w-separator size_large\"><\/div><div class=\"g-cols wpb_row via_grid cols_3 laptops-cols_inherit tablets-cols_inherit mobiles-cols_1 valign_top type_default stacking_default\" style=\"--columns-gap:3rem;\"><div class=\"wpb_column vc_column_container\"><div class=\"vc_column-inner\"><div class=\"w-image align_center\"><div class=\"w-image-h\"><img decoding=\"async\" width=\"900\" height=\"900\" src=\"https:\/\/aion-pro.com\/wp-content\/uploads\/2023\/07\/SUPERVISION_02.jpg\" class=\"attachment-large size-large\" alt=\"\" loading=\"lazy\" srcset=\"https:\/\/aion-pro.com\/wp-content\/uploads\/2023\/07\/SUPERVISION_02.jpg 900w, https:\/\/aion-pro.com\/wp-content\/uploads\/2023\/07\/SUPERVISION_02-300x300.jpg 300w, https:\/\/aion-pro.com\/wp-content\/uploads\/2023\/07\/SUPERVISION_02-150x150.jpg 150w\" sizes=\"auto, (max-width: 900px) 100vw, 900px\" \/><\/div><\/div><\/div><\/div><div class=\"wpb_column vc_column_container\"><div class=\"vc_column-inner\"><div class=\"w-image align_center\"><div class=\"w-image-h\"><img decoding=\"async\" width=\"900\" height=\"900\" src=\"https:\/\/aion-pro.com\/wp-content\/uploads\/2023\/07\/SUPERVISION_01.jpg\" class=\"attachment-large size-large\" alt=\"\" loading=\"lazy\" srcset=\"https:\/\/aion-pro.com\/wp-content\/uploads\/2023\/07\/SUPERVISION_01.jpg 900w, https:\/\/aion-pro.com\/wp-content\/uploads\/2023\/07\/SUPERVISION_01-300x300.jpg 300w, https:\/\/aion-pro.com\/wp-content\/uploads\/2023\/07\/SUPERVISION_01-150x150.jpg 150w\" sizes=\"auto, (max-width: 900px) 100vw, 900px\" \/><\/div><\/div><\/div><\/div><div class=\"wpb_column vc_column_container\"><div class=\"vc_column-inner\"><div class=\"w-image align_center\"><div class=\"w-image-h\"><img decoding=\"async\" width=\"900\" height=\"900\" src=\"https:\/\/aion-pro.com\/wp-content\/uploads\/2023\/07\/SUPERVISION_04.jpg\" class=\"attachment-large size-large\" alt=\"\" loading=\"lazy\" srcset=\"https:\/\/aion-pro.com\/wp-content\/uploads\/2023\/07\/SUPERVISION_04.jpg 900w, https:\/\/aion-pro.com\/wp-content\/uploads\/2023\/07\/SUPERVISION_04-300x300.jpg 300w, https:\/\/aion-pro.com\/wp-content\/uploads\/2023\/07\/SUPERVISION_04-150x150.jpg 150w\" sizes=\"auto, (max-width: 900px) 100vw, 900px\" \/><\/div><\/div><\/div><\/div><\/div><\/div><\/div><\/div><\/div><\/section>\n","protected":false},"excerpt":{"rendered":"Aion olarak, katodik koruma \u00e7al\u0131\u015fmalar\u0131 i\u00e7in kapsaml\u0131 denetim hizmetlerinde uzmanla\u015fm\u0131\u015f durumday\u0131z. Deneyimli ekibimizle, projelerinizi denetlerken, katodik koruma sisteminizin etkinli\u011fi ve verimlili\u011fi konusundaki t\u00fcm hizmetleri sa\u011flayabiliriz. Deneyimli uzmanlar\u0131m\u0131z, katodik koruma \u00e7al\u0131\u015fmalar\u0131n\u0131z\u0131n her y\u00f6n\u00fcn\u00fc izleyerek, NACE, DNV, EN ISO, GOST gibi end\u00fcstri standartlar\u0131na ve en iyi uygulamalara uygunlu\u011fu sa\u011flar. Montaj ve devreye alma i\u015flerinden rutin bak\u0131m ve...","protected":false},"author":1,"featured_media":8306,"parent":0,"menu_order":0,"comment_status":"closed","ping_status":"closed","template":"","meta":{"_acf_changed":false,"footnotes":""},"class_list":["post-8358","page","type-page","status-publish","has-post-thumbnail","hentry"],"acf":[],"_links":{"self":[{"href":"https:\/\/aion-pro.com\/tr\/wp-json\/wp\/v2\/pages\/8358","targetHints":{"allow":["GET"]}}],"collection":[{"href":"https:\/\/aion-pro.com\/tr\/wp-json\/wp\/v2\/pages"}],"about":[{"href":"https:\/\/aion-pro.com\/tr\/wp-json\/wp\/v2\/types\/page"}],"author":[{"embeddable":true,"href":"https:\/\/aion-pro.com\/tr\/wp-json\/wp\/v2\/users\/1"}],"replies":[{"embeddable":true,"href":"https:\/\/aion-pro.com\/tr\/wp-json\/wp\/v2\/comments?post=8358"}],"version-history":[{"count":1,"href":"https:\/\/aion-pro.com\/tr\/wp-json\/wp\/v2\/pages\/8358\/revisions"}],"predecessor-version":[{"id":8359,"href":"https:\/\/aion-pro.com\/tr\/wp-json\/wp\/v2\/pages\/8358\/revisions\/8359"}],"wp:featuredmedia":[{"embeddable":true,"href":"https:\/\/aion-pro.com\/tr\/wp-json\/wp\/v2\/media\/8306"}],"wp:attachment":[{"href":"https:\/\/aion-pro.com\/tr\/wp-json\/wp\/v2\/media?parent=8358"}],"curies":[{"name":"wp","href":"https:\/\/api.w.org\/{rel}","templated":true}]}}