{"id":8360,"date":"2023-07-24T16:08:42","date_gmt":"2023-07-24T13:08:42","guid":{"rendered":"https:\/\/aion-pro.com\/survey\/"},"modified":"2023-08-04T13:56:16","modified_gmt":"2023-08-04T10:56:16","slug":"survey","status":"publish","type":"page","link":"https:\/\/aion-pro.com\/tr\/survey\/","title":{"rendered":"KATOD\u0130K KORUMA VE KAPLAMA HASAR \u00d6L\u00c7\u00dcMLER\u0130"},"content":{"rendered":"<section class=\"l-section wpb_row height_custom\" id=\"first\"><div class=\"l-section-h i-cf\"><div class=\"g-cols vc_row via_grid cols_1 laptops-cols_inherit tablets-cols_inherit mobiles-cols_1 valign_top type_default stacking_default\"><div class=\"wpb_column vc_column_container\"><div class=\"vc_column-inner\"><div class=\"g-cols wpb_row via_grid cols_2 laptops-cols_inherit tablets-cols_inherit mobiles-cols_1 valign_top type_default stacking_default\" style=\"--columns-gap:3rem;\"><div class=\"wpb_column vc_column_container\"><div class=\"vc_column-inner\"><div class=\"wpb_text_column\"><div class=\"wpb_wrapper\"><h3 style=\"text-align: justify;\">DCVG (Direct Current Voltage Gradient) Do\u011fru Ak\u0131m Gerilim Gradyan\u0131 Et\u00fcd\u00fc<\/h3>\n<p style=\"text-align: justify;\">Aion olarak, boru hatt\u0131n\u0131z\u0131 kaplama durumunu belirlemek i\u00e7in Do\u011fru Ak\u0131m Gerilim Gradyan\u0131 (DCVG) et\u00fcd\u00fc sunuyoruz.<\/p>\n<p style=\"text-align: justify;\">DCVG \u00e7al\u0131\u015fmalar\u0131m\u0131zda, size kaplama kusurlar\u0131 hakk\u0131nda do\u011fru ve anl\u0131k veri sa\u011fl\u0131yoruz. Boru hatt\u0131n\u0131z boyunca noktasal eksiklikleri ve kaplama zay\u0131fl\u0131klar\u0131n\u0131 tespit etmemizi sa\u011flar, b\u00f6ylece zaman\u0131nda onar\u0131mlar ve bak\u0131m yaparak korozyonla ilgili riskleri \u00f6nleyebiliriz.<\/p>\n<\/div><\/div><\/div><\/div><div class=\"wpb_column vc_column_container\"><div class=\"vc_column-inner\"><div class=\"wpb_text_column\"><div class=\"wpb_wrapper\"><h3 style=\"text-align: justify;\">CIPS (Close Interval Potential Survey) Yak\u0131n Aral\u0131kl\u0131 Potansiyel \u00d6l\u00e7\u00fcm\u00fc<\/h3>\n<p style=\"text-align: justify;\">Aion olarak, boru katodik korumas\u0131 i\u00e7in Yak\u0131n Aral\u0131kl\u0131 Potansiyel (YAP) \u00f6l\u00e7\u00fcmlerinde uzmanla\u015fm\u0131\u015f durumday\u0131z. Uzman ekibimiz, boru hatlar\u0131n\u0131z boyunca katodik koruma potansiyellerini \u00f6l\u00e7er ve korozyon risklerini maliyetli sorunlar haline gelmeden tespit eder. Katodik koruma sistemlerinizi optimize eder ve boru hatt\u0131n\u0131z\u0131 korozyona kar\u015f\u0131 g\u00fcvence alt\u0131na al\u0131r.<\/p>\n<\/div><\/div><\/div><\/div><\/div><div class=\"w-separator size_large\"><\/div><div class=\"g-cols wpb_row via_grid cols_3 laptops-cols_inherit tablets-cols_inherit mobiles-cols_1 valign_top type_default stacking_default\" style=\"--columns-gap:3rem;\"><div class=\"wpb_column vc_column_container\"><div class=\"vc_column-inner\"><div class=\"w-image align_center\"><div class=\"w-image-h\"><img decoding=\"async\" width=\"900\" height=\"900\" src=\"https:\/\/aion-pro.com\/wp-content\/uploads\/2023\/07\/SURVEY_04.jpg\" class=\"attachment-large size-large\" alt=\"\" loading=\"lazy\" srcset=\"https:\/\/aion-pro.com\/wp-content\/uploads\/2023\/07\/SURVEY_04.jpg 900w, https:\/\/aion-pro.com\/wp-content\/uploads\/2023\/07\/SURVEY_04-300x300.jpg 300w, https:\/\/aion-pro.com\/wp-content\/uploads\/2023\/07\/SURVEY_04-150x150.jpg 150w\" sizes=\"auto, (max-width: 900px) 100vw, 900px\" \/><\/div><\/div><\/div><\/div><div class=\"wpb_column vc_column_container\"><div class=\"vc_column-inner\"><div class=\"w-image align_center\"><div class=\"w-image-h\"><img decoding=\"async\" width=\"900\" height=\"900\" src=\"https:\/\/aion-pro.com\/wp-content\/uploads\/2023\/07\/SURVEY_02.jpg\" class=\"attachment-large size-large\" alt=\"\" loading=\"lazy\" srcset=\"https:\/\/aion-pro.com\/wp-content\/uploads\/2023\/07\/SURVEY_02.jpg 900w, https:\/\/aion-pro.com\/wp-content\/uploads\/2023\/07\/SURVEY_02-300x300.jpg 300w, https:\/\/aion-pro.com\/wp-content\/uploads\/2023\/07\/SURVEY_02-150x150.jpg 150w\" sizes=\"auto, (max-width: 900px) 100vw, 900px\" \/><\/div><\/div><\/div><\/div><div class=\"wpb_column vc_column_container\"><div class=\"vc_column-inner\"><div class=\"w-image align_center\"><div class=\"w-image-h\"><img decoding=\"async\" width=\"900\" height=\"900\" src=\"https:\/\/aion-pro.com\/wp-content\/uploads\/2023\/07\/SURVEY_01.jpg\" class=\"attachment-large size-large\" alt=\"\" loading=\"lazy\" srcset=\"https:\/\/aion-pro.com\/wp-content\/uploads\/2023\/07\/SURVEY_01.jpg 900w, https:\/\/aion-pro.com\/wp-content\/uploads\/2023\/07\/SURVEY_01-300x300.jpg 300w, https:\/\/aion-pro.com\/wp-content\/uploads\/2023\/07\/SURVEY_01-150x150.jpg 150w\" sizes=\"auto, (max-width: 900px) 100vw, 900px\" \/><\/div><\/div><\/div><\/div><\/div><\/div><\/div><\/div><\/div><\/section>\n","protected":false},"excerpt":{"rendered":"DCVG (Direct Current Voltage Gradient) Do\u011fru Ak\u0131m Gerilim Gradyan\u0131 Et\u00fcd\u00fc Aion olarak, boru hatt\u0131n\u0131z\u0131 kaplama durumunu belirlemek i\u00e7in Do\u011fru Ak\u0131m Gerilim Gradyan\u0131 (DCVG) et\u00fcd\u00fc sunuyoruz. DCVG \u00e7al\u0131\u015fmalar\u0131m\u0131zda, size kaplama kusurlar\u0131 hakk\u0131nda do\u011fru ve anl\u0131k veri sa\u011fl\u0131yoruz. Boru hatt\u0131n\u0131z boyunca noktasal eksiklikleri ve kaplama zay\u0131fl\u0131klar\u0131n\u0131 tespit etmemizi sa\u011flar, b\u00f6ylece zaman\u0131nda onar\u0131mlar ve bak\u0131m yaparak korozyonla ilgili...","protected":false},"author":1,"featured_media":8301,"parent":0,"menu_order":0,"comment_status":"closed","ping_status":"closed","template":"","meta":{"_acf_changed":false,"footnotes":""},"class_list":["post-8360","page","type-page","status-publish","has-post-thumbnail","hentry"],"acf":[],"_links":{"self":[{"href":"https:\/\/aion-pro.com\/tr\/wp-json\/wp\/v2\/pages\/8360","targetHints":{"allow":["GET"]}}],"collection":[{"href":"https:\/\/aion-pro.com\/tr\/wp-json\/wp\/v2\/pages"}],"about":[{"href":"https:\/\/aion-pro.com\/tr\/wp-json\/wp\/v2\/types\/page"}],"author":[{"embeddable":true,"href":"https:\/\/aion-pro.com\/tr\/wp-json\/wp\/v2\/users\/1"}],"replies":[{"embeddable":true,"href":"https:\/\/aion-pro.com\/tr\/wp-json\/wp\/v2\/comments?post=8360"}],"version-history":[{"count":2,"href":"https:\/\/aion-pro.com\/tr\/wp-json\/wp\/v2\/pages\/8360\/revisions"}],"predecessor-version":[{"id":8362,"href":"https:\/\/aion-pro.com\/tr\/wp-json\/wp\/v2\/pages\/8360\/revisions\/8362"}],"wp:featuredmedia":[{"embeddable":true,"href":"https:\/\/aion-pro.com\/tr\/wp-json\/wp\/v2\/media\/8301"}],"wp:attachment":[{"href":"https:\/\/aion-pro.com\/tr\/wp-json\/wp\/v2\/media?parent=8360"}],"curies":[{"name":"wp","href":"https:\/\/api.w.org\/{rel}","templated":true}]}}