{"id":8363,"date":"2023-07-24T16:03:43","date_gmt":"2023-07-24T13:03:43","guid":{"rendered":"https:\/\/aion-pro.com\/pre-design-survey\/"},"modified":"2023-08-04T13:58:25","modified_gmt":"2023-08-04T10:58:25","slug":"on-tasarim-etudu","status":"publish","type":"page","link":"https:\/\/aion-pro.com\/tr\/on-tasarim-etudu\/","title":{"rendered":"\u00d6N TASARIM ET\u00dcD\u00dc"},"content":{"rendered":"<section class=\"l-section wpb_row height_custom\" id=\"first\"><div class=\"l-section-h i-cf\"><div class=\"g-cols vc_row via_grid cols_1 laptops-cols_inherit tablets-cols_inherit mobiles-cols_1 valign_top type_default stacking_default\"><div class=\"wpb_column vc_column_container\"><div class=\"vc_column-inner\"><div class=\"g-cols wpb_row via_grid cols_2 laptops-cols_inherit tablets-cols_inherit mobiles-cols_1 valign_top type_default stacking_default\" style=\"--columns-gap:3rem;\"><div class=\"wpb_column vc_column_container\"><div class=\"vc_column-inner\"><div class=\"wpb_text_column\"><div class=\"wpb_wrapper\"><p style=\"text-align: justify;\">Aion \u015eirketi olarak, katodik koruma sistemi m\u00fchendisli\u011finin, detayl\u0131 \u00f6n tasar\u0131m ara\u015ft\u0131rmalar\u0131yla ba\u015flad\u0131\u011f\u0131na inan\u0131yoruz. Ger\u00e7ek, do\u011fru verilere sahipken herhangi bir \u015feyi varsay\u0131mlara b\u0131rakmamak gerekti\u011fini d\u00fc\u015f\u00fcn\u00fcyoruz.<\/p>\n<p style=\"text-align: justify;\">Aion&#8217;\u0131n uzmanl\u0131\u011f\u0131yla, optimal sistem tasar\u0131m\u0131 i\u00e7in gereken kesin verileri elde etmek i\u00e7in kapsaml\u0131 saha \u00f6l\u00e7\u00fcmleri yapabiliriz. Herhangi bir katodik koruma sisteminin ba\u015far\u0131s\u0131, do\u011fru bilgilere ba\u011fl\u0131d\u0131r ve bu nedenle \u00f6n tasar\u0131m ara\u015ft\u0131rmalar\u0131m\u0131z s\u0131ras\u0131nda hi\u00e7bir detay\u0131 g\u00f6zden ka\u00e7\u0131rmamaya \u00f6zen g\u00f6steririz.<\/p>\n<p style=\"text-align: justify;\">\u00d6n tasar\u0131m ara\u015ft\u0131rmalar\u0131m\u0131z, katodik koruma sistemini ihtiya\u00e7lar\u0131n\u0131za g\u00f6re \u00f6zelle\u015ftirmemizi sa\u011flar, b\u00f6ylece maksimum verimlilik ve uzun \u00f6m\u00fcr sa\u011flan\u0131r. Ger\u00e7ek saha \u00f6l\u00e7\u00fcmlerini kullanarak belirsizlikleri ve tasar\u0131m hatalar\u0131n\u0131 ortadan kald\u0131rarak, uzun vadeli korozyon korumas\u0131 sa\u011flayan etkili bir sistem elde edebiliriz.<\/p>\n<p style=\"text-align: justify;\">Tahmine dayal\u0131 girdilerden ziyade; en do\u011fru ve g\u00fcvenilir \u00f6n tasar\u0131m ara\u015ft\u0131rmalar\u0131 i\u00e7in bize ba\u015fvurun ve katodik koruma konusunda i\u015fletmelerinizin ve yat\u0131r\u0131mlar\u0131n\u0131z\u0131n g\u00fcvenli\u011fini sa\u011flay\u0131n. \u00d6n tasar\u0131m \u00e7al\u0131\u015fmalar\u0131 i\u00e7in sahada yapt\u0131\u011f\u0131m\u0131z et\u00fctlerin ba\u015fl\u0131calar\u0131:<\/p>\n<ul>\n<li style=\"text-align: justify;\">Ak\u0131m \u0130htiyac\u0131 Testi<\/li>\n<li style=\"text-align: justify;\">Toprak Direnci, pH ve Redoks \u00d6l\u00e7\u00fcmleri<\/li>\n<li style=\"text-align: justify;\">Mevcut KK Sistemi \u00d6l\u00e7\u00fcmleri<\/li>\n<li style=\"text-align: justify;\">Sistemin Yabanc\u0131 Yap\u0131lara Olan Etkile\u015fimi<\/li>\n<\/ul>\n<\/div><\/div><\/div><\/div><div class=\"wpb_column vc_column_container\"><div class=\"vc_column-inner\"><div class=\"w-image align_center\"><div class=\"w-image-h\"><img decoding=\"async\" width=\"900\" height=\"900\" src=\"https:\/\/aion-pro.com\/wp-content\/uploads\/2023\/07\/PRE-DESIGN_SURVEY_02.jpg\" class=\"attachment-large size-large\" alt=\"\" loading=\"lazy\" srcset=\"https:\/\/aion-pro.com\/wp-content\/uploads\/2023\/07\/PRE-DESIGN_SURVEY_02.jpg 900w, https:\/\/aion-pro.com\/wp-content\/uploads\/2023\/07\/PRE-DESIGN_SURVEY_02-300x300.jpg 300w, https:\/\/aion-pro.com\/wp-content\/uploads\/2023\/07\/PRE-DESIGN_SURVEY_02-150x150.jpg 150w\" sizes=\"auto, (max-width: 900px) 100vw, 900px\" \/><\/div><\/div><\/div><\/div><\/div><div class=\"w-separator size_large\"><\/div><div class=\"g-cols wpb_row via_grid cols_3 laptops-cols_inherit tablets-cols_inherit mobiles-cols_1 valign_top type_default stacking_default\" style=\"--columns-gap:3rem;\"><div class=\"wpb_column vc_column_container\"><div class=\"vc_column-inner\"><div class=\"w-image align_center\"><div class=\"w-image-h\"><img decoding=\"async\" width=\"900\" height=\"900\" src=\"https:\/\/aion-pro.com\/wp-content\/uploads\/2023\/07\/PRE-DESIGN_SURVEY_04.jpg\" class=\"attachment-large size-large\" alt=\"\" loading=\"lazy\" srcset=\"https:\/\/aion-pro.com\/wp-content\/uploads\/2023\/07\/PRE-DESIGN_SURVEY_04.jpg 900w, https:\/\/aion-pro.com\/wp-content\/uploads\/2023\/07\/PRE-DESIGN_SURVEY_04-300x300.jpg 300w, https:\/\/aion-pro.com\/wp-content\/uploads\/2023\/07\/PRE-DESIGN_SURVEY_04-150x150.jpg 150w\" sizes=\"auto, (max-width: 900px) 100vw, 900px\" \/><\/div><\/div><\/div><\/div><div class=\"wpb_column vc_column_container\"><div class=\"vc_column-inner\"><div class=\"w-image align_center\"><div class=\"w-image-h\"><img decoding=\"async\" width=\"900\" height=\"900\" src=\"https:\/\/aion-pro.com\/wp-content\/uploads\/2023\/07\/PRE-DESIGN_SURVEY_03.jpg\" class=\"attachment-large size-large\" alt=\"\" loading=\"lazy\" srcset=\"https:\/\/aion-pro.com\/wp-content\/uploads\/2023\/07\/PRE-DESIGN_SURVEY_03.jpg 900w, https:\/\/aion-pro.com\/wp-content\/uploads\/2023\/07\/PRE-DESIGN_SURVEY_03-300x300.jpg 300w, https:\/\/aion-pro.com\/wp-content\/uploads\/2023\/07\/PRE-DESIGN_SURVEY_03-150x150.jpg 150w\" sizes=\"auto, (max-width: 900px) 100vw, 900px\" \/><\/div><\/div><\/div><\/div><div class=\"wpb_column vc_column_container\"><div class=\"vc_column-inner\"><div class=\"w-image align_center\"><div class=\"w-image-h\"><img decoding=\"async\" width=\"900\" height=\"900\" src=\"https:\/\/aion-pro.com\/wp-content\/uploads\/2023\/07\/PRE-DESIGN_SURVEY_01.jpg\" class=\"attachment-large size-large\" alt=\"\" loading=\"lazy\" srcset=\"https:\/\/aion-pro.com\/wp-content\/uploads\/2023\/07\/PRE-DESIGN_SURVEY_01.jpg 900w, https:\/\/aion-pro.com\/wp-content\/uploads\/2023\/07\/PRE-DESIGN_SURVEY_01-300x300.jpg 300w, https:\/\/aion-pro.com\/wp-content\/uploads\/2023\/07\/PRE-DESIGN_SURVEY_01-150x150.jpg 150w\" sizes=\"auto, (max-width: 900px) 100vw, 900px\" \/><\/div><\/div><\/div><\/div><\/div><\/div><\/div><\/div><\/div><\/section>\n","protected":false},"excerpt":{"rendered":"Aion \u015eirketi olarak, katodik koruma sistemi m\u00fchendisli\u011finin, detayl\u0131 \u00f6n tasar\u0131m ara\u015ft\u0131rmalar\u0131yla ba\u015flad\u0131\u011f\u0131na inan\u0131yoruz. Ger\u00e7ek, do\u011fru verilere sahipken herhangi bir \u015feyi varsay\u0131mlara b\u0131rakmamak gerekti\u011fini d\u00fc\u015f\u00fcn\u00fcyoruz. Aion&#8217;\u0131n uzmanl\u0131\u011f\u0131yla, optimal sistem tasar\u0131m\u0131 i\u00e7in gereken kesin verileri elde etmek i\u00e7in kapsaml\u0131 saha \u00f6l\u00e7\u00fcmleri yapabiliriz. Herhangi bir katodik koruma sisteminin ba\u015far\u0131s\u0131, do\u011fru bilgilere ba\u011fl\u0131d\u0131r ve bu nedenle \u00f6n tasar\u0131m ara\u015ft\u0131rmalar\u0131m\u0131z...","protected":false},"author":1,"featured_media":8296,"parent":0,"menu_order":0,"comment_status":"closed","ping_status":"closed","template":"","meta":{"_acf_changed":false,"footnotes":""},"class_list":["post-8363","page","type-page","status-publish","has-post-thumbnail","hentry"],"acf":[],"_links":{"self":[{"href":"https:\/\/aion-pro.com\/tr\/wp-json\/wp\/v2\/pages\/8363","targetHints":{"allow":["GET"]}}],"collection":[{"href":"https:\/\/aion-pro.com\/tr\/wp-json\/wp\/v2\/pages"}],"about":[{"href":"https:\/\/aion-pro.com\/tr\/wp-json\/wp\/v2\/types\/page"}],"author":[{"embeddable":true,"href":"https:\/\/aion-pro.com\/tr\/wp-json\/wp\/v2\/users\/1"}],"replies":[{"embeddable":true,"href":"https:\/\/aion-pro.com\/tr\/wp-json\/wp\/v2\/comments?post=8363"}],"version-history":[{"count":1,"href":"https:\/\/aion-pro.com\/tr\/wp-json\/wp\/v2\/pages\/8363\/revisions"}],"predecessor-version":[{"id":8364,"href":"https:\/\/aion-pro.com\/tr\/wp-json\/wp\/v2\/pages\/8363\/revisions\/8364"}],"wp:featuredmedia":[{"embeddable":true,"href":"https:\/\/aion-pro.com\/tr\/wp-json\/wp\/v2\/media\/8296"}],"wp:attachment":[{"href":"https:\/\/aion-pro.com\/tr\/wp-json\/wp\/v2\/media?parent=8363"}],"curies":[{"name":"wp","href":"https:\/\/api.w.org\/{rel}","templated":true}]}}