{"id":8365,"date":"2023-07-24T15:57:55","date_gmt":"2023-07-24T12:57:55","guid":{"rendered":"https:\/\/aion-pro.com\/site-installation-works\/"},"modified":"2023-08-04T13:59:32","modified_gmt":"2023-08-04T10:59:32","slug":"saha-montaj-hizmetleri","status":"publish","type":"page","link":"https:\/\/aion-pro.com\/tr\/saha-montaj-hizmetleri\/","title":{"rendered":"SAHA MONTAJ H\u0130ZMETLER\u0130"},"content":{"rendered":"<section class=\"l-section wpb_row height_custom\" id=\"first\"><div class=\"l-section-h i-cf\"><div class=\"g-cols vc_row via_grid cols_1 laptops-cols_inherit tablets-cols_inherit mobiles-cols_1 valign_top type_default stacking_default\"><div class=\"wpb_column vc_column_container\"><div class=\"vc_column-inner\"><div class=\"g-cols wpb_row via_grid cols_2 laptops-cols_inherit tablets-cols_inherit mobiles-cols_1 valign_top type_default stacking_default\" style=\"--columns-gap:3rem;\"><div class=\"wpb_column vc_column_container\"><div class=\"vc_column-inner\"><div class=\"wpb_text_column\"><div class=\"wpb_wrapper\"><p style=\"text-align: justify;\">Aion \u015eirketi&#8217;nin katodik koruma sistemi \u00e7al\u0131\u015fmalar\u0131nda uzmanl\u0131\u011f\u0131, boru hatlar\u0131ndan tank \u00e7iftliklerine, iskelelere, k\u00f6pr\u00fc \u015faftlar\u0131na ve hatta beton yap\u0131lar\u0131n g\u00fc\u00e7lendirilmesine kadar geni\u015f bir proje yelpazesini kapsar. Bu \u00f6rnekler, yeteneklerimizin sadece bir k\u0131sm\u0131n\u0131 yans\u0131tsa da, \u00e7e\u015fitli end\u00fcstrilerde ve karma\u015f\u0131k yap\u0131larda da \u00e7\u00f6z\u00fcmler sunabiliriz.<\/p>\n<p style=\"text-align: justify;\">Aion, NACE (AMPP) Sertifikal\u0131 M\u00fchendislerle, basitten karma\u015f\u0131k detaylara kadar olan sahalar ve yap\u0131lar \u00fczerinde katodik koruma (KK) ekipmanlar\u0131n\u0131n ba\u015far\u0131l\u0131 bir \u015fekilde kurulumunu ger\u00e7ekle\u015ftirebilir. Geni\u015f uzmanl\u0131\u011f\u0131m\u0131z ve m\u00fckemmelli\u011fe olan kararl\u0131l\u0131\u011f\u0131m\u0131zla, m\u00fc\u015fterilerimize katodik koruma kurulum \u00e7al\u0131\u015fmalar\u0131 konusunda hizmet etmekten mutluluk duyuyoruz<\/p>\n<\/div><\/div><\/div><\/div><div class=\"wpb_column vc_column_container\"><div class=\"vc_column-inner\"><div class=\"w-image align_center\"><div class=\"w-image-h\"><img decoding=\"async\" width=\"1024\" height=\"574\" src=\"https:\/\/aion-pro.com\/wp-content\/uploads\/2023\/07\/INSTALLATION_03-1024x574.jpg\" class=\"attachment-large size-large\" alt=\"\" loading=\"lazy\" srcset=\"https:\/\/aion-pro.com\/wp-content\/uploads\/2023\/07\/INSTALLATION_03-1024x574.jpg 1024w, https:\/\/aion-pro.com\/wp-content\/uploads\/2023\/07\/INSTALLATION_03-300x168.jpg 300w, https:\/\/aion-pro.com\/wp-content\/uploads\/2023\/07\/INSTALLATION_03-1536x861.jpg 1536w, https:\/\/aion-pro.com\/wp-content\/uploads\/2023\/07\/INSTALLATION_03.jpg 1920w\" sizes=\"auto, (max-width: 1024px) 100vw, 1024px\" \/><\/div><\/div><\/div><\/div><\/div><div class=\"w-separator size_large\"><\/div><div class=\"g-cols wpb_row via_grid cols_3 laptops-cols_inherit tablets-cols_inherit mobiles-cols_1 valign_top type_default stacking_default\" style=\"--columns-gap:3rem;\"><div class=\"wpb_column vc_column_container\"><div class=\"vc_column-inner\"><div class=\"w-image align_center\"><div class=\"w-image-h\"><img decoding=\"async\" width=\"900\" height=\"900\" src=\"https:\/\/aion-pro.com\/wp-content\/uploads\/2023\/07\/INSTALLATION_04.jpg\" class=\"attachment-large size-large\" alt=\"\" loading=\"lazy\" srcset=\"https:\/\/aion-pro.com\/wp-content\/uploads\/2023\/07\/INSTALLATION_04.jpg 900w, https:\/\/aion-pro.com\/wp-content\/uploads\/2023\/07\/INSTALLATION_04-300x300.jpg 300w, https:\/\/aion-pro.com\/wp-content\/uploads\/2023\/07\/INSTALLATION_04-150x150.jpg 150w\" sizes=\"auto, (max-width: 900px) 100vw, 900px\" \/><\/div><\/div><\/div><\/div><div class=\"wpb_column vc_column_container\"><div class=\"vc_column-inner\"><div class=\"w-image align_center\"><div class=\"w-image-h\"><img decoding=\"async\" width=\"900\" height=\"900\" src=\"https:\/\/aion-pro.com\/wp-content\/uploads\/2023\/07\/INSTALLATION_02.jpg\" class=\"attachment-large size-large\" alt=\"\" loading=\"lazy\" srcset=\"https:\/\/aion-pro.com\/wp-content\/uploads\/2023\/07\/INSTALLATION_02.jpg 900w, https:\/\/aion-pro.com\/wp-content\/uploads\/2023\/07\/INSTALLATION_02-300x300.jpg 300w, https:\/\/aion-pro.com\/wp-content\/uploads\/2023\/07\/INSTALLATION_02-150x150.jpg 150w\" sizes=\"auto, (max-width: 900px) 100vw, 900px\" \/><\/div><\/div><\/div><\/div><div class=\"wpb_column vc_column_container\"><div class=\"vc_column-inner\"><div class=\"w-image align_center\"><div class=\"w-image-h\"><img decoding=\"async\" width=\"900\" height=\"900\" src=\"https:\/\/aion-pro.com\/wp-content\/uploads\/2023\/07\/INSTALLATION_01.jpg\" class=\"attachment-large size-large\" alt=\"\" loading=\"lazy\" srcset=\"https:\/\/aion-pro.com\/wp-content\/uploads\/2023\/07\/INSTALLATION_01.jpg 900w, https:\/\/aion-pro.com\/wp-content\/uploads\/2023\/07\/INSTALLATION_01-300x300.jpg 300w, https:\/\/aion-pro.com\/wp-content\/uploads\/2023\/07\/INSTALLATION_01-150x150.jpg 150w\" sizes=\"auto, (max-width: 900px) 100vw, 900px\" \/><\/div><\/div><\/div><\/div><\/div><\/div><\/div><\/div><\/div><\/section>\n","protected":false},"excerpt":{"rendered":"Aion \u015eirketi&#8217;nin katodik koruma sistemi \u00e7al\u0131\u015fmalar\u0131nda uzmanl\u0131\u011f\u0131, boru hatlar\u0131ndan tank \u00e7iftliklerine, iskelelere, k\u00f6pr\u00fc \u015faftlar\u0131na ve hatta beton yap\u0131lar\u0131n g\u00fc\u00e7lendirilmesine kadar geni\u015f bir proje yelpazesini kapsar. Bu \u00f6rnekler, yeteneklerimizin sadece bir k\u0131sm\u0131n\u0131 yans\u0131tsa da, \u00e7e\u015fitli end\u00fcstrilerde ve karma\u015f\u0131k yap\u0131larda da \u00e7\u00f6z\u00fcmler sunabiliriz. Aion, NACE (AMPP) Sertifikal\u0131 M\u00fchendislerle, basitten karma\u015f\u0131k detaylara kadar olan sahalar ve yap\u0131lar \u00fczerinde...","protected":false},"author":1,"featured_media":8292,"parent":0,"menu_order":0,"comment_status":"closed","ping_status":"closed","template":"","meta":{"_acf_changed":false,"footnotes":""},"class_list":["post-8365","page","type-page","status-publish","has-post-thumbnail","hentry"],"acf":[],"_links":{"self":[{"href":"https:\/\/aion-pro.com\/tr\/wp-json\/wp\/v2\/pages\/8365","targetHints":{"allow":["GET"]}}],"collection":[{"href":"https:\/\/aion-pro.com\/tr\/wp-json\/wp\/v2\/pages"}],"about":[{"href":"https:\/\/aion-pro.com\/tr\/wp-json\/wp\/v2\/types\/page"}],"author":[{"embeddable":true,"href":"https:\/\/aion-pro.com\/tr\/wp-json\/wp\/v2\/users\/1"}],"replies":[{"embeddable":true,"href":"https:\/\/aion-pro.com\/tr\/wp-json\/wp\/v2\/comments?post=8365"}],"version-history":[{"count":1,"href":"https:\/\/aion-pro.com\/tr\/wp-json\/wp\/v2\/pages\/8365\/revisions"}],"predecessor-version":[{"id":8366,"href":"https:\/\/aion-pro.com\/tr\/wp-json\/wp\/v2\/pages\/8365\/revisions\/8366"}],"wp:featuredmedia":[{"embeddable":true,"href":"https:\/\/aion-pro.com\/tr\/wp-json\/wp\/v2\/media\/8292"}],"wp:attachment":[{"href":"https:\/\/aion-pro.com\/tr\/wp-json\/wp\/v2\/media?parent=8365"}],"curies":[{"name":"wp","href":"https:\/\/api.w.org\/{rel}","templated":true}]}}