{"id":8367,"date":"2023-07-24T15:52:13","date_gmt":"2023-07-24T12:52:13","guid":{"rendered":"https:\/\/aion-pro.com\/complex-structures\/"},"modified":"2023-08-04T14:00:17","modified_gmt":"2023-08-04T11:00:17","slug":"karmasik-yapilar","status":"publish","type":"page","link":"https:\/\/aion-pro.com\/tr\/karmasik-yapilar\/","title":{"rendered":"KARMA\u015eIK YAPILAR"},"content":{"rendered":"<section class=\"l-section wpb_row height_custom\" id=\"down\"><div class=\"l-section-h i-cf\"><div class=\"g-cols vc_row via_grid cols_1 laptops-cols_inherit tablets-cols_inherit mobiles-cols_1 valign_top type_default stacking_default\"><div class=\"wpb_column vc_column_container\"><div class=\"vc_column-inner\"><div class=\"wpb_text_column\"><div class=\"wpb_wrapper\"><p>E\u011fer yap\u0131n\u0131z listedeki yap\u0131 t\u00fcrlerinden biri de\u011filse, detayl\u0131 bir inceleme i\u00e7in l\u00fctfen bize ba\u015fvurun. Herhangi bir yap\u0131 t\u00fcr\u00fc i\u00e7in her zaman bir tasar\u0131m fikri ortaya koyabiliriz.<\/p>\n<\/div><\/div><div class=\"w-separator size_large\"><\/div><div class=\"g-cols wpb_row via_grid cols_3 laptops-cols_inherit tablets-cols_inherit mobiles-cols_1 valign_top type_default stacking_default\" style=\"--columns-gap:3rem;\"><div class=\"wpb_column vc_column_container\"><div class=\"vc_column-inner\"><div class=\"w-image align_center\"><div class=\"w-image-h\"><img decoding=\"async\" width=\"900\" height=\"900\" src=\"https:\/\/aion-pro.com\/wp-content\/uploads\/2023\/07\/COMPLEX_STRUCTURES_06.jpg\" class=\"attachment-large size-large\" alt=\"\" loading=\"lazy\" srcset=\"https:\/\/aion-pro.com\/wp-content\/uploads\/2023\/07\/COMPLEX_STRUCTURES_06.jpg 900w, https:\/\/aion-pro.com\/wp-content\/uploads\/2023\/07\/COMPLEX_STRUCTURES_06-300x300.jpg 300w, https:\/\/aion-pro.com\/wp-content\/uploads\/2023\/07\/COMPLEX_STRUCTURES_06-150x150.jpg 150w\" sizes=\"auto, (max-width: 900px) 100vw, 900px\" \/><\/div><\/div><\/div><\/div><div class=\"wpb_column vc_column_container\"><div class=\"vc_column-inner\"><div class=\"w-image align_center\"><div class=\"w-image-h\"><img decoding=\"async\" width=\"900\" height=\"900\" src=\"https:\/\/aion-pro.com\/wp-content\/uploads\/2023\/07\/COMPLEX_STRUCTURES_04.jpg\" class=\"attachment-large size-large\" alt=\"\" loading=\"lazy\" srcset=\"https:\/\/aion-pro.com\/wp-content\/uploads\/2023\/07\/COMPLEX_STRUCTURES_04.jpg 900w, https:\/\/aion-pro.com\/wp-content\/uploads\/2023\/07\/COMPLEX_STRUCTURES_04-300x300.jpg 300w, https:\/\/aion-pro.com\/wp-content\/uploads\/2023\/07\/COMPLEX_STRUCTURES_04-150x150.jpg 150w\" sizes=\"auto, (max-width: 900px) 100vw, 900px\" \/><\/div><\/div><\/div><\/div><div class=\"wpb_column vc_column_container\"><div class=\"vc_column-inner\"><div class=\"w-image align_center\"><div class=\"w-image-h\"><img decoding=\"async\" width=\"900\" height=\"900\" src=\"https:\/\/aion-pro.com\/wp-content\/uploads\/2023\/07\/COMPLEX_STRUCTURES_01.jpg\" class=\"attachment-large size-large\" alt=\"\" loading=\"lazy\" srcset=\"https:\/\/aion-pro.com\/wp-content\/uploads\/2023\/07\/COMPLEX_STRUCTURES_01.jpg 900w, https:\/\/aion-pro.com\/wp-content\/uploads\/2023\/07\/COMPLEX_STRUCTURES_01-300x300.jpg 300w, https:\/\/aion-pro.com\/wp-content\/uploads\/2023\/07\/COMPLEX_STRUCTURES_01-150x150.jpg 150w\" sizes=\"auto, (max-width: 900px) 100vw, 900px\" \/><\/div><\/div><\/div><\/div><\/div><\/div><\/div><\/div><\/div><\/section>\n","protected":false},"excerpt":{"rendered":"E\u011fer yap\u0131n\u0131z listedeki yap\u0131 t\u00fcrlerinden biri de\u011filse, detayl\u0131 bir inceleme i\u00e7in l\u00fctfen bize ba\u015fvurun. Herhangi bir yap\u0131 t\u00fcr\u00fc i\u00e7in her zaman bir tasar\u0131m fikri ortaya koyabiliriz.","protected":false},"author":1,"featured_media":8287,"parent":0,"menu_order":0,"comment_status":"closed","ping_status":"closed","template":"","meta":{"_acf_changed":false,"footnotes":""},"class_list":["post-8367","page","type-page","status-publish","has-post-thumbnail","hentry"],"acf":[],"_links":{"self":[{"href":"https:\/\/aion-pro.com\/tr\/wp-json\/wp\/v2\/pages\/8367","targetHints":{"allow":["GET"]}}],"collection":[{"href":"https:\/\/aion-pro.com\/tr\/wp-json\/wp\/v2\/pages"}],"about":[{"href":"https:\/\/aion-pro.com\/tr\/wp-json\/wp\/v2\/types\/page"}],"author":[{"embeddable":true,"href":"https:\/\/aion-pro.com\/tr\/wp-json\/wp\/v2\/users\/1"}],"replies":[{"embeddable":true,"href":"https:\/\/aion-pro.com\/tr\/wp-json\/wp\/v2\/comments?post=8367"}],"version-history":[{"count":1,"href":"https:\/\/aion-pro.com\/tr\/wp-json\/wp\/v2\/pages\/8367\/revisions"}],"predecessor-version":[{"id":8368,"href":"https:\/\/aion-pro.com\/tr\/wp-json\/wp\/v2\/pages\/8367\/revisions\/8368"}],"wp:featuredmedia":[{"embeddable":true,"href":"https:\/\/aion-pro.com\/tr\/wp-json\/wp\/v2\/media\/8287"}],"wp:attachment":[{"href":"https:\/\/aion-pro.com\/tr\/wp-json\/wp\/v2\/media?parent=8367"}],"curies":[{"name":"wp","href":"https:\/\/api.w.org\/{rel}","templated":true}]}}