{"id":8370,"date":"2023-07-24T14:53:22","date_gmt":"2023-07-24T11:53:22","guid":{"rendered":"https:\/\/aion-pro.com\/pipeline\/"},"modified":"2023-08-08T16:24:15","modified_gmt":"2023-08-08T13:24:15","slug":"boru-hatti","status":"publish","type":"page","link":"https:\/\/aion-pro.com\/tr\/boru-hatti\/","title":{"rendered":"BORU HATTI"},"content":{"rendered":"<section class=\"l-section wpb_row height_auto type_sticky\" id=\"down\"><div class=\"l-section-overlay\" style=\"background:var(--color-content-primary)\"><\/div><div class=\"l-section-h i-cf\"><div class=\"g-cols vc_row via_grid cols_1 laptops-cols_inherit tablets-cols_inherit mobiles-cols_1 valign_top type_default stacking_default\"><div class=\"wpb_column vc_column_container\"><div class=\"vc_column-inner\"><div class=\"w-hwrapper hizmetmenu valign_middle stack_on_mobiles align_none\" style=\"--hwrapper-gap:0rem\"><div class=\"w-btn-wrapper align_none\"><a class=\"w-btn us-btn-style_12 us_custom_49f317a8\" href=\"#first\"><span class=\"w-btn-label\">UZUN BORU HATLARI DAKK<\/span><\/a><\/div><div class=\"w-btn-wrapper align_none\"><a class=\"w-btn us-btn-style_12 us_custom_49f317a8\" href=\"#second\"><span class=\"w-btn-label\">UZUN BORU HATLARI GALVAN\u0130K<\/span><\/a><\/div><\/div><\/div><\/div><\/div><\/div><\/section><section class=\"l-section wpb_row height_custom\" id=\"first\"><div class=\"l-section-h i-cf\"><div class=\"g-cols vc_row via_grid cols_1 laptops-cols_inherit tablets-cols_inherit mobiles-cols_1 valign_top type_default stacking_default\"><div class=\"wpb_column vc_column_container\"><div class=\"vc_column-inner\"><div class=\"g-cols wpb_row via_grid cols_2 laptops-cols_inherit tablets-cols_inherit mobiles-cols_1 valign_top type_default stacking_default\" style=\"--columns-gap:3rem;\"><div class=\"wpb_column vc_column_container\"><div class=\"vc_column-inner\"><div class=\"wpb_text_column\"><div class=\"wpb_wrapper\"><p style=\"text-align: justify;\">Bir boru hatt\u0131 katodik koruma sistemi, yeralt\u0131 veya deniz taban\u0131 boru hatlar\u0131n\u0131n korozyonunu \u00f6nlemek i\u00e7in tasarlanm\u0131\u015ft\u0131r. Korozyon, boru altyap\u0131s\u0131 i\u00e7in \u00f6nemli bir tehdittir, \u00e7\u00fcnk\u00fc s\u0131z\u0131nt\u0131lara, yap\u0131sal hasarlara ve maliyetli onar\u0131mlara yol a\u00e7abilir. Katodik koruma sistemi, boruya do\u011frudan bir DC ak\u0131m uygulayarak elektrokimyasal reaksiyonu tersine \u00e7evirir ve borunun korozyona u\u011framas\u0131n\u0131 \u00f6nler.<\/p>\n<p style=\"text-align: justify;\">Boru hatt\u0131 katodik koruma sistemlerinin iki temel t\u00fcr\u00fc vard\u0131r: d\u0131\u015f ak\u0131m kaynakl\u0131 sistemler ve kurbanl\u0131k anotlu (galvanik) sistemler. D\u0131\u015f ak\u0131m kaynakl\u0131 sistemler, boruya ak\u0131m uygulamak i\u00e7in harici bir g\u00fc\u00e7 kayna\u011f\u0131 kullan\u0131rken, kurbanl\u0131k anot sistemleri, borunun yerine korozyona u\u011frayacak daha aktif metallerden yap\u0131lm\u0131\u015f kurbanl\u0131k anotlar\u0131 kullan\u0131r. Sistem se\u00e7imi, boru hatt\u0131n\u0131n uzunlu\u011fu, toprak direnci, kaplama durumu ve korozyon ortam\u0131 gibi fakt\u00f6rlere ba\u011fl\u0131d\u0131r.<\/p>\n<p style=\"text-align: justify;\"><strong>Boru Hatlar\u0131 Katodik Koruma (KK) Sistemlerinin Maliyet Etkinli\u011fini De\u011ferlendirme<\/strong><\/p>\n<p style=\"text-align: justify;\">Bir boru hatt\u0131 KK sisteminin maliyet etkinli\u011fini de\u011ferlendirmek i\u00e7in birka\u00e7 fakt\u00f6r g\u00f6z \u00f6n\u00fcnde bulundurulmal\u0131d\u0131r. \u0130lk olarak, sistemin ba\u015flang\u0131\u00e7 kurulum maliyeti, malzeme, i\u015f\u00e7ilik ve ekipman gibi unsurlar de\u011ferlendirilmelidir. Bu maliyet, boru hatt\u0131n\u0131n uzunlu\u011fu, \u00e7ap\u0131, se\u00e7ilen KK sistemi (d\u0131\u015f ak\u0131m kaynakl\u0131 veya kurbanl\u0131k anot), ve kurulum s\u00fcrecinin karma\u015f\u0131kl\u0131\u011f\u0131 gibi fakt\u00f6rlere ba\u011fl\u0131 olarak de\u011fi\u015fecektir. Bu maliyetlerin, s\u0131z\u0131nt\u0131lar, boru hatt\u0131 ar\u0131zalar\u0131 ve \u00e7evresel kirlenme gibi korozyonla ili\u015fkili sorunlar\u0131 \u00f6nleme potansiyel tasarruflarla kar\u015f\u0131la\u015ft\u0131r\u0131lmas\u0131 \u00f6nemlidir.<\/p>\n<p style=\"text-align: justify;\">\u0130kinci olarak, bak\u0131m ve i\u015fletme maliyetleri g\u00f6z \u00f6n\u00fcnde bulundurulmal\u0131d\u0131r. KK sisteminin optimal \u015fekilde \u00e7al\u0131\u015fmas\u0131n\u0131 sa\u011flamak i\u00e7in d\u00fczenli denetimler, izleme ve bak\u0131m faaliyetleri gereklidir. Bu faaliyetlerin maliyeti, izleme ekipmanlar\u0131, personel ve gerekti\u011finde yap\u0131lacak tamir veya de\u011fi\u015fimler gibi unsurlar\u0131n yan\u0131 s\u0131ra de\u011ferlendirmeye dahil edilmelidir. Bu maliyetler, pahal\u0131 onar\u0131mlardan, boru hatt\u0131 yenilemelerinden ve bunlara ba\u011fl\u0131 \u00e7evresel ve g\u00fcvenlik risklerinden ka\u00e7\u0131nma potansiyel tasarruflarla kar\u015f\u0131la\u015ft\u0131r\u0131lmal\u0131d\u0131r.<\/p>\n<p style=\"text-align: justify;\">Son olarak, maliyet etkin bir KK sisteminin uzun vadeli faydalar\u0131 d\u00fc\u015f\u00fcn\u00fclmelidir. Etkili bir KK sistemi yat\u0131r\u0131m\u0131 yaparak, i\u015fletmeler altyap\u0131lar\u0131n\u0131n hizmet \u00f6mr\u00fcn\u00fc uzatabilir, s\u0131z\u0131nt\u0131 ve \u00e7evresel olay riskini en aza indirebilir ve operasyonlar\u0131n g\u00fcvenilirli\u011fini ve g\u00fcvenli\u011fini sa\u011flayabilir.<\/p>\n<\/div><\/div><\/div><\/div><div class=\"wpb_column vc_column_container\"><div class=\"vc_column-inner\"><div class=\"w-image align_center\"><div class=\"w-image-h\"><img decoding=\"async\" width=\"900\" height=\"900\" src=\"https:\/\/aion-pro.com\/wp-content\/uploads\/2023\/07\/PIPELINE_02.jpg\" class=\"attachment-large size-large\" alt=\"\" loading=\"lazy\" srcset=\"https:\/\/aion-pro.com\/wp-content\/uploads\/2023\/07\/PIPELINE_02.jpg 900w, https:\/\/aion-pro.com\/wp-content\/uploads\/2023\/07\/PIPELINE_02-300x300.jpg 300w, https:\/\/aion-pro.com\/wp-content\/uploads\/2023\/07\/PIPELINE_02-150x150.jpg 150w\" sizes=\"auto, (max-width: 900px) 100vw, 900px\" \/><\/div><\/div><\/div><\/div><\/div><\/div><\/div><\/div><\/div><\/section><section class=\"l-section wpb_row height_custom\" id=\"first\"><div class=\"l-section-h i-cf\"><div class=\"g-cols vc_row via_grid cols_1 laptops-cols_inherit tablets-cols_inherit mobiles-cols_1 valign_top type_default stacking_default\"><div class=\"wpb_column vc_column_container\"><div class=\"vc_column-inner\"><div class=\"wpb_text_column\"><div class=\"wpb_wrapper\"><h2>UZUN BORU HATLARI DAKK<\/h2>\n<\/div><\/div><div class=\"w-separator size_small\"><\/div><div class=\"g-cols wpb_row via_grid cols_2 laptops-cols_inherit tablets-cols_inherit mobiles-cols_1 valign_top type_default stacking_default\" style=\"--columns-gap:3rem;\"><div class=\"wpb_column vc_column_container\"><div class=\"vc_column-inner\"><div class=\"w-image align_center\"><div class=\"w-image-h\"><img decoding=\"async\" width=\"900\" height=\"900\" src=\"https:\/\/aion-pro.com\/wp-content\/uploads\/2023\/07\/PIPELINE_05.jpg\" class=\"attachment-large size-large\" alt=\"\" loading=\"lazy\" srcset=\"https:\/\/aion-pro.com\/wp-content\/uploads\/2023\/07\/PIPELINE_05.jpg 900w, https:\/\/aion-pro.com\/wp-content\/uploads\/2023\/07\/PIPELINE_05-300x300.jpg 300w, https:\/\/aion-pro.com\/wp-content\/uploads\/2023\/07\/PIPELINE_05-150x150.jpg 150w\" sizes=\"auto, (max-width: 900px) 100vw, 900px\" \/><\/div><\/div><\/div><\/div><div class=\"wpb_column vc_column_container\"><div class=\"vc_column-inner\"><div class=\"wpb_text_column\"><div class=\"wpb_wrapper\"><h3>Uzun Boru Hatlar\u0131 D\u0131\u015f Ak\u0131m Kaynakl\u0131 Katodik Koruma Sistemi<\/h3>\n<p style=\"text-align: justify;\">D\u0131\u015f ak\u0131m kaynakl\u0131 katodik koruma (DAKK) sistemi tasar\u0131m\u0131nda izledi\u011fimiz ba\u015fl\u0131ca maddeler a\u015fa\u011f\u0131daki gibidir:<\/p>\n<ul style=\"text-align: justify;\">\n<li>Boru Hatlar\u0131 \u00d6zellikleri<\/li>\n<li>Ak\u0131m Da\u011f\u0131l\u0131m\u0131<\/li>\n<li>G\u00fc\u00e7 Kayna\u011f\u0131 (TR \u00dcnitesi) Se\u00e7imi<\/li>\n<li>Referans Elektrotlar\u0131 ve \u0130zleme<\/li>\n<li>Sistem Bak\u0131m\u0131<\/li>\n<li>Standartlara Uygunluk<\/li>\n<li>Yabanc\u0131 Yap\u0131lar ile Enterferans<\/li>\n<\/ul>\n<p style=\"text-align: justify;\">DAKK sisteminin performans\u0131n\u0131 optimize etmek i\u00e7in kapsaml\u0131 m\u00fchendislik analizleri, saha de\u011ferlendirmeleri ve periyodik sistem de\u011ferlendirmeleri yaparak i\u015fletmelerin korozyon kaynakl\u0131 hasar maliyetlerini s\u0131f\u0131ra indirebiliriz.<\/p>\n<\/div><\/div><\/div><\/div><\/div><\/div><\/div><\/div><\/div><\/section><section class=\"l-section wpb_row height_custom\" id=\"second\"><div class=\"l-section-h i-cf\"><div class=\"g-cols vc_row via_grid cols_1 laptops-cols_inherit tablets-cols_inherit mobiles-cols_1 valign_top type_default stacking_default\"><div class=\"wpb_column vc_column_container\"><div class=\"vc_column-inner\"><div class=\"wpb_text_column\"><div class=\"wpb_wrapper\"><h2>UZUN BORU HATLARI GALVAN\u0130K<\/h2>\n<\/div><\/div><div class=\"w-separator size_small\"><\/div><div class=\"g-cols wpb_row via_grid cols_2 laptops-cols_inherit tablets-cols_inherit mobiles-cols_1 valign_top type_default stacking_default\" style=\"--columns-gap:3rem;\"><div class=\"wpb_column vc_column_container\"><div class=\"vc_column-inner\"><div class=\"wpb_text_column\"><div class=\"wpb_wrapper\"><h3 style=\"text-align: justify;\">Uzun Boru Hatlar\u0131 Galvanik (Kurbanl\u0131k Anotlu) Katodik Koruma Sistemi<\/h3>\n<p style=\"text-align: justify;\">Uzun boru hatlar\u0131 i\u00e7in galvanik katodik koruma sistemi ile ilgili ba\u015fl\u0131ca tasar\u0131m a\u015famalar\u0131m\u0131z a\u015fa\u011f\u0131daki gibidir:<\/p>\n<ul style=\"text-align: justify;\">\n<li>Boru Hatlar\u0131 \u00d6zellikleri<\/li>\n<li>Ak\u0131m Da\u011f\u0131l\u0131m\u0131<\/li>\n<li>Anot Se\u00e7imi<\/li>\n<li>Referans Elektrotlar\u0131 ve \u0130zleme<\/li>\n<li>Sistem Bak\u0131m\u0131<\/li>\n<li>Standartlara Uygunluk<\/li>\n<li>Yabanc\u0131 Yap\u0131lar ile Enterferans<\/li>\n<\/ul>\n<p style=\"text-align: justify;\">Bu tasar\u0131m unsurlar\u0131n\u0131 ve daha bir\u00e7ok parametreleri analiz ederiz uzun vadeli korozyon korumas\u0131 sa\u011flayan etkili kurbanl\u0131k anotlu KK sistemleri geli\u015ftirebiliriz, riskleri en aza indirebilir ve boru altyap\u0131s\u0131n\u0131n b\u00fct\u00fcnl\u00fc\u011f\u00fcn\u00fc ve dayan\u0131kl\u0131l\u0131\u011f\u0131n\u0131 sa\u011flayabiliriz.<\/p>\n<\/div><\/div><\/div><\/div><div class=\"wpb_column vc_column_container\"><div class=\"vc_column-inner\"><div class=\"w-image align_center\"><div class=\"w-image-h\"><img decoding=\"async\" width=\"900\" height=\"900\" src=\"https:\/\/aion-pro.com\/wp-content\/uploads\/2023\/07\/PIPELINE_01.jpg\" class=\"attachment-large size-large\" alt=\"\" loading=\"lazy\" srcset=\"https:\/\/aion-pro.com\/wp-content\/uploads\/2023\/07\/PIPELINE_01.jpg 900w, https:\/\/aion-pro.com\/wp-content\/uploads\/2023\/07\/PIPELINE_01-300x300.jpg 300w, https:\/\/aion-pro.com\/wp-content\/uploads\/2023\/07\/PIPELINE_01-150x150.jpg 150w\" sizes=\"auto, (max-width: 900px) 100vw, 900px\" \/><\/div><\/div><\/div><\/div><\/div><\/div><\/div><\/div><\/div><\/section>\n","protected":false},"excerpt":{"rendered":"UZUN BORU HATLARI DAKKUZUN BORU HATLARI GALVAN\u0130KBir boru hatt\u0131 katodik koruma sistemi, yeralt\u0131 veya deniz taban\u0131 boru hatlar\u0131n\u0131n korozyonunu \u00f6nlemek i\u00e7in tasarlanm\u0131\u015ft\u0131r. Korozyon, boru altyap\u0131s\u0131 i\u00e7in \u00f6nemli bir tehdittir, \u00e7\u00fcnk\u00fc s\u0131z\u0131nt\u0131lara, yap\u0131sal hasarlara ve maliyetli onar\u0131mlara yol a\u00e7abilir. Katodik koruma sistemi, boruya do\u011frudan bir DC ak\u0131m uygulayarak elektrokimyasal reaksiyonu tersine \u00e7evirir ve borunun korozyona u\u011framas\u0131n\u0131...","protected":false},"author":1,"featured_media":8261,"parent":0,"menu_order":0,"comment_status":"closed","ping_status":"closed","template":"","meta":{"_acf_changed":false,"footnotes":""},"class_list":["post-8370","page","type-page","status-publish","has-post-thumbnail","hentry"],"acf":[],"_links":{"self":[{"href":"https:\/\/aion-pro.com\/tr\/wp-json\/wp\/v2\/pages\/8370","targetHints":{"allow":["GET"]}}],"collection":[{"href":"https:\/\/aion-pro.com\/tr\/wp-json\/wp\/v2\/pages"}],"about":[{"href":"https:\/\/aion-pro.com\/tr\/wp-json\/wp\/v2\/types\/page"}],"author":[{"embeddable":true,"href":"https:\/\/aion-pro.com\/tr\/wp-json\/wp\/v2\/users\/1"}],"replies":[{"embeddable":true,"href":"https:\/\/aion-pro.com\/tr\/wp-json\/wp\/v2\/comments?post=8370"}],"version-history":[{"count":2,"href":"https:\/\/aion-pro.com\/tr\/wp-json\/wp\/v2\/pages\/8370\/revisions"}],"predecessor-version":[{"id":8372,"href":"https:\/\/aion-pro.com\/tr\/wp-json\/wp\/v2\/pages\/8370\/revisions\/8372"}],"wp:featuredmedia":[{"embeddable":true,"href":"https:\/\/aion-pro.com\/tr\/wp-json\/wp\/v2\/media\/8261"}],"wp:attachment":[{"href":"https:\/\/aion-pro.com\/tr\/wp-json\/wp\/v2\/media?parent=8370"}],"curies":[{"name":"wp","href":"https:\/\/api.w.org\/{rel}","templated":true}]}}