{"id":8373,"date":"2023-07-24T15:10:37","date_gmt":"2023-07-24T12:10:37","guid":{"rendered":"https:\/\/aion-pro.com\/inplant\/"},"modified":"2023-08-08T16:29:19","modified_gmt":"2023-08-08T13:29:19","slug":"istasyon-ici-katodik-koruma-sistemi","status":"publish","type":"page","link":"https:\/\/aion-pro.com\/tr\/istasyon-ici-katodik-koruma-sistemi\/","title":{"rendered":"\u0130STASYON \u0130\u00c7\u0130 KATOD\u0130K KORUMA S\u0130STEM\u0130"},"content":{"rendered":"<section class=\"l-section wpb_row height_auto type_sticky\" id=\"down\"><div class=\"l-section-overlay\" style=\"background:var(--color-content-primary)\"><\/div><div class=\"l-section-h i-cf\"><div class=\"g-cols vc_row via_grid cols_1 laptops-cols_inherit tablets-cols_inherit mobiles-cols_1 valign_top type_default stacking_default\"><div class=\"wpb_column vc_column_container\"><div class=\"vc_column-inner\"><div class=\"w-hwrapper hizmetmenu valign_middle stack_on_mobiles align_none\" style=\"--hwrapper-gap:0rem\"><div class=\"w-btn-wrapper align_none\"><a class=\"w-btn us-btn-style_12 us_custom_49f317a8\" href=\"#first\"><span class=\"w-btn-label\">\u0130STASYON \u0130\u00c7\u0130 DAK<\/span><\/a><\/div><div class=\"w-btn-wrapper align_none\"><a class=\"w-btn us-btn-style_12 us_custom_49f317a8\" href=\"#second\"><span class=\"w-btn-label\">\u0130STASYON \u0130\u00c7\u0130 GALVAN\u0130K<\/span><\/a><\/div><\/div><\/div><\/div><\/div><\/div><\/section><section class=\"l-section wpb_row height_custom\" id=\"first\"><div class=\"l-section-h i-cf\"><div class=\"g-cols vc_row via_grid cols_1 laptops-cols_inherit tablets-cols_inherit mobiles-cols_1 valign_top type_default stacking_default\"><div class=\"wpb_column vc_column_container\"><div class=\"vc_column-inner\"><div class=\"g-cols wpb_row via_grid cols_2 laptops-cols_inherit tablets-cols_inherit mobiles-cols_1 valign_top type_default stacking_default\" style=\"--columns-gap:3rem;\"><div class=\"wpb_column vc_column_container\"><div class=\"vc_column-inner\"><div class=\"wpb_text_column\"><div class=\"wpb_wrapper\"><p style=\"text-align: justify;\">\u0130stasyon i\u00e7i boru hatt\u0131 katodik koruma sisteminin tasar\u0131m\u0131; boru hatt\u0131n\u0131n malzemesi, boyut, kaplama \u00f6zellikleri\/durumu ve i\u015fletme ko\u015fullar\u0131 gibi belirli \u00f6zelliklerini de\u011ferlendirmeyi i\u00e7erir. Anot se\u00e7imi ve yerle\u015fimi, boru hatt\u0131 boyunca e\u015fit ak\u0131m da\u011f\u0131l\u0131m\u0131n\u0131 sa\u011flamak i\u00e7in \u00f6nemlidir. Sistem, boru hatt\u0131 uzunlu\u011fu, korozyon ortam\u0131 ve i\u015fletme\/bak\u0131m gereksinimleri gibi fakt\u00f6rlere ba\u011fl\u0131 olarak d\u0131\u015f ak\u0131m kaynakl\u0131 veya kurbanl\u0131k anotlu sistem olarak tasarlanabilir.<\/p>\n<p style=\"text-align: justify;\">Bu tarz karma\u015f\u0131k sistemlerde t\u00fcm boru hatlar\u0131n\u0131n elektriksel s\u00fcrekli ve katodik koruma sistemine dahil oldu\u011fundan emin olmak son derece \u00f6nemlidir. T\u00fcm yeralt\u0131 borular\u0131n sisteme dahil olmas\u0131 ve topraklama sisteminden izole olmas\u0131, izleme ve bak\u0131m sistemin etkinli\u011finde \u00f6nemli bir rol oynar. Sistemin optimal \u015fekilde \u00e7al\u0131\u015ft\u0131\u011f\u0131ndan emin olmak i\u00e7in d\u00fczenli denetimler, potansiyel \u00f6l\u00e7\u00fcmleri ve anot ak\u0131m \u00f6l\u00e7\u00fcmleri gibi i\u015fletme bak\u0131m prosed\u00fcrlerimizde belirtti\u011fimiz maddeleri periyodik olarak takip etmek gereklidir. NACE International (AMPP) gibi kurulu\u015flar taraf\u0131ndan sa\u011flanan end\u00fcstri standartlar\u0131 ve y\u00f6netmeliklere uyum, istasyon i\u00e7i boru hatt\u0131 katodik koruma sisteminin tasar\u0131m\u0131 ve uygulanmas\u0131nda \u00f6nemlidir.<\/p>\n<p style=\"text-align: justify;\"><strong>\u0130stasyon i\u00e7i boru hatt\u0131 katodik koruma (KK) sisteminin maliyet etkinli\u011fi<\/strong><\/p>\n<p style=\"text-align: justify;\">Kurbanl\u0131k anotlu KK sistemleri i\u00e7in de\u011ferlendirme, anotlar\u0131n kurulum maliyetini, uygun anot malzemesinin se\u00e7imini ve etkili koruma i\u00e7in gereken miktar\u0131 i\u00e7ermelidir. Kurbanl\u0131k sistemler harici bir g\u00fc\u00e7 kayna\u011f\u0131 gerektirmedi\u011fi i\u00e7in kurulum ve bak\u0131m maliyetlerini azalt\u0131r. Ancak, anotlar\u0131n s\u0131n\u0131rl\u0131 bir \u00f6mr\u00fc vard\u0131r ve periyodik olarak de\u011fi\u015ftirilmeleri gerekmektedir, bu da uzun vadeli maliyet analizine dahil edilmelidir. S\u0131z\u0131nt\u0131lar, onar\u0131mlar ve \u00fcretim duru\u015f s\u00fcresi gibi korozyonla ili\u015fkili hasarlar\u0131n \u00f6nlenmesinden kaynaklanacak potansiyel tasarruflar, kurbanl\u0131k KK sisteminin maliyet etkinli\u011fini belirlemede \u00f6nemlidir.<\/p>\n<p style=\"text-align: justify;\">D\u0131\u015f ak\u0131m kaynakl\u0131 KK sistemleri harici bir g\u00fc\u00e7 kayna\u011f\u0131 gerektirir, bu da ba\u015flang\u0131\u00e7ta daha y\u00fcksek kurulum maliyetlerine yol a\u00e7ar. De\u011ferlendirme, TR \u00fcniteleri, g\u00fc\u00e7 kayna\u011f\u0131 altyap\u0131s\u0131n\u0131 ve s\u00fcrekli elektrik t\u00fcketim maliyetini i\u00e7ermelidir. Bununla birlikte, d\u0131\u015f ak\u0131m kaynakl\u0131 sistemler genellikle kurbanl\u0131k sistemlere g\u00f6re KK seviyesi \u00fczerinde daha fazla kontrol sa\u011flar ve daha uzun vadeli koruma sunar. Korozyonla ili\u015fkili sorunlar\u0131n \u00f6nlenmesinden kaynaklanacak potansiyel tasarruflar, ba\u015flang\u0131\u00e7 maliyetleri ve bak\u0131m maliyetleri kar\u015f\u0131s\u0131nda maliyet etkinli\u011fini belirlemek i\u00e7in kar\u015f\u0131la\u015ft\u0131r\u0131lmal\u0131d\u0131r.<\/p>\n<\/div><\/div><\/div><\/div><div class=\"wpb_column vc_column_container\"><div class=\"vc_column-inner\"><div class=\"w-image align_center\"><div class=\"w-image-h\"><img decoding=\"async\" width=\"900\" height=\"900\" src=\"https:\/\/aion-pro.com\/wp-content\/uploads\/2023\/07\/INPLANT_01.jpg\" class=\"attachment-large size-large\" alt=\"\" loading=\"lazy\" srcset=\"https:\/\/aion-pro.com\/wp-content\/uploads\/2023\/07\/INPLANT_01.jpg 900w, https:\/\/aion-pro.com\/wp-content\/uploads\/2023\/07\/INPLANT_01-300x300.jpg 300w, https:\/\/aion-pro.com\/wp-content\/uploads\/2023\/07\/INPLANT_01-150x150.jpg 150w\" sizes=\"auto, (max-width: 900px) 100vw, 900px\" \/><\/div><\/div><\/div><\/div><\/div><\/div><\/div><\/div><\/div><\/section><section class=\"l-section wpb_row height_custom\" id=\"first\"><div class=\"l-section-h i-cf\"><div class=\"g-cols vc_row via_grid cols_1 laptops-cols_inherit tablets-cols_inherit mobiles-cols_1 valign_top type_default stacking_default\"><div class=\"wpb_column vc_column_container\"><div class=\"vc_column-inner\"><div class=\"wpb_text_column\"><div class=\"wpb_wrapper\"><h2>\u0130STASYON \u0130\u00c7\u0130 DAK<\/h2>\n<\/div><\/div><div class=\"w-separator size_small\"><\/div><div class=\"g-cols wpb_row via_grid cols_2 laptops-cols_inherit tablets-cols_inherit mobiles-cols_1 valign_top type_default stacking_default\" style=\"--columns-gap:3rem;\"><div class=\"wpb_column vc_column_container\"><div class=\"vc_column-inner\"><div class=\"w-image align_center\"><div class=\"w-image-h\"><img decoding=\"async\" width=\"900\" height=\"900\" src=\"https:\/\/aion-pro.com\/wp-content\/uploads\/2023\/07\/INPLANT_07.jpg\" class=\"attachment-large size-large\" alt=\"\" loading=\"lazy\" srcset=\"https:\/\/aion-pro.com\/wp-content\/uploads\/2023\/07\/INPLANT_07.jpg 900w, https:\/\/aion-pro.com\/wp-content\/uploads\/2023\/07\/INPLANT_07-300x300.jpg 300w, https:\/\/aion-pro.com\/wp-content\/uploads\/2023\/07\/INPLANT_07-150x150.jpg 150w\" sizes=\"auto, (max-width: 900px) 100vw, 900px\" \/><\/div><\/div><\/div><\/div><div class=\"wpb_column vc_column_container\"><div class=\"vc_column-inner\"><div class=\"wpb_text_column\"><div class=\"wpb_wrapper\"><h3 style=\"text-align: justify;\">\u0130stasyon \u0130\u00e7i D\u0131\u015f Ak\u0131m Kaynakl\u0131 Katodik Koruma Sistemi Dizayn\u0131<\/h3>\n<p style=\"text-align: justify;\">\u0130stasyon i\u00e7i boru hatt\u0131 d\u0131\u015f ak\u0131m kaynakl\u0131 katodik koruma (DAK) sisteminin tasar\u0131m\u0131, end\u00fcstriyel bir tesis i\u00e7inde etkili korozyon \u00f6nlemesi sa\u011flamak i\u00e7in bir\u00e7ok fakt\u00f6r\u00fc g\u00f6z \u00f6n\u00fcne alarak analiz edilmelidir. \u0130stasyon i\u00e7i boru hatt\u0131 DAK sistemleri i\u00e7in uygulad\u0131\u011f\u0131m\u0131z temel tasar\u0131m hususlar\u0131n\u0131n bir \u00f6zeti a\u015fa\u011f\u0131daki gibidir:<\/p>\n<ul style=\"text-align: justify;\">\n<li>Boru Hatlar\u0131 \u00d6zellikleri<\/li>\n<li>Ak\u0131m Da\u011f\u0131l\u0131m\u0131<\/li>\n<li>G\u00fc\u00e7 Kayna\u011f\u0131 (TR \u00dcnitesi) Se\u00e7imi<\/li>\n<li>Referans Elektrotlar\u0131 ve \u0130zleme<\/li>\n<li>Sistem Bak\u0131m\u0131<\/li>\n<li>Standartlara Uygunluk<\/li>\n<li>Yabanc\u0131 Yap\u0131lar (\u00f6zellikle topraklama) ile Enterferans<\/li>\n<\/ul>\n<p style=\"text-align: justify;\">DAK sisteminin performans\u0131n\u0131 optimize etmek ve tesiste uzun vadeli korozyon korumas\u0131n\u0131 sa\u011flamak i\u00e7in detayl\u0131 m\u00fchendislik analizi, saha de\u011ferlendirmeleri ve periyodik sistem de\u011ferlendirmeleri i\u00e7in bizimle ileti\u015fime ge\u00e7ebilirsiniz.<\/p>\n<\/div><\/div><\/div><\/div><\/div><\/div><\/div><\/div><\/div><\/section><section class=\"l-section wpb_row height_custom\" id=\"second\"><div class=\"l-section-h i-cf\"><div class=\"g-cols vc_row via_grid cols_1 laptops-cols_inherit tablets-cols_inherit mobiles-cols_1 valign_top type_default stacking_default\"><div class=\"wpb_column vc_column_container\"><div class=\"vc_column-inner\"><div class=\"wpb_text_column\"><div class=\"wpb_wrapper\"><h2>\u0130STASYON \u0130\u00c7\u0130 GALVAN\u0130K<\/h2>\n<\/div><\/div><div class=\"w-separator size_small\"><\/div><div class=\"g-cols wpb_row via_grid cols_2 laptops-cols_inherit tablets-cols_inherit mobiles-cols_1 valign_top type_default stacking_default\" style=\"--columns-gap:3rem;\"><div class=\"wpb_column vc_column_container\"><div class=\"vc_column-inner\"><div class=\"wpb_text_column\"><div class=\"wpb_wrapper\"><p style=\"text-align: justify;\">\u0130stasyon i\u00e7i boru hatt\u0131 galvanik KK sistemleri i\u00e7in izledi\u011fimiz temel tasar\u0131m hususlar\u0131n\u0131n bir \u00f6zeti a\u015fa\u011f\u0131daki gibidir:<\/p>\n<ul style=\"text-align: justify;\">\n<li>Boru Hatlar\u0131 \u00d6zellikleri<\/li>\n<li>Ak\u0131m Da\u011f\u0131l\u0131m\u0131<\/li>\n<li>Anot Se\u00e7imi<\/li>\n<li>Referans Elektrotlar\u0131 ve \u0130zleme<\/li>\n<li>Sistem Bak\u0131m\u0131<\/li>\n<li>Standartlara Uygunluk<\/li>\n<li>Yabanc\u0131 Yap\u0131lar ile Enterferans<\/li>\n<\/ul>\n<p style=\"text-align: justify;\">Galvanik KK sisteminin performans\u0131n\u0131 optimize etmek ve tesiste uzun vadeli korozyon korumas\u0131n\u0131 sa\u011flamak i\u00e7in detayl\u0131 m\u00fchendislik analizi, saha de\u011ferlendirmeleri ve periyodik sistem de\u011ferlendirmeleri i\u00e7in bizimle ileti\u015fime ge\u00e7ebilirsiniz.<\/p>\n<\/div><\/div><\/div><\/div><div class=\"wpb_column vc_column_container\"><div class=\"vc_column-inner\"><div class=\"w-image align_center\"><div class=\"w-image-h\"><img decoding=\"async\" width=\"900\" height=\"900\" src=\"https:\/\/aion-pro.com\/wp-content\/uploads\/2023\/07\/INPLANT_05.jpg\" class=\"attachment-large size-large\" alt=\"\" loading=\"lazy\" srcset=\"https:\/\/aion-pro.com\/wp-content\/uploads\/2023\/07\/INPLANT_05.jpg 900w, https:\/\/aion-pro.com\/wp-content\/uploads\/2023\/07\/INPLANT_05-300x300.jpg 300w, https:\/\/aion-pro.com\/wp-content\/uploads\/2023\/07\/INPLANT_05-150x150.jpg 150w\" sizes=\"auto, (max-width: 900px) 100vw, 900px\" \/><\/div><\/div><\/div><\/div><\/div><\/div><\/div><\/div><\/div><\/section>\n","protected":false},"excerpt":{"rendered":"\u0130STASYON \u0130\u00c7\u0130 DAK\u0130STASYON \u0130\u00c7\u0130 GALVAN\u0130K\u0130stasyon i\u00e7i boru hatt\u0131 katodik koruma sisteminin tasar\u0131m\u0131; boru hatt\u0131n\u0131n malzemesi, boyut, kaplama \u00f6zellikleri\/durumu ve i\u015fletme ko\u015fullar\u0131 gibi belirli \u00f6zelliklerini de\u011ferlendirmeyi i\u00e7erir. Anot se\u00e7imi ve yerle\u015fimi, boru hatt\u0131 boyunca e\u015fit ak\u0131m da\u011f\u0131l\u0131m\u0131n\u0131 sa\u011flamak i\u00e7in \u00f6nemlidir. Sistem, boru hatt\u0131 uzunlu\u011fu, korozyon ortam\u0131 ve i\u015fletme\/bak\u0131m gereksinimleri gibi fakt\u00f6rlere ba\u011fl\u0131 olarak d\u0131\u015f ak\u0131m kaynakl\u0131...","protected":false},"author":1,"featured_media":8263,"parent":0,"menu_order":0,"comment_status":"closed","ping_status":"closed","template":"","meta":{"_acf_changed":false,"footnotes":""},"class_list":["post-8373","page","type-page","status-publish","has-post-thumbnail","hentry"],"acf":[],"_links":{"self":[{"href":"https:\/\/aion-pro.com\/tr\/wp-json\/wp\/v2\/pages\/8373","targetHints":{"allow":["GET"]}}],"collection":[{"href":"https:\/\/aion-pro.com\/tr\/wp-json\/wp\/v2\/pages"}],"about":[{"href":"https:\/\/aion-pro.com\/tr\/wp-json\/wp\/v2\/types\/page"}],"author":[{"embeddable":true,"href":"https:\/\/aion-pro.com\/tr\/wp-json\/wp\/v2\/users\/1"}],"replies":[{"embeddable":true,"href":"https:\/\/aion-pro.com\/tr\/wp-json\/wp\/v2\/comments?post=8373"}],"version-history":[{"count":2,"href":"https:\/\/aion-pro.com\/tr\/wp-json\/wp\/v2\/pages\/8373\/revisions"}],"predecessor-version":[{"id":8375,"href":"https:\/\/aion-pro.com\/tr\/wp-json\/wp\/v2\/pages\/8373\/revisions\/8375"}],"wp:featuredmedia":[{"embeddable":true,"href":"https:\/\/aion-pro.com\/tr\/wp-json\/wp\/v2\/media\/8263"}],"wp:attachment":[{"href":"https:\/\/aion-pro.com\/tr\/wp-json\/wp\/v2\/media?parent=8373"}],"curies":[{"name":"wp","href":"https:\/\/api.w.org\/{rel}","templated":true}]}}