{"id":8376,"date":"2023-07-24T15:18:06","date_gmt":"2023-07-24T12:18:06","guid":{"rendered":"https:\/\/aion-pro.com\/jetty-and-ports\/"},"modified":"2023-08-08T16:32:42","modified_gmt":"2023-08-08T13:32:42","slug":"iskele-ve-limanlar","status":"publish","type":"page","link":"https:\/\/aion-pro.com\/tr\/iskele-ve-limanlar\/","title":{"rendered":"\u0130SKELE VE L\u0130MANLAR"},"content":{"rendered":"<section class=\"l-section wpb_row height_auto type_sticky\" id=\"down\"><div class=\"l-section-overlay\" style=\"background:var(--color-content-primary)\"><\/div><div class=\"l-section-h i-cf\"><div class=\"g-cols vc_row via_grid cols_1 laptops-cols_inherit tablets-cols_inherit mobiles-cols_1 valign_top type_default stacking_default\"><div class=\"wpb_column vc_column_container\"><div class=\"vc_column-inner\"><div class=\"w-hwrapper hizmetmenu valign_middle stack_on_mobiles align_none\" style=\"--hwrapper-gap:0rem\"><div class=\"w-btn-wrapper align_none\"><a class=\"w-btn us-btn-style_12 us_custom_49f317a8\" href=\"#first\"><span class=\"w-btn-label\">DAKK<\/span><\/a><\/div><div class=\"w-btn-wrapper align_none\"><a class=\"w-btn us-btn-style_12 us_custom_49f317a8\" href=\"#second\"><span class=\"w-btn-label\">GALVAN\u0130K<\/span><\/a><\/div><\/div><\/div><\/div><\/div><\/div><\/section><section class=\"l-section wpb_row height_custom\" id=\"first\"><div class=\"l-section-h i-cf\"><div class=\"g-cols vc_row via_grid cols_1 laptops-cols_inherit tablets-cols_inherit mobiles-cols_1 valign_top type_default stacking_default\"><div class=\"wpb_column vc_column_container\"><div class=\"vc_column-inner\"><div class=\"g-cols wpb_row via_grid cols_2 laptops-cols_inherit tablets-cols_inherit mobiles-cols_1 valign_top type_default stacking_default\" style=\"--columns-gap:3rem;\"><div class=\"wpb_column vc_column_container\"><div class=\"vc_column-inner\"><div class=\"wpb_text_column\"><div class=\"wpb_wrapper\"><p style=\"text-align: justify;\">\u0130skele ve liman kaz\u0131klar\u0131 katodik koruma sistemi, deniz suyunun korozyon etkilerinden iskele ve liman kaz\u0131klar\u0131n\u0131 korumak i\u00e7in tasarlanm\u0131\u015f \u00f6zel bir korozyon \u00f6nleme y\u00f6ntemidir. Bu y\u00f6ntem, genellikle kurbanl\u0131k \u00e7inko veya al\u00fcminyum anotlar\u0131n kaz\u0131klara montaj\u0131n\u0131 i\u00e7erir. Bu anotlar zamanla korozyona u\u011frayarak korozyon s\u00fcrecini kaz\u0131klardan uzakla\u015ft\u0131r\u0131r ve yap\u0131sal b\u00fct\u00fcnl\u00fcklerini etkili bir \u015fekilde korur.<\/p>\n<p style=\"text-align: justify;\">Di\u011fer bir y\u00f6ntem olan d\u0131\u015f ak\u0131m kaynakl\u0131 katodik koruma (ICCP) ise kaz\u0131klara do\u011frudan bir elektrik ak\u0131m\u0131 sa\u011flayarak korozyonu \u00f6nleyen koruyucu bir ortam olu\u015fturur. Bu, kaz\u0131klar\u0131n daha uzun \u00f6m\u00fcrl\u00fc olmas\u0131n\u0131 sa\u011flar, bak\u0131m maliyetlerini azalt\u0131r ve yap\u0131n\u0131n genel dayan\u0131kl\u0131l\u0131\u011f\u0131n\u0131 art\u0131r\u0131r. \u0130skele ve liman kaz\u0131klar\u0131 katodik koruma sistemi, deniz suyunun korozyon etkilerine kar\u015f\u0131 bir kalkan g\u00f6revi g\u00f6rerek kaz\u0131klar\u0131n uzun vadeli performans\u0131n\u0131 ve g\u00fcvenilirli\u011fini sa\u011flar.<\/p>\n<p style=\"text-align: justify;\"><strong>Liman, \u0130skele Kaz\u0131klar\u0131 ve K\u00f6pr\u00fc Ayaklar\u0131 Katodik Koruma (KK) Sisteminin Maliyet Etkinli\u011fi<\/strong><\/p>\n<p style=\"text-align: justify;\">Kurulum Maliyetleri: Malzeme, i\u015f\u00e7ilik ve ekipman dahil olmak \u00fczere katodik koruma sisteminin kurulumuna ili\u015fkin \u00f6n maliyetleri de\u011ferlendirilmelidir. Bu maliyetleri, korozyona ba\u011fl\u0131 gelecekteki onar\u0131mlardan ve bak\u0131mlardan ka\u00e7\u0131nma potansiyelinden tasarruf ile kar\u015f\u0131la\u015ft\u0131r\u0131l\u0131r.<\/p>\n<p style=\"text-align: justify;\">Bak\u0131m ve \u0130\u015fletme Maliyetleri: Katodik koruma sisteminin bak\u0131m ve i\u015fletme giderleri g\u00f6z \u00f6n\u00fcnde bulundurulur. Bu, periyodik kontroller, anot de\u011fi\u015fimi, izleme ekipman\u0131 ve gerekli onar\u0131mlar\u0131 i\u00e7erir. Bu maliyetleri, koruma sisteminin etkinli\u011finden kaynaklanan bak\u0131m maliyetlerindeki muhtemel azalmaya kar\u015f\u0131 dengelenmesi gerekir. D\u0131\u015f ak\u0131m kaynakl\u0131 katodik koruma sisteminin elektrik maliyeti, kurbanl\u0131k katodik koruma sistemi ile kar\u015f\u0131la\u015ft\u0131r\u0131lmal\u0131 ve ayr\u0131nt\u0131l\u0131 bir \u015fekilde analiz edilir.<\/p>\n<p style=\"text-align: justify;\">Korozyon \u00d6nleme: Korozyonla ilgili sorunlar\u0131n azalt\u0131lmas\u0131 veya ortadan kald\u0131r\u0131lmas\u0131 sonucunda elde edilecek potansiyel tasarruflar\u0131 hesap al\u0131n\u0131r. Bu, korozyondan dolay\u0131 bozulan kaz\u0131klar nedeniyle yap\u0131lacak tamiratlar\u0131, de\u011fi\u015fimleri ve i\u015f durmalar\u0131n\u0131 \u00f6nlemeyi i\u00e7erir. Katodik koruma sistemi sayesinde kaz\u0131klar\u0131n beklenen servis \u00f6mr\u00fc uzatmas\u0131n\u0131 dikkate al\u0131n\u0131r ve bunu ba\u015flang\u0131\u00e7 yat\u0131r\u0131m\u0131 ve i\u015fletme maliyetleriyle kar\u015f\u0131la\u015ft\u0131r\u0131l\u0131r.<\/p>\n<p style=\"text-align: justify;\">Risk De\u011ferlendirmesi: Katodik koruma sistemi uygulanmamas\u0131n\u0131n beraberinde getirdi\u011fi riskleri de\u011ferlendirmek gerekir. Yap\u0131sal hasarlar, \u00e7evresel hasar ve liman operasyonlar\u0131ndaki aksakl\u0131klar gibi korozyonun potansiyel sonu\u00e7lar\u0131 dikkate al\u0131nmal\u0131d\u0131r.<\/p>\n<\/div><\/div><\/div><\/div><div class=\"wpb_column vc_column_container\"><div class=\"vc_column-inner\"><div class=\"w-image align_center\"><div class=\"w-image-h\"><img decoding=\"async\" width=\"900\" height=\"721\" src=\"https:\/\/aion-pro.com\/wp-content\/uploads\/2023\/07\/yuzey-alani.jpg\" class=\"attachment-large size-large\" alt=\"\" loading=\"lazy\" srcset=\"https:\/\/aion-pro.com\/wp-content\/uploads\/2023\/07\/yuzey-alani.jpg 900w, https:\/\/aion-pro.com\/wp-content\/uploads\/2023\/07\/yuzey-alani-300x240.jpg 300w\" sizes=\"auto, (max-width: 900px) 100vw, 900px\" \/><\/div><\/div><div class=\"w-separator size_small\"><\/div><div class=\"w-image align_center\"><div class=\"w-image-h\"><img decoding=\"async\" width=\"1024\" height=\"574\" src=\"https:\/\/aion-pro.com\/wp-content\/uploads\/2023\/07\/JETTY_AND_PORTS_03-1024x574.jpg\" class=\"attachment-large size-large\" alt=\"\" loading=\"lazy\" srcset=\"https:\/\/aion-pro.com\/wp-content\/uploads\/2023\/07\/JETTY_AND_PORTS_03-1024x574.jpg 1024w, https:\/\/aion-pro.com\/wp-content\/uploads\/2023\/07\/JETTY_AND_PORTS_03-300x168.jpg 300w, https:\/\/aion-pro.com\/wp-content\/uploads\/2023\/07\/JETTY_AND_PORTS_03-1536x861.jpg 1536w, https:\/\/aion-pro.com\/wp-content\/uploads\/2023\/07\/JETTY_AND_PORTS_03.jpg 1920w\" sizes=\"auto, (max-width: 1024px) 100vw, 1024px\" \/><\/div><\/div><\/div><\/div><\/div><\/div><\/div><\/div><\/div><\/section><section class=\"l-section wpb_row height_custom\" id=\"first\"><div class=\"l-section-h i-cf\"><div class=\"g-cols vc_row via_grid cols_1 laptops-cols_inherit tablets-cols_inherit mobiles-cols_1 valign_top type_default stacking_default\"><div class=\"wpb_column vc_column_container\"><div class=\"vc_column-inner\"><div class=\"wpb_text_column\"><div class=\"wpb_wrapper\"><h2>DAKK<\/h2>\n<\/div><\/div><div class=\"w-separator size_small\"><\/div><div class=\"g-cols wpb_row via_grid cols_2 laptops-cols_inherit tablets-cols_inherit mobiles-cols_1 valign_top type_default stacking_default\" style=\"--columns-gap:3rem;\"><div class=\"wpb_column vc_column_container\"><div class=\"vc_column-inner\"><div class=\"w-image align_center\"><div class=\"w-image-h\"><img decoding=\"async\" width=\"1024\" height=\"574\" src=\"https:\/\/aion-pro.com\/wp-content\/uploads\/2023\/07\/JETTY_AND_PORTS_04-1024x574.jpg\" class=\"attachment-large size-large\" alt=\"\" loading=\"lazy\" srcset=\"https:\/\/aion-pro.com\/wp-content\/uploads\/2023\/07\/JETTY_AND_PORTS_04-1024x574.jpg 1024w, https:\/\/aion-pro.com\/wp-content\/uploads\/2023\/07\/JETTY_AND_PORTS_04-300x168.jpg 300w, https:\/\/aion-pro.com\/wp-content\/uploads\/2023\/07\/JETTY_AND_PORTS_04-1536x861.jpg 1536w, https:\/\/aion-pro.com\/wp-content\/uploads\/2023\/07\/JETTY_AND_PORTS_04.jpg 1920w\" sizes=\"auto, (max-width: 1024px) 100vw, 1024px\" \/><\/div><\/div><div class=\"w-separator size_small\"><\/div><div class=\"w-image align_center\"><div class=\"w-image-h\"><img decoding=\"async\" width=\"1024\" height=\"574\" src=\"https:\/\/aion-pro.com\/wp-content\/uploads\/2023\/07\/PRE-JETTY_AND_PORTS_12-1024x574.jpg\" class=\"attachment-large size-large\" alt=\"\" loading=\"lazy\" srcset=\"https:\/\/aion-pro.com\/wp-content\/uploads\/2023\/07\/PRE-JETTY_AND_PORTS_12-1024x574.jpg 1024w, https:\/\/aion-pro.com\/wp-content\/uploads\/2023\/07\/PRE-JETTY_AND_PORTS_12-300x168.jpg 300w, https:\/\/aion-pro.com\/wp-content\/uploads\/2023\/07\/PRE-JETTY_AND_PORTS_12-1536x861.jpg 1536w, https:\/\/aion-pro.com\/wp-content\/uploads\/2023\/07\/PRE-JETTY_AND_PORTS_12.jpg 1920w\" sizes=\"auto, (max-width: 1024px) 100vw, 1024px\" \/><\/div><\/div><div class=\"w-separator size_small\"><\/div><div class=\"w-image align_center\"><div class=\"w-image-h\"><img decoding=\"async\" width=\"1024\" height=\"574\" src=\"https:\/\/aion-pro.com\/wp-content\/uploads\/2023\/07\/JETTY_AND_PORTS_06-1024x574.jpg\" class=\"attachment-large size-large\" alt=\"\" loading=\"lazy\" srcset=\"https:\/\/aion-pro.com\/wp-content\/uploads\/2023\/07\/JETTY_AND_PORTS_06-1024x574.jpg 1024w, https:\/\/aion-pro.com\/wp-content\/uploads\/2023\/07\/JETTY_AND_PORTS_06-300x168.jpg 300w, https:\/\/aion-pro.com\/wp-content\/uploads\/2023\/07\/JETTY_AND_PORTS_06-1536x861.jpg 1536w, https:\/\/aion-pro.com\/wp-content\/uploads\/2023\/07\/JETTY_AND_PORTS_06.jpg 1920w\" sizes=\"auto, (max-width: 1024px) 100vw, 1024px\" \/><\/div><\/div><\/div><\/div><div class=\"wpb_column vc_column_container\"><div class=\"vc_column-inner\"><div class=\"wpb_text_column\"><div class=\"wpb_wrapper\"><h3 style=\"text-align: justify;\">D\u0131\u015f Ak\u0131m Kaynakl\u0131 Katodik Koruma Sistemi<\/h3>\n<p style=\"text-align: justify;\">\u0130skele ve limanlar, deniz ticaretini ve ta\u015f\u0131mac\u0131l\u0131\u011f\u0131n\u0131 kolayla\u015ft\u0131ran \u00f6nemli altyap\u0131lard\u0131r. Bununla birlikte, bu yap\u0131lar\u0131n sert deniz ortamlar\u0131na maruz kalmas\u0131, destekledikleri kaz\u0131klar\u0131n korozyona ve bozulmaya u\u011framas\u0131na neden olabilir. Korozyonun olumsuz etkilerini azaltmak i\u00e7in, d\u0131\u015f ak\u0131m kaynakl\u0131 katodik koruma (DAKK) sistemleri yayg\u0131n olarak kullan\u0131lmaktad\u0131r. Burada, iskele ve limanlardaki kaz\u0131klar i\u00e7in DAKK sistemleri tasar\u0131m\u0131nda g\u00f6z \u00f6n\u00fcnde bulundurulmas\u0131 gereken fakt\u00f6rlerin ba\u015fl\u0131calar\u0131 \u015f\u00f6yledir. \u00d6zellikle, titanyum anotlar\u0131n kullan\u0131m\u0131na ve her kaz\u0131kta uzaktan anot topraklama yataklar\u0131na veya homojen da\u011f\u0131t\u0131lm\u0131\u015f anotlara y\u00f6nelik se\u00e7ime odaklanmaktad\u0131r.<\/p>\n<p style=\"text-align: justify;\">Titanyum anotlar, deniz ortamlar\u0131nda DAKK sistemleri i\u00e7in ola\u011fan\u00fcst\u00fc korozyon direnci ve y\u00fcksek ak\u0131m \u00e7\u0131k\u0131\u015f yetenekleri nedeniyle pop\u00fcler bir se\u00e7enek haline gelmi\u015ftir. \u0130skele ve limanlardaki kaz\u0131klar i\u00e7in bir katodik koruma sistemi tasarlarken, anot malzemelerinin se\u00e7imi son derece \u00f6nemlidir. Karma metal oksit kapl\u0131 titanyum anotlar deniz suyunda y\u00fcksek ak\u0131m yo\u011funlu\u011funa ve \u00f6mr\u00fcne sahiptir.<\/p>\n<p style=\"text-align: justify;\">DAKK sistemleri tasarlarken bir di\u011fer \u00f6nemli fakt\u00f6r, anot sisteminin yap\u0131land\u0131rmas\u0131d\u0131r. \u0130ki yayg\u0131n se\u00e7enek, uzak anot yataklar\u0131 ve her kaz\u0131kta homojen da\u011f\u0131t\u0131lm\u0131\u015f anotlard\u0131r. Uzak anot yataklar\u0131, kaz\u0131klardan uzak bir konumda ayr\u0131 bir anot yata\u011f\u0131n\u0131n kurulumunu i\u00e7erir ve TR \u00fcnitesine bir kablo a\u011f\u0131 arac\u0131l\u0131\u011f\u0131yla ba\u011flan\u0131r. \u00d6te yandan, homojen da\u011f\u0131t\u0131lm\u0131\u015f anotlar, her kaz\u0131\u011f\u0131n \u00fczerine bireysel anotlar\u0131n yerle\u015ftirilmesi ile sa\u011flan\u0131r.<\/p>\n<p style=\"text-align: justify;\">Uzak anot yataklar\u0131 ve homojen da\u011f\u0131t\u0131lm\u0131\u015f anotlar aras\u0131ndaki se\u00e7im, birka\u00e7 fakt\u00f6re ba\u011fl\u0131d\u0131r. Uzak anot yataklar\u0131, b\u00fcy\u00fck yap\u0131lar i\u00e7in genellikle tercih edilir, \u00e7\u00fcnk\u00fc merkezi bir anot sisteminin daha pratik oldu\u011fu durumlarda daha uygundur. S\u0131n\u0131rl\u0131 alan veya her kaz\u0131\u011fa bireysel anot kurulumu i\u00e7in eri\u015fim olmayan durumlar i\u00e7in uygundur. Ayr\u0131ca, uzak anot yataklar\u0131, anotlar\u0131n tek bir yerde yo\u011funla\u015fmas\u0131 sayesinde bak\u0131m ve izleme i\u015flerinin kolayl\u0131\u011f\u0131n\u0131 sa\u011flar.<\/p>\n<p style=\"text-align: justify;\">\u00d6te yandan, homojen da\u011f\u0131t\u0131lm\u0131\u015f anotlar, daha k\u00fc\u00e7\u00fck yap\u0131lar veya kaz\u0131klar\u0131n ula\u015f\u0131labilir oldu\u011fu durumlar i\u00e7in avantajl\u0131d\u0131r. Her kaz\u0131\u011f\u0131n \u00fczerine ayr\u0131 bir anot yerle\u015ftirme, daha hassas ve yerel koruma sa\u011flar. Ak\u0131m da\u011f\u0131l\u0131m\u0131 \u00fczerinde daha fazla kontrol imkan\u0131 sa\u011flar ve farkl\u0131 kaz\u0131klar aras\u0131nda olas\u0131 kar\u0131\u015f\u0131kl\u0131\u011f\u0131 \u00f6nler. Ayr\u0131ca, da\u011f\u0131t\u0131lm\u0131\u015f anotlar, eri\u015filebilir olmalar\u0131 nedeniyle denetlenmesi ve bak\u0131m\u0131 daha kolay olabilir.<\/p>\n<\/div><\/div><\/div><\/div><\/div><\/div><\/div><\/div><\/div><\/section><section class=\"l-section wpb_row height_custom\" id=\"second\"><div class=\"l-section-h i-cf\"><div class=\"g-cols vc_row via_grid cols_1 laptops-cols_inherit tablets-cols_inherit mobiles-cols_1 valign_top type_default stacking_default\"><div class=\"wpb_column vc_column_container\"><div class=\"vc_column-inner\"><div class=\"wpb_text_column\"><div class=\"wpb_wrapper\"><h2>GALVAN\u0130K<\/h2>\n<\/div><\/div><div class=\"w-separator size_small\"><\/div><div class=\"g-cols wpb_row via_grid cols_2 laptops-cols_inherit tablets-cols_inherit mobiles-cols_1 valign_top type_default stacking_default\" style=\"--columns-gap:3rem;\"><div class=\"wpb_column vc_column_container\"><div class=\"vc_column-inner\"><div class=\"wpb_text_column\"><div class=\"wpb_wrapper\"><h3 style=\"text-align: justify;\">Galvanik (Kurbanl\u0131k) Katodik Koruma<\/h3>\n<p style=\"text-align: justify;\">\u0130skele, liman kaz\u0131klar\u0131 ve K\u00f6pr\u00fc Ayaklar\u0131 sert deniz ortamlar\u0131na maruz kald\u0131klar\u0131ndan, korozyona ve bozulmaya kar\u015f\u0131 hassas hale gelirler. Bu sorunu \u00e7\u00f6zmek i\u00e7in, kaz\u0131k katodik koruma (KK) sistemlerinde kurbanl\u0131k anot (galvanik) kullan\u0131l\u0131r. Burada, iskele ve limanlardaki kaz\u0131klar i\u00e7in kurbanl\u0131k anot KK sistemleri kullan\u0131ld\u0131\u011f\u0131nda tasar\u0131m a\u015famalar\u0131na k\u0131saca de\u011finmek istiyoruz. \u00d6zellikle, \u00e7inko ve al\u00fcminyum anotlar\u0131n kullan\u0131m\u0131na, uzak anot yataklar\u0131 ve homojen da\u011f\u0131t\u0131lm\u0131\u015f anotlar aras\u0131ndaki se\u00e7ime ve DNV y\u00f6nergelerine uygun uzun ince stand-off anotlar\u0131n se\u00e7iminin \u00f6nemine odaklanmak gerekir.<\/p>\n<p style=\"text-align: justify;\">Kurbanl\u0131k anot KK sistemi tasar\u0131m\u0131nda, anot sisteminin yap\u0131land\u0131rmas\u0131 d\u00fc\u015f\u00fcn\u00fclmelidir. Uzak anot yataklar\u0131 ve homojen da\u011f\u0131t\u0131lm\u0131\u015f anotlar iki yayg\u0131n se\u00e7enektir. Uzak anot yataklar\u0131, kaz\u0131klardan uzak bir konumda ayr\u0131 bir anot yata\u011f\u0131 kurulumunu i\u00e7erir ve yap\u0131lara kablolar arac\u0131l\u0131\u011f\u0131yla ba\u011flan\u0131r. Homojen da\u011f\u0131t\u0131lm\u0131\u015f anotlar ise her bir kaz\u0131\u011f\u0131n \u00fczerine ayr\u0131 ayr\u0131 anotlar\u0131n kaynaklanmas\u0131n\u0131 veya mekanik montaj yap\u0131lmas\u0131n\u0131 gerektirir.<\/p>\n<p style=\"text-align: justify;\">Uzak anot yataklar\u0131 ve homojen da\u011f\u0131t\u0131lm\u0131\u015f anotlar aras\u0131ndaki se\u00e7im \u00e7e\u015fitli fakt\u00f6rlere ba\u011fl\u0131d\u0131r. Uzak anot yataklar\u0131, daha b\u00fcy\u00fck yap\u0131lar i\u00e7in genellikle merkezi bir anot sistemine sahip olman\u0131n daha pratik oldu\u011fu durumlarda tercih edilir. Tek tek anotlar\u0131n her bir kaz\u0131\u011fa kurulmas\u0131n\u0131 engelleyen yer veya eri\u015fim k\u0131s\u0131tlamalar\u0131 oldu\u011funda uygundur. Ayr\u0131ca, uzaktan anot topraklama yataklar\u0131, anotlar\u0131n tek bir yerde yo\u011funla\u015fmas\u0131 nedeniyle bak\u0131m ve izleme i\u015flerinin kolayl\u0131\u011f\u0131n\u0131 sa\u011flar.<\/p>\n<p style=\"text-align: justify;\">\u00d6te yandan, homojen da\u011f\u0131t\u0131lm\u0131\u015f anotlar daha k\u00fc\u00e7\u00fck yap\u0131lar veya kaz\u0131klar\u0131n birbirine uzak oldu\u011fu durumlarda daha avantajl\u0131d\u0131r. Her bir kaz\u0131\u011f\u0131n \u00fczerine ayr\u0131 ayr\u0131 anotlar\u0131n kurulmas\u0131, daha bireysel koruma sa\u011flar ve farkl\u0131 kaz\u0131klar aras\u0131nda potansiyel kar\u0131\u015f\u0131kl\u0131\u011f\u0131 \u00f6nler. Ayr\u0131ca, da\u011f\u0131t\u0131lm\u0131\u015f anotlar eri\u015filebilir olmalar\u0131 nedeniyle denetlenmesi ve bak\u0131m\u0131 daha kolayd\u0131r.<\/p>\n<p style=\"text-align: justify;\">Katodik koruma sisteminin verimlili\u011fini optimize etmek i\u00e7in anot se\u00e7imi \u00f6nemli bir rol oynar. DNV y\u00f6nergelerine uygun olarak uzun ince stand-off anotlar\u0131n se\u00e7imi, kurbanl\u0131k anot KK sisteminin etkinli\u011fini art\u0131rabilir. Bu anotlar, daha y\u00fcksek ak\u0131m \u00e7\u0131k\u0131\u015f\u0131 ve kaz\u0131klar i\u00e7in geli\u015ftirilmi\u015f korozyon korumas\u0131 sa\u011flayan daha y\u00fcksek y\u00fczey alan\u0131\/a\u011f\u0131rl\u0131k oran\u0131na sahiptir.<\/p>\n<\/div><\/div><\/div><\/div><div class=\"wpb_column vc_column_container\"><div class=\"vc_column-inner\"><div class=\"w-image align_center\"><div class=\"w-image-h\"><img decoding=\"async\" width=\"1024\" height=\"574\" src=\"https:\/\/aion-pro.com\/wp-content\/uploads\/2023\/07\/PRE-JETTY_AND_PORTS_13-1024x574.jpg\" class=\"attachment-large size-large\" alt=\"\" loading=\"lazy\" srcset=\"https:\/\/aion-pro.com\/wp-content\/uploads\/2023\/07\/PRE-JETTY_AND_PORTS_13-1024x574.jpg 1024w, https:\/\/aion-pro.com\/wp-content\/uploads\/2023\/07\/PRE-JETTY_AND_PORTS_13-300x168.jpg 300w, https:\/\/aion-pro.com\/wp-content\/uploads\/2023\/07\/PRE-JETTY_AND_PORTS_13-1536x861.jpg 1536w, https:\/\/aion-pro.com\/wp-content\/uploads\/2023\/07\/PRE-JETTY_AND_PORTS_13.jpg 1920w\" sizes=\"auto, (max-width: 1024px) 100vw, 1024px\" \/><\/div><\/div><\/div><\/div><\/div><\/div><\/div><\/div><\/div><\/section>\n","protected":false},"excerpt":{"rendered":"DAKKGALVAN\u0130K\u0130skele ve liman kaz\u0131klar\u0131 katodik koruma sistemi, deniz suyunun korozyon etkilerinden iskele ve liman kaz\u0131klar\u0131n\u0131 korumak i\u00e7in tasarlanm\u0131\u015f \u00f6zel bir korozyon \u00f6nleme y\u00f6ntemidir. Bu y\u00f6ntem, genellikle kurbanl\u0131k \u00e7inko veya al\u00fcminyum anotlar\u0131n kaz\u0131klara montaj\u0131n\u0131 i\u00e7erir. Bu anotlar zamanla korozyona u\u011frayarak korozyon s\u00fcrecini kaz\u0131klardan uzakla\u015ft\u0131r\u0131r ve yap\u0131sal b\u00fct\u00fcnl\u00fcklerini etkili bir \u015fekilde korur. Di\u011fer bir y\u00f6ntem olan d\u0131\u015f...","protected":false},"author":1,"featured_media":8268,"parent":0,"menu_order":0,"comment_status":"closed","ping_status":"closed","template":"","meta":{"_acf_changed":false,"footnotes":""},"class_list":["post-8376","page","type-page","status-publish","has-post-thumbnail","hentry"],"acf":[],"_links":{"self":[{"href":"https:\/\/aion-pro.com\/tr\/wp-json\/wp\/v2\/pages\/8376","targetHints":{"allow":["GET"]}}],"collection":[{"href":"https:\/\/aion-pro.com\/tr\/wp-json\/wp\/v2\/pages"}],"about":[{"href":"https:\/\/aion-pro.com\/tr\/wp-json\/wp\/v2\/types\/page"}],"author":[{"embeddable":true,"href":"https:\/\/aion-pro.com\/tr\/wp-json\/wp\/v2\/users\/1"}],"replies":[{"embeddable":true,"href":"https:\/\/aion-pro.com\/tr\/wp-json\/wp\/v2\/comments?post=8376"}],"version-history":[{"count":2,"href":"https:\/\/aion-pro.com\/tr\/wp-json\/wp\/v2\/pages\/8376\/revisions"}],"predecessor-version":[{"id":8378,"href":"https:\/\/aion-pro.com\/tr\/wp-json\/wp\/v2\/pages\/8376\/revisions\/8378"}],"wp:featuredmedia":[{"embeddable":true,"href":"https:\/\/aion-pro.com\/tr\/wp-json\/wp\/v2\/media\/8268"}],"wp:attachment":[{"href":"https:\/\/aion-pro.com\/tr\/wp-json\/wp\/v2\/media?parent=8376"}],"curies":[{"name":"wp","href":"https:\/\/api.w.org\/{rel}","templated":true}]}}