{"id":8379,"date":"2023-07-24T15:47:47","date_gmt":"2023-07-24T12:47:47","guid":{"rendered":"https:\/\/aion-pro.com\/bridge-shafts\/"},"modified":"2023-08-08T16:39:48","modified_gmt":"2023-08-08T13:39:48","slug":"kopru-temelleri","status":"publish","type":"page","link":"https:\/\/aion-pro.com\/tr\/kopru-temelleri\/","title":{"rendered":"K\u00d6PR\u00dc TEMELLER\u0130"},"content":{"rendered":"<section class=\"l-section wpb_row height_auto type_sticky\" id=\"down\"><div class=\"l-section-overlay\" style=\"background:var(--color-content-primary)\"><\/div><div class=\"l-section-h i-cf\"><div class=\"g-cols vc_row via_grid cols_1 laptops-cols_inherit tablets-cols_inherit mobiles-cols_1 valign_top type_default stacking_default\"><div class=\"wpb_column vc_column_container\"><div class=\"vc_column-inner\"><div class=\"w-hwrapper hizmetmenu valign_middle stack_on_mobiles align_none\" style=\"--hwrapper-gap:0rem\"><div class=\"w-btn-wrapper align_none\"><a class=\"w-btn us-btn-style_12 us_custom_49f317a8\" href=\"#first\"><span class=\"w-btn-label\">DAKK<\/span><\/a><\/div><div class=\"w-btn-wrapper align_none\"><a class=\"w-btn us-btn-style_12 us_custom_49f317a8\" href=\"#second\"><span class=\"w-btn-label\">GALVAN\u0130K<\/span><\/a><\/div><\/div><\/div><\/div><\/div><\/div><\/section><section class=\"l-section wpb_row height_custom\" id=\"first\"><div class=\"l-section-h i-cf\"><div class=\"g-cols vc_row via_grid cols_1 laptops-cols_inherit tablets-cols_inherit mobiles-cols_1 valign_top type_default stacking_default\"><div class=\"wpb_column vc_column_container\"><div class=\"vc_column-inner\"><div class=\"g-cols wpb_row via_grid cols_2 laptops-cols_inherit tablets-cols_inherit mobiles-cols_1 valign_top type_default stacking_default\" style=\"--columns-gap:3rem;\"><div class=\"wpb_column vc_column_container\"><div class=\"vc_column-inner\"><div class=\"wpb_text_column\"><div class=\"wpb_wrapper\"><p style=\"text-align: justify;\">K\u00f6pr\u00fc temellerinde bulunan metalik \u015faftlar\u0131n katodik koruma sistemi, ayn\u0131 iskele ve limanlardaki kaz\u0131klarda oldu\u011fu gibi iki y\u00f6ntemle yap\u0131l\u0131r. Bir, d\u0131\u015f ak\u0131m kaynakl\u0131 katodik koruma sistemi ve di\u011feri ise galvanik anotlu katodik koruma sistemidir.<\/p>\n<p style=\"text-align: justify;\">Maliyet-Etkinlik de\u011ferlendirmesi i\u00e7in \u201c\u0130skele ve Limanlar\u201d adl\u0131 ba\u015fl\u0131\u011fa bakabilirsiniz.<\/p>\n<\/div><\/div><\/div><\/div><div class=\"wpb_column vc_column_container\"><div class=\"vc_column-inner\"><div class=\"w-image align_center\"><div class=\"w-image-h\"><img decoding=\"async\" width=\"1024\" height=\"574\" src=\"https:\/\/aion-pro.com\/wp-content\/uploads\/2023\/07\/BRIDGE_SHAFTS_05-1024x574.jpg\" class=\"attachment-large size-large\" alt=\"\" loading=\"lazy\" srcset=\"https:\/\/aion-pro.com\/wp-content\/uploads\/2023\/07\/BRIDGE_SHAFTS_05-1024x574.jpg 1024w, https:\/\/aion-pro.com\/wp-content\/uploads\/2023\/07\/BRIDGE_SHAFTS_05-300x168.jpg 300w, https:\/\/aion-pro.com\/wp-content\/uploads\/2023\/07\/BRIDGE_SHAFTS_05-1536x861.jpg 1536w, https:\/\/aion-pro.com\/wp-content\/uploads\/2023\/07\/BRIDGE_SHAFTS_05.jpg 1920w\" sizes=\"auto, (max-width: 1024px) 100vw, 1024px\" \/><\/div><\/div><div class=\"w-separator size_small\"><\/div><div class=\"w-image align_center\"><div class=\"w-image-h\"><img decoding=\"async\" width=\"1024\" height=\"574\" src=\"https:\/\/aion-pro.com\/wp-content\/uploads\/2023\/07\/BRIDGE_SHAFTS_02-1024x574.jpg\" class=\"attachment-large size-large\" alt=\"\" loading=\"lazy\" srcset=\"https:\/\/aion-pro.com\/wp-content\/uploads\/2023\/07\/BRIDGE_SHAFTS_02-1024x574.jpg 1024w, https:\/\/aion-pro.com\/wp-content\/uploads\/2023\/07\/BRIDGE_SHAFTS_02-300x168.jpg 300w, https:\/\/aion-pro.com\/wp-content\/uploads\/2023\/07\/BRIDGE_SHAFTS_02-1536x861.jpg 1536w, https:\/\/aion-pro.com\/wp-content\/uploads\/2023\/07\/BRIDGE_SHAFTS_02.jpg 1920w\" sizes=\"auto, (max-width: 1024px) 100vw, 1024px\" \/><\/div><\/div><\/div><\/div><\/div><\/div><\/div><\/div><\/div><\/section><section class=\"l-section wpb_row height_custom\" id=\"first\"><div class=\"l-section-h i-cf\"><div class=\"g-cols vc_row via_grid cols_1 laptops-cols_inherit tablets-cols_inherit mobiles-cols_1 valign_top type_default stacking_default\"><div class=\"wpb_column vc_column_container\"><div class=\"vc_column-inner\"><div class=\"wpb_text_column\"><div class=\"wpb_wrapper\"><h2>DAKK<\/h2>\n<\/div><\/div><div class=\"w-separator size_small\"><\/div><div class=\"g-cols wpb_row via_grid cols_2 laptops-cols_inherit tablets-cols_inherit mobiles-cols_1 valign_top type_default stacking_default\" style=\"--columns-gap:3rem;\"><div class=\"wpb_column vc_column_container\"><div class=\"vc_column-inner\"><div class=\"w-image align_center\"><div class=\"w-image-h\"><img decoding=\"async\" width=\"1024\" height=\"574\" src=\"https:\/\/aion-pro.com\/wp-content\/uploads\/2023\/07\/BRIDGE_SHAFTS_03-1024x574.jpg\" class=\"attachment-large size-large\" alt=\"\" loading=\"lazy\" srcset=\"https:\/\/aion-pro.com\/wp-content\/uploads\/2023\/07\/BRIDGE_SHAFTS_03-1024x574.jpg 1024w, https:\/\/aion-pro.com\/wp-content\/uploads\/2023\/07\/BRIDGE_SHAFTS_03-300x168.jpg 300w, https:\/\/aion-pro.com\/wp-content\/uploads\/2023\/07\/BRIDGE_SHAFTS_03-1536x861.jpg 1536w, https:\/\/aion-pro.com\/wp-content\/uploads\/2023\/07\/BRIDGE_SHAFTS_03.jpg 1920w\" sizes=\"auto, (max-width: 1024px) 100vw, 1024px\" \/><\/div><\/div><\/div><\/div><div class=\"wpb_column vc_column_container\"><div class=\"vc_column-inner\"><div class=\"wpb_text_column\"><div class=\"wpb_wrapper\"><h3 style=\"text-align: justify;\">D\u0131\u015f Ak\u0131m Kaynakl\u0131 Katodik Koruma Sistemi<\/h3>\n<p style=\"text-align: justify;\">Titanyum anotlar, deniz ortamlar\u0131nda DAKK (D\u0131\u015f Ak\u0131m Kaynakl\u0131 Katodik Koruma) sistemleri i\u00e7in ola\u011fan\u00fcst\u00fc korozyon direnci ve y\u00fcksek ak\u0131m \u00e7\u0131k\u0131\u015f yetenekleri nedeniyle pop\u00fcler bir se\u00e7enek haline gelmi\u015ftir. Deniz yap\u0131lar\u0131 i\u00e7in bir katodik koruma sistemi tasarlarken, anot malzemelerinin se\u00e7imi son derece \u00f6nemlidir. Karma metal oksit kapl\u0131 titanyum anotlar deniz suyunda y\u00fcksek ak\u0131m yo\u011funlu\u011funa ve \u00f6mr\u00fcne sahiptir.<\/p>\n<p style=\"text-align: justify;\">DAKK sistemleri tasarlarken bir di\u011fer \u00f6nemli fakt\u00f6r, anot sisteminin yap\u0131land\u0131rmas\u0131d\u0131r. Homojen da\u011f\u0131t\u0131lm\u0131\u015f anotlar, yap\u0131n\u0131n tamam\u0131nda e\u015fit d\u00fczeyde bir koruma sa\u011flar. Yaln\u0131z buradaki en \u00f6nemli hususlardan biri, anot ile yap\u0131 aras\u0131ndaki mesafedir, anot yap\u0131ya yak\u0131nla\u015ft\u0131k\u00e7a koruma alan\u0131 d\u00fc\u015fer bunun i\u00e7in optimum seviyeyi sa\u011flayacak \u015fekilde bir montaj mesafesi belirlemek gerekir.<\/p>\n<\/div><\/div><\/div><\/div><\/div><\/div><\/div><\/div><\/div><\/section><section class=\"l-section wpb_row height_custom\" id=\"second\"><div class=\"l-section-h i-cf\"><div class=\"g-cols vc_row via_grid cols_1 laptops-cols_inherit tablets-cols_inherit mobiles-cols_1 valign_top type_default stacking_default\"><div class=\"wpb_column vc_column_container\"><div class=\"vc_column-inner\"><div class=\"wpb_text_column\"><div class=\"wpb_wrapper\"><h2>GALVAN\u0130K<\/h2>\n<\/div><\/div><div class=\"w-separator size_small\"><\/div><div class=\"g-cols wpb_row via_grid cols_2 laptops-cols_inherit tablets-cols_inherit mobiles-cols_1 valign_top type_default stacking_default\" style=\"--columns-gap:3rem;\"><div class=\"wpb_column vc_column_container\"><div class=\"vc_column-inner\"><div class=\"wpb_text_column\"><div class=\"wpb_wrapper\"><h3>Galvanik (Kurbanl\u0131k) Katodik Koruma<\/h3>\n<p>K\u00f6pr\u00fc temelleri sert deniz ortamlar\u0131na maruz kald\u0131klar\u0131ndan, korozyona ve bozulmaya kar\u015f\u0131 hassas hale gelirler. Bu sorunu \u00e7\u00f6zmek i\u00e7in, kaz\u0131k katodik koruma (KK) sistemlerinde kurbanl\u0131k anot (galvanik) kullan\u0131l\u0131r. Burada, kurbanl\u0131k anot KK sistemleri kullan\u0131ld\u0131\u011f\u0131nda tasar\u0131m a\u015famalar\u0131na k\u0131saca de\u011finmek istiyoruz. \u00d6zellikle, \u00e7inko ve al\u00fcminyum anotlar\u0131n kullan\u0131m\u0131na, homojen da\u011f\u0131t\u0131lm\u0131\u015f anotlar aras\u0131ndaki se\u00e7ime ve DNV y\u00f6nergelerine uygun uzun ince stand-off anotlar\u0131n se\u00e7iminin \u00f6nemine odaklanmak gerekir.<\/p>\n<p>Katodik koruma sisteminin verimlili\u011fini optimize etmek i\u00e7in anot se\u00e7imi \u00f6nemli bir rol oynar. DNV veya denk standartlar\u0131n y\u00f6nergelerine uygun olarak uzun ince stand-off anotlar\u0131n se\u00e7imi, kurbanl\u0131k anot KK sisteminin etkinli\u011fini art\u0131rabilir. Bu anotlar, daha y\u00fcksek ak\u0131m \u00e7\u0131k\u0131\u015f\u0131 ve kaz\u0131klar i\u00e7in geli\u015ftirilmi\u015f korozyon korumas\u0131 sa\u011flayan daha y\u00fcksek y\u00fczey alan\u0131\/a\u011f\u0131rl\u0131k oran\u0131na sahiptir.<\/p>\n<\/div><\/div><\/div><\/div><div class=\"wpb_column vc_column_container\"><div class=\"vc_column-inner\"><div class=\"w-image align_center\"><div class=\"w-image-h\"><img decoding=\"async\" width=\"1024\" height=\"574\" src=\"https:\/\/aion-pro.com\/wp-content\/uploads\/2023\/07\/BRIDGE_SHAFTS_07-1024x574.jpg\" class=\"attachment-large size-large\" alt=\"\" loading=\"lazy\" srcset=\"https:\/\/aion-pro.com\/wp-content\/uploads\/2023\/07\/BRIDGE_SHAFTS_07-1024x574.jpg 1024w, https:\/\/aion-pro.com\/wp-content\/uploads\/2023\/07\/BRIDGE_SHAFTS_07-300x168.jpg 300w, https:\/\/aion-pro.com\/wp-content\/uploads\/2023\/07\/BRIDGE_SHAFTS_07-1536x861.jpg 1536w, https:\/\/aion-pro.com\/wp-content\/uploads\/2023\/07\/BRIDGE_SHAFTS_07.jpg 1920w\" sizes=\"auto, (max-width: 1024px) 100vw, 1024px\" \/><\/div><\/div><\/div><\/div><\/div><\/div><\/div><\/div><\/div><\/section>\n","protected":false},"excerpt":{"rendered":"DAKKGALVAN\u0130KK\u00f6pr\u00fc temellerinde bulunan metalik \u015faftlar\u0131n katodik koruma sistemi, ayn\u0131 iskele ve limanlardaki kaz\u0131klarda oldu\u011fu gibi iki y\u00f6ntemle yap\u0131l\u0131r. Bir, d\u0131\u015f ak\u0131m kaynakl\u0131 katodik koruma sistemi ve di\u011feri ise galvanik anotlu katodik koruma sistemidir. Maliyet-Etkinlik de\u011ferlendirmesi i\u00e7in \u201c\u0130skele ve Limanlar\u201d adl\u0131 ba\u015fl\u0131\u011fa bakabilirsiniz. DAKK D\u0131\u015f Ak\u0131m Kaynakl\u0131 Katodik Koruma Sistemi Titanyum anotlar, deniz ortamlar\u0131nda DAKK (D\u0131\u015f...","protected":false},"author":1,"featured_media":8279,"parent":0,"menu_order":0,"comment_status":"closed","ping_status":"closed","template":"","meta":{"_acf_changed":false,"footnotes":""},"class_list":["post-8379","page","type-page","status-publish","has-post-thumbnail","hentry"],"acf":[],"_links":{"self":[{"href":"https:\/\/aion-pro.com\/tr\/wp-json\/wp\/v2\/pages\/8379","targetHints":{"allow":["GET"]}}],"collection":[{"href":"https:\/\/aion-pro.com\/tr\/wp-json\/wp\/v2\/pages"}],"about":[{"href":"https:\/\/aion-pro.com\/tr\/wp-json\/wp\/v2\/types\/page"}],"author":[{"embeddable":true,"href":"https:\/\/aion-pro.com\/tr\/wp-json\/wp\/v2\/users\/1"}],"replies":[{"embeddable":true,"href":"https:\/\/aion-pro.com\/tr\/wp-json\/wp\/v2\/comments?post=8379"}],"version-history":[{"count":2,"href":"https:\/\/aion-pro.com\/tr\/wp-json\/wp\/v2\/pages\/8379\/revisions"}],"predecessor-version":[{"id":8381,"href":"https:\/\/aion-pro.com\/tr\/wp-json\/wp\/v2\/pages\/8379\/revisions\/8381"}],"wp:featuredmedia":[{"embeddable":true,"href":"https:\/\/aion-pro.com\/tr\/wp-json\/wp\/v2\/media\/8279"}],"wp:attachment":[{"href":"https:\/\/aion-pro.com\/tr\/wp-json\/wp\/v2\/media?parent=8379"}],"curies":[{"name":"wp","href":"https:\/\/api.w.org\/{rel}","templated":true}]}}