{"id":8386,"date":"2023-07-24T16:32:34","date_gmt":"2023-07-24T13:32:34","guid":{"rendered":"https:\/\/aion-pro.com\/about-us\/"},"modified":"2025-04-21T11:30:01","modified_gmt":"2025-04-21T08:30:01","slug":"hakkimizda","status":"publish","type":"page","link":"https:\/\/aion-pro.com\/tr\/hakkimizda\/","title":{"rendered":"HAKKIMIZDA"},"content":{"rendered":"<section class=\"l-section wpb_row height_custom full_height valign_center with_img\"><div class=\"l-section-img\" role=\"img\" data-img-width=\"1920\" data-img-height=\"1076\" style=\"background-image: url(https:\/\/aion-pro.com\/wp-content\/uploads\/2023\/07\/about-head-1.jpg);\"><\/div><div class=\"l-section-h i-cf\"><div class=\"g-cols vc_row via_grid cols_1 laptops-cols_inherit tablets-cols_inherit mobiles-cols_1 valign_middle type_default stacking_default\"><div class=\"wpb_column vc_column_container\"><div class=\"vc_column-inner\"><h1 class=\"w-post-elm post_title us_custom_ed05b3dd has_text_color align_center entry-title color_link_inherit\">HAKKIMIZDA<\/h1><\/div><\/div><\/div><\/div><\/section><section class=\"l-section wpb_row height_auto width_full\"><div class=\"l-section-h i-cf\"><div class=\"g-cols vc_row via_grid cols_1 laptops-cols_inherit tablets-cols_inherit mobiles-cols_1 valign_top type_default stacking_default\"><div class=\"wpb_column vc_column_container\"><div class=\"vc_column-inner\"><div class=\"w-iconbox us_custom_6ecc4083 iconpos_top style_default color_custom align_right no_text no_title\"><a href=\"#down\" class=\"w-iconbox-link\" aria-label=\"fas|chevron-double-down\"><div class=\"w-iconbox-icon\" style=\"font-size:2rem;--icon-color:#ffffff;\"><i class=\"fas fa-chevron-double-down\"><\/i><\/div><\/a><div class=\"w-iconbox-meta\"><\/div><\/div><\/div><\/div><\/div><\/div><\/section><section class=\"l-section wpb_row height_custom\" id=\"down\"><div class=\"l-section-h i-cf\"><div class=\"g-cols vc_row via_grid cols_1 laptops-cols_inherit tablets-cols_inherit mobiles-cols_1 valign_top type_default stacking_default\"><div class=\"wpb_column vc_column_container\"><div class=\"vc_column-inner\"><div class=\"g-cols wpb_row via_grid cols_2 laptops-cols_inherit tablets-cols_inherit mobiles-cols_1 valign_top type_default stacking_default\" style=\"--columns-gap:3rem;\"><div class=\"wpb_column vc_column_container\"><div class=\"vc_column-inner\"><div class=\"wpb_text_column\"><div class=\"wpb_wrapper\"><h2>NE YAPIYORUZ?<\/h2>\n<\/div><\/div><div class=\"w-separator size_small\"><\/div><div class=\"wpb_text_column\"><div class=\"wpb_wrapper\"><p style=\"text-align: justify;\">Uzmanl\u0131k alan\u0131m\u0131z, katodik koruma ve korozyon \u00f6nleme sistemlerinin tasarlanmas\u0131, geli\u015ftirilmesi ve uygulanmas\u0131nda bulunmakt\u0131r. Uzman ekibimiz, konu teknolojileri, tecr\u00fcbeyi ve m\u00fc\u015fteri odakl\u0131 bir yakla\u015f\u0131m\u0131 birle\u015ftirerek, korozyon alan\u0131nda \u00e7\u00f6z\u00fcmler sunmaktad\u0131r. Mevcut sistem et\u00fcd\u00fcnden yeni sistem dizayn\u0131na, saha montaj\u0131ndan malzeme teminine kadar bir \u00e7ok alanda hizmet veriyoruz.<\/p>\n<\/div><\/div><\/div><\/div><div class=\"wpb_column vc_column_container\"><div class=\"vc_column-inner\"><div class=\"w-video align_none ratio_16x9 with_overlay has_iframe\" style=\"background-image:url(https:\/\/aion-pro.com\/wp-content\/uploads\/2023\/07\/about-head.jpg);\" onclick=\"return {&quot;player_id&quot;:&quot;youtube-v4ae&quot;,&quot;player_api&quot;:&quot;\\\/\\\/www.youtube.com\\\/player_api&quot;,&quot;player_html&quot;:&quot;&lt;div id=\\&quot;youtube-v4ae\\&quot;&gt;&lt;\\\/div&gt;&lt;script&gt;\\r\\n\\t\\t\\twindow.USYTPlayers = ( window.USYTPlayers || { initYTFunctions: [], optionsYT: [], USYTInited: false } );\\r\\n\\t\\t\\twindow.USYTPlayers.optionsYT.push( {\\r\\n\\t\\t\\t\\tplayerID: \\&quot;youtube-v4ae\\&quot;,\\r\\n\\t\\t\\t\\tvideoID: \\&quot;GE-FTSWGJKQ\\&quot;,\\r\\n\\t\\t\\t\\tplayerVars: {\\&quot;autoplay\\&quot;:1,\\&quot;controls\\&quot;:1,\\&quot;origin\\&quot;:\\&quot;https:\\\\\\\/\\\\\\\/aion-pro.com\\\\\\\/tr\\\\\\\/\\&quot;,\\&quot;loop\\&quot;:0,\\&quot;mute\\&quot;:0,\\&quot;playlist\\&quot;:\\&quot;GE-FTSWGJKQ\\&quot;}\\r\\n\\t\\t\\t} );\\r\\n\\t\\t\\tif ( window.USYTPlayers.USYTInited === false ) {\\r\\n\\t\\t\\t\\t\\\/\\\/ Trying to override other possible WP YT API calls if our element is used\\r\\n\\t\\t\\t\\twindow.USYTPlayers.USYTInited = true;\\r\\n\\r\\n\\t\\t\\t\\twindow.onYouTubePlayerAPIReady = function() {\\r\\n\\t\\t\\t\\t\\tfor ( var i in window.USYTPlayers.optionsYT ) {\\r\\n\\t\\t\\t\\t\\t\\tvar _playerParams = window.USYTPlayers.optionsYT[ i ];\\r\\n\\t\\t\\t\\t\\t\\t$us.YTPlayers[ _playerParams.playerID ] = new YT.Player( _playerParams.playerID, {\\r\\n\\t\\t\\t\\t\\t\\t\\tvideoId: _playerParams.videoID,\\r\\n\\t\\t\\t\\t\\t\\t\\tplayerVars: _playerParams.playerVars\\r\\n\\t\\t\\t\\t\\t\\t} );\\r\\n\\t\\t\\t\\t\\t}\\r\\n\\t\\t\\t\\t}\\r\\n\\t\\t\\t}\\r\\n\\t\\t\\tif ( !!window.YT ) {\\r\\n\\t\\t\\t\\t$us.YTPlayers[\\&quot;youtube-v4ae\\&quot;] = new YT.Player( \\&quot;youtube-v4ae\\&quot;, {\\r\\n\\t\\t\\t\\t\\tvideoId: \\&quot;GE-FTSWGJKQ\\&quot;,\\r\\n\\t\\t\\t\\t\\tplayerVars: {\\&quot;autoplay\\&quot;:1,\\&quot;controls\\&quot;:1,\\&quot;origin\\&quot;:\\&quot;https:\\\\\\\/\\\\\\\/aion-pro.com\\\\\\\/tr\\\\\\\/\\&quot;,\\&quot;loop\\&quot;:0,\\&quot;mute\\&quot;:0,\\&quot;playlist\\&quot;:\\&quot;GE-FTSWGJKQ\\&quot;}\\r\\n\\t\\t\\t\\t} );\\r\\n\\t\\t\\t}\\r\\n\\t\\t&lt;\\\/script&gt;&quot;}\"><div class=\"w-video-h\"><\/div><div class=\"w-video-icon\" style=\"font-size:1.5rem;background:rgba(0,0,0,0.5);color:#ffffff\"><\/div><\/div><\/div><\/div><\/div><\/div><\/div><\/div><\/div><\/section><section class=\"l-section wpb_row us_custom_bab858a3 height_custom\"><div class=\"l-section-h i-cf\"><div class=\"g-cols vc_row via_grid cols_2 laptops-cols_inherit tablets-cols_inherit mobiles-cols_1 valign_top type_default stacking_default\"><div class=\"wpb_column vc_column_container us_custom_02bd14f6 has_bg_color\"><div class=\"vc_column-inner\"><div class=\"wpb_text_column us_custom_6df4bc3a has_text_color\"><div class=\"wpb_wrapper\"><h2>M\u0130SYONUMUZ<\/h2>\n<\/div><\/div><div class=\"w-separator size_small\"><\/div><div class=\"wpb_text_column us_custom_6df4bc3a has_text_color\"><div class=\"wpb_wrapper\"><p class=\"\" data-start=\"0\" data-end=\"213\">At Aion\u2019da birincil hedefimiz, her m\u00fc\u015fterimizin ihtiya\u00e7lar\u0131na \u00f6zel, anahtar teslim katodik koruma tasar\u0131mlar\u0131 sunmakt\u0131r. Tasar\u0131m \u00f6mr\u00fcn\u00fc a\u015fm\u0131\u015f yap\u0131lar\u0131 canland\u0131rarak hizmet \u00f6mr\u00fcn\u00fc 10 ila 50 y\u0131l aras\u0131nda uzat\u0131yoruz.<\/p>\n<p class=\"\" data-start=\"215\" data-end=\"408\"><strong data-start=\"215\" data-end=\"230\">Misyonumuz:<\/strong> Kritik altyap\u0131y\u0131 \u00fcst\u00fcn katodik koruma \u00e7\u00f6z\u00fcmleri ile koruyarak m\u00fc\u015fterilerimizin bak\u0131m maliyetlerini d\u00fc\u015f\u00fcrmek, i\u015fletme verimlili\u011fini art\u0131rmak ve uzun vadeli g\u00fcvenilirlik sa\u011flamak.<\/p>\n<p class=\"\" data-start=\"410\" data-end=\"427\"><strong data-start=\"410\" data-end=\"425\">Neden Aion?<\/strong><\/p>\n<ul data-start=\"428\" data-end=\"1231\">\n<li class=\"\" data-start=\"428\" data-end=\"607\">\n<p class=\"\" data-start=\"430\" data-end=\"607\"><strong data-start=\"430\" data-end=\"446\">Uzman Kadro:<\/strong> NACE\/AMPP CP2, CP3 ve CP4 sertifikal\u0131 m\u00fchendis ve teknisyenlerimiz, tasar\u0131m, montaj ve devreye alma s\u00fcre\u00e7lerinde en \u00fcst d\u00fczey teknik yeterlili\u011fi garanti eder.<\/p>\n<\/li>\n<li class=\"\" data-start=\"608\" data-end=\"854\">\n<p class=\"\" data-start=\"610\" data-end=\"854\"><strong data-start=\"610\" data-end=\"632\">Kalite &amp; Uygunluk:<\/strong> ISO\u00a09001 (Kalite Y\u00f6netimi), ISO\u00a010002 (M\u00fc\u015fteri Memnuniyeti), ISO\u00a014001 (\u00c7evre Y\u00f6netimi), ISO\u00a031000 (Risk Y\u00f6netimi) ve ISO\u00a045001 (\u0130\u015f Sa\u011fl\u0131\u011f\u0131 ve G\u00fcvenli\u011fi) sertifikalar\u0131m\u0131zla s\u00fcre\u00e7lerimiz s\u00fcrekli izlenir ve iyile\u015ftirilir.<\/p>\n<\/li>\n<li class=\"\" data-start=\"855\" data-end=\"1011\">\n<p class=\"\" data-start=\"857\" data-end=\"1011\"><strong data-start=\"857\" data-end=\"880\">Kapsaml\u0131 Hizmetler:<\/strong> Saha ke\u015ffinden malzeme \u00fcretimine, kurulumdan izleme ve bak\u0131ma kadar t\u00fcm a\u015famalarda u\u00e7tan uca katodik koruma \u00e7\u00f6z\u00fcmleri sunuyoruz.<\/p>\n<\/li>\n<li class=\"\" data-start=\"1012\" data-end=\"1231\">\n<p class=\"\" data-start=\"1014\" data-end=\"1231\"><strong data-start=\"1014\" data-end=\"1037\">Kan\u0131tlanm\u0131\u015f Ba\u015far\u0131:<\/strong> Petrol &amp; gaz, su da\u011f\u0131t\u0131m, deniz yap\u0131lar\u0131 ve altyap\u0131 projelerinde onlarca y\u0131ll\u0131k tecr\u00fcbemiz, varl\u0131k \u00f6mr\u00fcn\u00fc uzatmada ve ya\u015fam d\u00f6ng\u00fcs\u00fc maliyetlerini optimize etmede g\u00fcvenilirli\u011fimizi ortaya koymaktad\u0131r.<\/p>\n<\/li>\n<\/ul>\n<p class=\"\" data-start=\"1233\" data-end=\"1361\">Aion\u2019da yaln\u0131zca sistem kurmuyor, \u00f6m\u00fcr m\u00fchendisli\u011fi yap\u0131yoruz. Kritik varl\u0131klar\u0131n\u0131z\u0131n gelece\u011fini birlikte g\u00fcvence alt\u0131na alal\u0131m.<\/p>\n<\/div><\/div><\/div><\/div><div class=\"wpb_column vc_column_container us_custom_27b302e4 has_bg_color\"><div class=\"vc_column-inner\"><div class=\"wpb_text_column us_custom_6df4bc3a has_text_color\"><div class=\"wpb_wrapper\"><h2>V\u0130ZYONUMUZ<\/h2>\n<\/div><\/div><div class=\"w-separator size_small\"><\/div><div class=\"wpb_text_column us_custom_6df4bc3a has_text_color\"><div class=\"wpb_wrapper\"><p style=\"text-align: justify;\">Vizyonumuz hizmetlerimizin \u00f6tesine ge\u00e7er. \u00c7evresel sorumluluk ve s\u00fcrd\u00fcr\u00fclebilirli\u011fe kendimizi adad\u0131k. \u00c7evreye olan etkiyi en aza indirmeye ve ayn\u0131 zamanda altyap\u0131 varl\u0131klar\u0131n\u0131 etkili bir \u015fekilde korumaya gayret ediyoruz. \u00c7evre dostu uygulamalara ve do\u011fal kaynaklar\u0131n korunmas\u0131na odaklanarak, gelecek nesiller i\u00e7in daha iyi ve daha s\u00fcrd\u00fcr\u00fclebilir bir gelece\u011fe katk\u0131 sa\u011flamay\u0131 ama\u00e7l\u0131yoruz.<\/p>\n<\/div><\/div><\/div><\/div><\/div><\/div><\/section><section class=\"l-section wpb_row height_custom\"><div class=\"l-section-h i-cf\"><div class=\"g-cols vc_row via_grid cols_1 laptops-cols_inherit tablets-cols_inherit mobiles-cols_1 valign_top type_default stacking_default\"><div class=\"wpb_column vc_column_container\"><div class=\"vc_column-inner\"><div class=\"wpb_text_column\"><div class=\"wpb_wrapper\"><h2>SERT\u0130F\u0130KALARIMIZ<\/h2>\n<\/div><\/div><div class=\"w-separator size_small\"><\/div><div class=\"g-cols wpb_row via_grid cols_3 laptops-cols_inherit tablets-cols_inherit mobiles-cols_1 valign_top type_default stacking_default\" style=\"--columns-gap:3rem;\"><div class=\"wpb_column vc_column_container\"><div class=\"vc_column-inner\"><div class=\"w-image align_none\"><div class=\"w-image-h\"><img decoding=\"async\" width=\"1024\" height=\"791\" src=\"https:\/\/aion-pro.com\/wp-content\/uploads\/2025\/04\/cp4-1024x791.png\" class=\"attachment-large size-large\" alt=\"\" loading=\"lazy\" srcset=\"https:\/\/aion-pro.com\/wp-content\/uploads\/2025\/04\/cp4-1024x791.png 1024w, https:\/\/aion-pro.com\/wp-content\/uploads\/2025\/04\/cp4-300x232.png 300w, https:\/\/aion-pro.com\/wp-content\/uploads\/2025\/04\/cp4.png 1364w\" sizes=\"auto, (max-width: 1024px) 100vw, 1024px\" \/><\/div><\/div><div class=\"w-image align_none\"><div class=\"w-image-h\"><img decoding=\"async\" width=\"723\" height=\"1024\" src=\"https:\/\/aion-pro.com\/wp-content\/uploads\/2025\/04\/ISO_9001-723x1024.png\" class=\"attachment-large size-large\" alt=\"\" loading=\"lazy\" srcset=\"https:\/\/aion-pro.com\/wp-content\/uploads\/2025\/04\/ISO_9001-723x1024.png 723w, https:\/\/aion-pro.com\/wp-content\/uploads\/2025\/04\/ISO_9001-212x300.png 212w, https:\/\/aion-pro.com\/wp-content\/uploads\/2025\/04\/ISO_9001.png 907w\" sizes=\"auto, (max-width: 723px) 100vw, 723px\" \/><\/div><\/div><div class=\"w-image align_none\"><div class=\"w-image-h\"><img decoding=\"async\" width=\"726\" height=\"1024\" src=\"https:\/\/aion-pro.com\/wp-content\/uploads\/2025\/04\/ISO_31000-726x1024.png\" class=\"attachment-large size-large\" alt=\"\" loading=\"lazy\" srcset=\"https:\/\/aion-pro.com\/wp-content\/uploads\/2025\/04\/ISO_31000-726x1024.png 726w, https:\/\/aion-pro.com\/wp-content\/uploads\/2025\/04\/ISO_31000-213x300.png 213w, https:\/\/aion-pro.com\/wp-content\/uploads\/2025\/04\/ISO_31000.png 910w\" sizes=\"auto, (max-width: 726px) 100vw, 726px\" \/><\/div><\/div><\/div><\/div><div class=\"wpb_column vc_column_container\"><div class=\"vc_column-inner\"><div class=\"w-image align_center\"><a ref=\"magnificPopup\" href=\"https:\/\/aion-pro.com\/wp-content\/uploads\/2023\/07\/cer-05.jpg\" aria-label=\"cer-05\" class=\"w-image-h\"><img decoding=\"async\" width=\"1024\" height=\"730\" src=\"https:\/\/aion-pro.com\/wp-content\/uploads\/2023\/07\/cer-05-1024x730.jpg\" class=\"attachment-large size-large\" alt=\"\" loading=\"lazy\" srcset=\"https:\/\/aion-pro.com\/wp-content\/uploads\/2023\/07\/cer-05-1024x730.jpg 1024w, https:\/\/aion-pro.com\/wp-content\/uploads\/2023\/07\/cer-05-300x214.jpg 300w, https:\/\/aion-pro.com\/wp-content\/uploads\/2023\/07\/cer-05.jpg 1464w\" sizes=\"auto, (max-width: 1024px) 100vw, 1024px\" \/><\/a><\/div><div class=\"w-image align_none\"><div class=\"w-image-h\"><img decoding=\"async\" width=\"724\" height=\"1024\" src=\"https:\/\/aion-pro.com\/wp-content\/uploads\/2025\/04\/ISO_10002-724x1024.png\" class=\"attachment-large size-large\" alt=\"\" loading=\"lazy\" srcset=\"https:\/\/aion-pro.com\/wp-content\/uploads\/2025\/04\/ISO_10002-724x1024.png 724w, https:\/\/aion-pro.com\/wp-content\/uploads\/2025\/04\/ISO_10002-212x300.png 212w, https:\/\/aion-pro.com\/wp-content\/uploads\/2025\/04\/ISO_10002.png 909w\" sizes=\"auto, (max-width: 724px) 100vw, 724px\" \/><\/div><\/div><div class=\"w-image align_none\"><div class=\"w-image-h\"><img decoding=\"async\" width=\"724\" height=\"1024\" src=\"https:\/\/aion-pro.com\/wp-content\/uploads\/2025\/04\/ISO_45001-724x1024.png\" class=\"attachment-large size-large\" alt=\"\" loading=\"lazy\" srcset=\"https:\/\/aion-pro.com\/wp-content\/uploads\/2025\/04\/ISO_45001-724x1024.png 724w, https:\/\/aion-pro.com\/wp-content\/uploads\/2025\/04\/ISO_45001-212x300.png 212w, https:\/\/aion-pro.com\/wp-content\/uploads\/2025\/04\/ISO_45001.png 908w\" sizes=\"auto, (max-width: 724px) 100vw, 724px\" \/><\/div><\/div><\/div><\/div><div class=\"wpb_column vc_column_container\"><div class=\"vc_column-inner\"><div class=\"w-image align_center\"><a ref=\"magnificPopup\" href=\"https:\/\/aion-pro.com\/wp-content\/uploads\/2023\/07\/cer-06.jpg\" aria-label=\"cer-06\" class=\"w-image-h\"><img decoding=\"async\" width=\"1024\" height=\"730\" src=\"https:\/\/aion-pro.com\/wp-content\/uploads\/2023\/07\/cer-06-1024x730.jpg\" class=\"attachment-large size-large\" alt=\"\" loading=\"lazy\" srcset=\"https:\/\/aion-pro.com\/wp-content\/uploads\/2023\/07\/cer-06-1024x730.jpg 1024w, https:\/\/aion-pro.com\/wp-content\/uploads\/2023\/07\/cer-06-300x214.jpg 300w, https:\/\/aion-pro.com\/wp-content\/uploads\/2023\/07\/cer-06.jpg 1464w\" sizes=\"auto, (max-width: 1024px) 100vw, 1024px\" \/><\/a><\/div><div class=\"w-image align_none\"><div class=\"w-image-h\"><img decoding=\"async\" width=\"725\" height=\"1024\" src=\"https:\/\/aion-pro.com\/wp-content\/uploads\/2025\/04\/ISO_14001-725x1024.png\" class=\"attachment-large size-large\" alt=\"\" loading=\"lazy\" srcset=\"https:\/\/aion-pro.com\/wp-content\/uploads\/2025\/04\/ISO_14001-725x1024.png 725w, https:\/\/aion-pro.com\/wp-content\/uploads\/2025\/04\/ISO_14001-212x300.png 212w, https:\/\/aion-pro.com\/wp-content\/uploads\/2025\/04\/ISO_14001.png 909w\" sizes=\"auto, (max-width: 725px) 100vw, 725px\" \/><\/div><\/div><\/div><\/div><\/div><\/div><\/div><\/div><\/div><\/section>\n","protected":false},"excerpt":{"rendered":"HAKKIMIZDANE YAPIYORUZ? Uzmanl\u0131k alan\u0131m\u0131z, katodik koruma ve korozyon \u00f6nleme sistemlerinin tasarlanmas\u0131, geli\u015ftirilmesi ve uygulanmas\u0131nda bulunmakt\u0131r. Uzman ekibimiz, konu teknolojileri, tecr\u00fcbeyi ve m\u00fc\u015fteri odakl\u0131 bir yakla\u015f\u0131m\u0131 birle\u015ftirerek, korozyon alan\u0131nda \u00e7\u00f6z\u00fcmler sunmaktad\u0131r. Mevcut sistem et\u00fcd\u00fcnden yeni sistem dizayn\u0131na, saha montaj\u0131ndan malzeme teminine kadar bir \u00e7ok alanda hizmet veriyoruz. M\u0130SYONUMUZ At Aion\u2019da birincil hedefimiz, her m\u00fc\u015fterimizin ihtiya\u00e7lar\u0131na \u00f6zel,...","protected":false},"author":1,"featured_media":0,"parent":0,"menu_order":0,"comment_status":"closed","ping_status":"closed","template":"","meta":{"_acf_changed":false,"footnotes":""},"class_list":["post-8386","page","type-page","status-publish","hentry"],"acf":[],"_links":{"self":[{"href":"https:\/\/aion-pro.com\/tr\/wp-json\/wp\/v2\/pages\/8386","targetHints":{"allow":["GET"]}}],"collection":[{"href":"https:\/\/aion-pro.com\/tr\/wp-json\/wp\/v2\/pages"}],"about":[{"href":"https:\/\/aion-pro.com\/tr\/wp-json\/wp\/v2\/types\/page"}],"author":[{"embeddable":true,"href":"https:\/\/aion-pro.com\/tr\/wp-json\/wp\/v2\/users\/1"}],"replies":[{"embeddable":true,"href":"https:\/\/aion-pro.com\/tr\/wp-json\/wp\/v2\/comments?post=8386"}],"version-history":[{"count":9,"href":"https:\/\/aion-pro.com\/tr\/wp-json\/wp\/v2\/pages\/8386\/revisions"}],"predecessor-version":[{"id":8663,"href":"https:\/\/aion-pro.com\/tr\/wp-json\/wp\/v2\/pages\/8386\/revisions\/8663"}],"wp:attachment":[{"href":"https:\/\/aion-pro.com\/tr\/wp-json\/wp\/v2\/media?parent=8386"}],"curies":[{"name":"wp","href":"https:\/\/api.w.org\/{rel}","templated":true}]}}