{"id":8610,"date":"2025-03-26T14:11:29","date_gmt":"2025-03-26T11:11:29","guid":{"rendered":"https:\/\/aion-pro.com\/tools\/"},"modified":"2025-03-26T14:37:30","modified_gmt":"2025-03-26T11:37:30","slug":"araclar","status":"publish","type":"page","link":"https:\/\/aion-pro.com\/tr\/araclar\/","title":{"rendered":"ARA\u00c7LAR"},"content":{"rendered":"<section class=\"l-section wpb_row height_custom\" id=\"first\"><div class=\"l-section-h i-cf\"><div class=\"g-cols vc_row via_grid cols_1 laptops-cols_inherit tablets-cols_inherit mobiles-cols_1 valign_top type_default stacking_default\"><div class=\"wpb_column vc_column_container\"><div class=\"vc_column-inner\"><div class=\"wpb_text_column\"><div class=\"wpb_wrapper\"><h2>ARA\u00c7LAR<\/h2>\n<\/div><\/div><div class=\"w-separator size_small\"><\/div><div class=\"wpb_text_column\"><div class=\"wpb_wrapper\"><p class=\"whitespace-pre-wrap break-words\">Bu, korozyon \u00f6nleme profesyonelleri i\u00e7in \u00f6zel web tabanl\u0131 ara\u00e7lar sa\u011flayan kapsaml\u0131 bir platformdur. Platform \u015fu anda dokuz temel ara\u00e7 i\u00e7ermektedir:<\/p>\n<ol class=\"&#091;&amp;:not(:last-child)_ul&#093;:pb-1 &#091;&amp;:not(:last-child)_ol&#093;:pb-1 list-decimal space-y-1.5 pl-7\">\n<li class=\"whitespace-normal break-words\">Kaz\u0131k Anot Optimize Edici<\/li>\n<\/ol>\n<ul>\n<li style=\"list-style-type: none;\">\n<ul class=\"&#091;&amp;:not(:last-child)_ul&#093;:pb-1 &#091;&amp;:not(:last-child)_ol&#093;:pb-1 list-disc space-y-1.5 pl-7\">\n<li class=\"whitespace-normal break-words\">Genetik algoritmalar kullanarak katodik koruma sistemlerinde anot da\u011f\u0131l\u0131m\u0131n\u0131 optimize eder<\/li>\n<li class=\"whitespace-normal break-words\">Malzeme verimlili\u011fi ile kurulum karma\u015f\u0131kl\u0131\u011f\u0131n\u0131 dengeler<\/li>\n<li class=\"whitespace-normal break-words\">M\u00fchendislerin maliyet etkin koruma \u00e7\u00f6z\u00fcmleri tasarlamas\u0131na yard\u0131mc\u0131 olur<\/li>\n<\/ul>\n<\/li>\n<\/ul>\n<ol class=\"&#091;&amp;:not(:last-child)_ul&#093;:pb-1 &#091;&amp;:not(:last-child)_ol&#093;:pb-1 list-decimal space-y-1.5 pl-7\" start=\"2\">\n<li class=\"whitespace-normal break-words\">KP Sistem Se\u00e7im Arac\u0131<\/li>\n<\/ol>\n<ul>\n<li style=\"list-style-type: none;\">\n<ul class=\"&#091;&amp;:not(:last-child)_ul&#093;:pb-1 &#091;&amp;:not(:last-child)_ol&#093;:pb-1 list-disc space-y-1.5 pl-7\">\n<li class=\"whitespace-normal break-words\">M\u00fchendislere uygun katodik koruma sistemlerini se\u00e7mede k\u0131lavuzluk eder<\/li>\n<li class=\"whitespace-normal break-words\">Toprak \u00f6zdiren\u00e7 ve ak\u0131m gereksinimlerini analiz eder<\/li>\n<li class=\"whitespace-normal break-words\">Galvanik anotlar veya uygulanan ak\u0131m sistemleri aras\u0131nda karar vermeye yard\u0131mc\u0131 olur<\/li>\n<\/ul>\n<\/li>\n<\/ul>\n<ol class=\"&#091;&amp;:not(:last-child)_ul&#093;:pb-1 &#091;&amp;:not(:last-child)_ol&#093;:pb-1 list-decimal space-y-1.5 pl-7\" start=\"3\">\n<li class=\"whitespace-normal break-words\">Galvanik Anot Hesaplay\u0131c\u0131<\/li>\n<\/ol>\n<ul>\n<li style=\"list-style-type: none;\">\n<ul class=\"&#091;&amp;:not(:last-child)_ul&#093;:pb-1 &#091;&amp;:not(:last-child)_ol&#093;:pb-1 list-disc space-y-1.5 pl-7\">\n<li class=\"whitespace-normal break-words\">Gerekli galvanik anot say\u0131s\u0131n\u0131 hesaplar<\/li>\n<li class=\"whitespace-normal break-words\">Hem diren\u00e7 hem de kapasite bazl\u0131 gereksinimleri dikkate al\u0131r<\/li>\n<li class=\"whitespace-normal break-words\">G\u00fcvenilir koruma sistemleri tasarlamak i\u00e7in temel \u00f6neme sahiptir<\/li>\n<\/ul>\n<\/li>\n<\/ul>\n<ol class=\"&#091;&amp;:not(:last-child)_ul&#093;:pb-1 &#091;&amp;:not(:last-child)_ol&#093;:pb-1 list-decimal space-y-1.5 pl-7\" start=\"4\">\n<li class=\"whitespace-normal break-words\">Derin Kuyu Anot Hesaplay\u0131c\u0131<\/li>\n<\/ol>\n<ul>\n<li style=\"list-style-type: none;\">\n<ul class=\"&#091;&amp;:not(:last-child)_ul&#093;:pb-1 &#091;&amp;:not(:last-child)_ol&#093;:pb-1 list-disc space-y-1.5 pl-7\">\n<li class=\"whitespace-normal break-words\">Uzak toprak direncini hesaplar<\/li>\n<li class=\"whitespace-normal break-words\">Derin kuyu anot topraklama sistemi tasar\u0131m parametrelerini belirler<\/li>\n<li class=\"whitespace-normal break-words\">Aktif b\u00f6lge hesaplamalar\u0131, kablo gereksinimleri ve kok k\u0131r\u0131nt\u0131s\u0131 \u00f6zelliklerini i\u015fler<\/li>\n<\/ul>\n<\/li>\n<\/ul>\n<ol class=\"&#091;&amp;:not(:last-child)_ul&#093;:pb-1 &#091;&amp;:not(:last-child)_ol&#093;:pb-1 list-decimal space-y-1.5 pl-7\" start=\"5\">\n<li class=\"whitespace-normal break-words\">Anot Polarizasyon Sim\u00fclat\u00f6r\u00fc<\/li>\n<\/ol>\n<ul>\n<li style=\"list-style-type: none;\">\n<ul class=\"&#091;&amp;:not(:last-child)_ul&#093;:pb-1 &#091;&amp;:not(:last-child)_ol&#093;:pb-1 list-disc space-y-1.5 pl-7\">\n<li class=\"whitespace-normal break-words\">Potansiyel da\u011f\u0131l\u0131m\u0131n\u0131n 3D sim\u00fclasyonunu sa\u011flar<\/li>\n<li class=\"whitespace-normal break-words\">Koruma kapsam\u0131n\u0131 g\u00f6rselle\u015ftirir<\/li>\n<li class=\"whitespace-normal break-words\">Maksimum etkinlik i\u00e7in anot yerle\u015fimini optimize etmeye yard\u0131mc\u0131 olur<\/li>\n<\/ul>\n<\/li>\n<\/ul>\n<ol class=\"&#091;&amp;:not(:last-child)_ul&#093;:pb-1 &#091;&amp;:not(:last-child)_ol&#093;:pb-1 list-decimal space-y-1.5 pl-7\" start=\"6\">\n<li class=\"whitespace-normal break-words\">Tel\u00fcrik Ak\u0131m Sim\u00fclat\u00f6r\u00fc<\/li>\n<\/ol>\n<ul>\n<li style=\"list-style-type: none;\">\n<ul class=\"&#091;&amp;:not(:last-child)_ul&#093;:pb-1 &#091;&amp;:not(:last-child)_ol&#093;:pb-1 list-disc space-y-1.5 pl-7\">\n<li class=\"whitespace-normal break-words\">Boru hatt\u0131 sistemlerinde tel\u00fcrik ak\u0131m interferans\u0131n\u0131 analiz eder<\/li>\n<li class=\"whitespace-normal break-words\">Gerilim da\u011f\u0131l\u0131mlar\u0131n\u0131 hesaplar<\/li>\n<li class=\"whitespace-normal break-words\">\u0130nteraktif g\u00f6rselle\u015ftirme ile topraklama gereksinimlerini de\u011ferlendirir<\/li>\n<\/ul>\n<\/li>\n<\/ul>\n<ol class=\"&#091;&amp;:not(:last-child)_ul&#093;:pb-1 &#091;&amp;:not(:last-child)_ol&#093;:pb-1 list-decimal space-y-1.5 pl-7\" start=\"7\">\n<li class=\"whitespace-normal break-words\">Su Galvanik Hesaplay\u0131c\u0131<\/li>\n<\/ol>\n<ul>\n<li style=\"list-style-type: none;\">\n<ul class=\"&#091;&amp;:not(:last-child)_ul&#093;:pb-1 &#091;&amp;:not(:last-child)_ol&#093;:pb-1 list-disc space-y-1.5 pl-7\">\n<li class=\"whitespace-normal break-words\">Deniz yap\u0131lar\u0131 i\u00e7in \u00f6zelle\u015ftirilmi\u015ftir<\/li>\n<li class=\"whitespace-normal break-words\">Y\u00fczey alanlar\u0131n\u0131 ve koruma gereksinimlerini hesaplar<\/li>\n<li class=\"whitespace-normal break-words\">Deniz ortamlar\u0131 i\u00e7in anot a\u011f\u0131rl\u0131klar\u0131n\u0131 ve ak\u0131m gereksinimlerini belirler<\/li>\n<\/ul>\n<\/li>\n<\/ul>\n<ol class=\"&#091;&amp;:not(:last-child)_ul&#093;:pb-1 &#091;&amp;:not(:last-child)_ol&#093;:pb-1 list-decimal space-y-1.5 pl-7\" start=\"8\">\n<li class=\"whitespace-normal break-words\">Tank D\u0131\u015f Hesaplay\u0131c\u0131<\/li>\n<\/ol>\n<ul>\n<li style=\"list-style-type: none;\">\n<ul class=\"&#091;&amp;:not(:last-child)_ul&#093;:pb-1 &#091;&amp;:not(:last-child)_ol&#093;:pb-1 list-disc space-y-1.5 pl-7\">\n<li class=\"whitespace-normal break-words\">Tank alt koruma sistemlerine odaklan\u0131r<\/li>\n<li class=\"whitespace-normal break-words\">\u015eerit ve da\u011f\u0131t\u0131c\u0131 \u00e7ubuk uzunluklar\u0131n\u0131 hesaplar<\/li>\n<li class=\"whitespace-normal break-words\">Dik kiri\u015f y\u00f6ntemi kullanarak anot uzak toprak direncini belirler<\/li>\n<\/ul>\n<\/li>\n<\/ul>\n<ol class=\"&#091;&amp;:not(:last-child)_ul&#093;:pb-1 &#091;&amp;:not(:last-child)_ol&#093;:pb-1 list-decimal space-y-1.5 pl-7\" start=\"9\">\n<li class=\"whitespace-normal break-words\">Standart Bulucu<\/li>\n<\/ol>\n<ul>\n<li style=\"list-style-type: none;\">\n<ul class=\"&#091;&amp;:not(:last-child)_ul&#093;:pb-1 &#091;&amp;:not(:last-child)_ol&#093;:pb-1 list-disc space-y-1.5 pl-7\">\n<li class=\"whitespace-normal break-words\">End\u00fcstri standartlar\u0131 i\u00e7in AI destekli arama arac\u0131<\/li>\n<li class=\"whitespace-normal break-words\">\u0130lgili \u015fartnameleri ve teknik belgeleri bulmas\u0131na yard\u0131mc\u0131 olur<\/li>\n<li class=\"whitespace-normal break-words\">Uyumluluk ve dok\u00fcmantasyon s\u00fcre\u00e7lerini kolayla\u015ft\u0131r\u0131r<\/li>\n<\/ul>\n<\/li>\n<\/ul>\n<p class=\"whitespace-pre-wrap break-words\">Platform, interaktif g\u00f6rselle\u015ftirmeler i\u00e7in modern web teknolojileri kullan\u0131r ve bu profesyonel m\u00fchendislik ara\u00e7lar\u0131na g\u00fcvenli eri\u015fim sa\u011flamak i\u00e7in kullan\u0131c\u0131 kimlik do\u011frulamas\u0131 i\u00e7erir.<\/p>\n<\/div><\/div><div class=\"w-separator size_small\"><\/div><div class=\"w-btn-wrapper align_none\"><a class=\"w-btn us-btn-style_3\" target=\"_blank\" href=\"http:\/\/www.cathodicprotections.com\/\"><span class=\"w-btn-label\">Katodik Koruma Ara\u00e7lar\u0131na Y\u00f6nlendir<\/span><\/a><\/div><\/div><\/div><\/div><\/div><\/section>\n","protected":false},"excerpt":{"rendered":"ARA\u00c7LAR Bu, korozyon \u00f6nleme profesyonelleri i\u00e7in \u00f6zel web tabanl\u0131 ara\u00e7lar sa\u011flayan kapsaml\u0131 bir platformdur. Platform \u015fu anda dokuz temel ara\u00e7 i\u00e7ermektedir: Kaz\u0131k Anot Optimize Edici Genetik algoritmalar kullanarak katodik koruma sistemlerinde anot da\u011f\u0131l\u0131m\u0131n\u0131 optimize eder Malzeme verimlili\u011fi ile kurulum karma\u015f\u0131kl\u0131\u011f\u0131n\u0131 dengeler M\u00fchendislerin maliyet etkin koruma \u00e7\u00f6z\u00fcmleri tasarlamas\u0131na yard\u0131mc\u0131 olur KP Sistem Se\u00e7im Arac\u0131 M\u00fchendislere uygun...","protected":false},"author":1,"featured_media":8317,"parent":0,"menu_order":0,"comment_status":"closed","ping_status":"closed","template":"","meta":{"_acf_changed":false,"footnotes":""},"class_list":["post-8610","page","type-page","status-publish","has-post-thumbnail","hentry"],"acf":[],"_links":{"self":[{"href":"https:\/\/aion-pro.com\/tr\/wp-json\/wp\/v2\/pages\/8610","targetHints":{"allow":["GET"]}}],"collection":[{"href":"https:\/\/aion-pro.com\/tr\/wp-json\/wp\/v2\/pages"}],"about":[{"href":"https:\/\/aion-pro.com\/tr\/wp-json\/wp\/v2\/types\/page"}],"author":[{"embeddable":true,"href":"https:\/\/aion-pro.com\/tr\/wp-json\/wp\/v2\/users\/1"}],"replies":[{"embeddable":true,"href":"https:\/\/aion-pro.com\/tr\/wp-json\/wp\/v2\/comments?post=8610"}],"version-history":[{"count":5,"href":"https:\/\/aion-pro.com\/tr\/wp-json\/wp\/v2\/pages\/8610\/revisions"}],"predecessor-version":[{"id":8625,"href":"https:\/\/aion-pro.com\/tr\/wp-json\/wp\/v2\/pages\/8610\/revisions\/8625"}],"wp:featuredmedia":[{"embeddable":true,"href":"https:\/\/aion-pro.com\/tr\/wp-json\/wp\/v2\/media\/8317"}],"wp:attachment":[{"href":"https:\/\/aion-pro.com\/tr\/wp-json\/wp\/v2\/media?parent=8610"}],"curies":[{"name":"wp","href":"https:\/\/api.w.org\/{rel}","templated":true}]}}